{"id":961,"date":"2017-11-21T15:50:51","date_gmt":"2017-11-21T18:50:51","guid":{"rendered":"http:\/\/www.lagatasibilah.com\/?post_type=product&#038;p=961"},"modified":"2017-11-21T15:50:51","modified_gmt":"2017-11-21T18:50:51","slug":"el-simpatizante","status":"publish","type":"product","link":"https:\/\/www.lagatasibilah.com\/index.php\/product\/el-simpatizante\/","title":{"rendered":"El simpatizante"},"content":{"rendered":"","protected":false},"excerpt":{"rendered":"<p>Abril de 1975, Saig\u00f3n est\u00e1 sumida en el caos. Desde su mansi\u00f3n, el general del ej\u00e9rcito de Vietnam del Sur bebe whisky norteamericano mientras los disparos suenan cada vez m\u00e1s cerca y, con la ayuda de un capit\u00e1n de su m\u00e1xima confianza, prepara una lista con los nombres de aquellos que recibir\u00e1n un billete para los \u00faltimos aviones que salen del pa\u00eds. El general y sus compatriotas en breve comenzar\u00e1n una nueva vida en Los \u00c1ngeles sin sospechar que uno de ellos, el capit\u00e1n, observar\u00e1 en secreto e informar\u00e1 sobre las actividades del grupo a un superior del Viet Cong.<\/p>\n<p>En esta extraordinaria novela, Viet Thanh Nguyen nos introduce en la mente de este agente doble, un hombre cuyos nobles ideales le exigir\u00e1n que traicione a su gente m\u00e1s cercana. Una novela de esp\u00edas que atrapa al lector, una audaz exploraci\u00f3n del extremismo pol\u00edtico y una conmovedora historia de amor. El simpatizante recorre una vida entre dos mundos y analiza el legado de la guerra de Vietnam en la literatura y el cine, as\u00ed como las guerras que emprendemos en el presente.<\/p>\n<p>&nbsp;<\/p>\n<p><strong>Autor:<\/strong> Nguyen, Viet Thanh<br \/>\n<strong>Editorial:<\/strong> Seix Barral<br \/>\n<strong>N\u00famero de p\u00e1ginas:<\/strong> 480<br \/>\n<strong>Peso:<\/strong> 400 gramos<br \/>\n<strong>Formato:<\/strong> R\u00fastica<br \/>\n<strong>Edici\u00f3n:<\/strong> 2017<br \/>\n<strong>Idioma:<\/strong> Castellano<br \/>\n<strong>ISBN:<\/strong> 9789507319174<\/p>\n<p>&nbsp;<\/p>\n<p><strong>CONSULT\u00c1 PRECIO Y DISPONIBILIDAD A NUESTRO MAIL:<\/strong>\u00a0<a href=\"mailto:lagatasibilah@gmail.com\">lagatasibilah@gmail.com<\/a><\/p>\n<p>&nbsp;<\/p>\n","protected":false},"featured_media":940,"comment_status":"open","ping_status":"closed","template":"","meta":{"_acf_changed":false},"product_brand":[],"product_cat":[30],"product_tag":[],"class_list":{"0":"post-961","1":"product","2":"type-product","3":"status-publish","4":"has-post-thumbnail","6":"product_cat-novela","8":"first","9":"instock","10":"shipping-taxable","11":"product-type-simple"},"acf":[],"jetpack_sharing_enabled":true,"_links":{"self":[{"href":"https:\/\/www.lagatasibilah.com\/index.php\/wp-json\/wp\/v2\/product\/961","targetHints":{"allow":["GET"]}}],"collection":[{"href":"https:\/\/www.lagatasibilah.com\/index.php\/wp-json\/wp\/v2\/product"}],"about":[{"href":"https:\/\/www.lagatasibilah.com\/index.php\/wp-json\/wp\/v2\/types\/product"}],"replies":[{"embeddable":true,"href":"https:\/\/www.lagatasibilah.com\/index.php\/wp-json\/wp\/v2\/comments?post=961"}],"wp:featuredmedia":[{"embeddable":true,"href":"https:\/\/www.lagatasibilah.com\/index.php\/wp-json\/wp\/v2\/media\/940"}],"wp:attachment":[{"href":"https:\/\/www.lagatasibilah.com\/index.php\/wp-json\/wp\/v2\/media?parent=961"}],"wp:term":[{"taxonomy":"product_brand","embeddable":true,"href":"https:\/\/www.lagatasibilah.com\/index.php\/wp-json\/wp\/v2\/product_brand?post=961"},{"taxonomy":"product_cat","embeddable":true,"href":"https:\/\/www.lagatasibilah.com\/index.php\/wp-json\/wp\/v2\/product_cat?post=961"},{"taxonomy":"product_tag","embeddable":true,"href":"https:\/\/www.lagatasibilah.com\/index.php\/wp-json\/wp\/v2\/product_tag?post=961"}],"curies":[{"name":"wp","href":"https:\/\/api.w.org\/{rel}","templated":true}]}}