{"id":960,"date":"2017-11-21T15:44:24","date_gmt":"2017-11-21T18:44:24","guid":{"rendered":"http:\/\/www.lagatasibilah.com\/?post_type=product&#038;p=960"},"modified":"2017-11-21T15:44:24","modified_gmt":"2017-11-21T18:44:24","slug":"palmeras-en-la-nieve","status":"publish","type":"product","link":"https:\/\/www.lagatasibilah.com\/index.php\/product\/palmeras-en-la-nieve\/","title":{"rendered":"Palmeras en la nieve"},"content":{"rendered":"","protected":false},"excerpt":{"rendered":"<p>En 1953, Kilian abandona la nieve de la monta\u00f1a oscense para iniciar junto con su hermano Jacobo el viaje de ida hacia una tierra desconocida, lejana y ex\u00f3tica, la isla de Fernando Poo. En las entra\u00f1as de este territorio exuberante y seductor, los espera su padre, un veterano de la finca Sampaka, el lugar donde se cultiva y tuesta uno de los mejores cacaos del mundo.<\/p>\n<p>En esa tierra eternamente verde, c\u00e1lida y voluptuosa, los j\u00f3venes hermanos descubren la ligereza de la vida social de la colonia en comparaci\u00f3n con una Espa\u00f1a encorsetada y gris; comparten el duro trabajo necesario para conseguir el cacao perfecto de la finca Sampaka; aprenden las diferencias y similitudes culturales entre colonos y aut\u00f3ctonos; y conocen el significado de la amistad, la pasi\u00f3n, el amor y el odio.<\/p>\n<p>Pero uno de ellos cruzar\u00e1 una l\u00ednea prohibida e invisible y se enamorar\u00e1 perdidamente de una nativa. Su amor por ella, enmarcado en unas complejas circunstancias hist\u00f3ricas, y el especial v\u00ednculo que se crea entre el colono y los oriundos de la isla transformar\u00e1n la relaci\u00f3n de los hermanos, cambiar\u00e1n el curso de sus vidas y ser\u00e1n el origen de un secreto cuyas consecuencias alcanzar\u00e1n el presente.<\/p>\n<p>En el a\u00f1o 2003, Clarence, hija y sobrina de ese par de hermanos, llevada por la curiosidad del que desea conocer sus or\u00edgenes, se zambulle en el ruinoso pasado que habitaron Kilian y Jacobo y descubre los hilos polvorientos de ese secreto que finalmente ser\u00e1 desentra\u00f1ado.<\/p>\n<p>&nbsp;<\/p>\n<p><strong>Autor:<\/strong> Gabas, Luz<br \/>\n<strong>Editorial:<\/strong> Planeta<br \/>\n<strong>N\u00famero de p\u00e1ginas:<\/strong> 736<br \/>\n<strong>Peso:<\/strong> 810 gramos<br \/>\n<strong>Formato:<\/strong> R\u00fastica<br \/>\n<strong>Edici\u00f3n:<\/strong> 2012<br \/>\n<strong>Idioma:<\/strong> Castellano<br \/>\n<strong>ISBN:<\/strong> 9789504929086<\/p>\n<p>&nbsp;<\/p>\n<p><strong>CONSULT\u00c1 PRECIO Y DISPONIBILIDAD A NUESTRO MAIL:<\/strong>\u00a0<a href=\"mailto:lagatasibilah@gmail.com\">lagatasibilah@gmail.com<\/a><\/p>\n<p>&nbsp;<\/p>\n","protected":false},"featured_media":939,"comment_status":"open","ping_status":"closed","template":"","meta":{"_acf_changed":false},"product_brand":[],"product_cat":[30],"product_tag":[56],"class_list":{"0":"post-960","1":"product","2":"type-product","3":"status-publish","4":"has-post-thumbnail","6":"product_cat-novela","7":"product_tag-novedades","9":"first","10":"instock","11":"shipping-taxable","12":"product-type-simple"},"acf":[],"jetpack_sharing_enabled":true,"_links":{"self":[{"href":"https:\/\/www.lagatasibilah.com\/index.php\/wp-json\/wp\/v2\/product\/960","targetHints":{"allow":["GET"]}}],"collection":[{"href":"https:\/\/www.lagatasibilah.com\/index.php\/wp-json\/wp\/v2\/product"}],"about":[{"href":"https:\/\/www.lagatasibilah.com\/index.php\/wp-json\/wp\/v2\/types\/product"}],"replies":[{"embeddable":true,"href":"https:\/\/www.lagatasibilah.com\/index.php\/wp-json\/wp\/v2\/comments?post=960"}],"wp:featuredmedia":[{"embeddable":true,"href":"https:\/\/www.lagatasibilah.com\/index.php\/wp-json\/wp\/v2\/media\/939"}],"wp:attachment":[{"href":"https:\/\/www.lagatasibilah.com\/index.php\/wp-json\/wp\/v2\/media?parent=960"}],"wp:term":[{"taxonomy":"product_brand","embeddable":true,"href":"https:\/\/www.lagatasibilah.com\/index.php\/wp-json\/wp\/v2\/product_brand?post=960"},{"taxonomy":"product_cat","embeddable":true,"href":"https:\/\/www.lagatasibilah.com\/index.php\/wp-json\/wp\/v2\/product_cat?post=960"},{"taxonomy":"product_tag","embeddable":true,"href":"https:\/\/www.lagatasibilah.com\/index.php\/wp-json\/wp\/v2\/product_tag?post=960"}],"curies":[{"name":"wp","href":"https:\/\/api.w.org\/{rel}","templated":true}]}}