{"id":959,"date":"2017-11-21T15:39:43","date_gmt":"2017-11-21T18:39:43","guid":{"rendered":"http:\/\/www.lagatasibilah.com\/?post_type=product&#038;p=959"},"modified":"2017-12-19T16:00:25","modified_gmt":"2017-12-19T19:00:25","slug":"rey-de-picas","status":"publish","type":"product","link":"https:\/\/www.lagatasibilah.com\/index.php\/product\/rey-de-picas\/","title":{"rendered":"Rey de picas"},"content":{"rendered":"","protected":false},"excerpt":{"rendered":"<p>Andrew J. Rush ha conseguido el aplauso del p\u00fablico y la cr\u00edtica, un \u00e9xito con el que sue\u00f1a la mayor\u00eda de los autores. Sus veintiocho novelas policiales han vendido millones de ejemplares en decenas de pa\u00edses, y cuenta con un poderoso agente y un editor brillante en Nueva York. Tambi\u00e9n tiene una esposa y tres hijos ya adultos, y es una gloria local en el pueblo de Nueva Jersey donde reside.<\/p>\n<p>Pero Rush esconde un oscuro secreto. Utilizando el pseud\u00f3nimo Rey de Picas, escribe otro tipo de novelas, violentas y espeluznantes: la clase de libros que el refinado Andrew nunca leer\u00eda y mucho menos escribir\u00eda.<\/p>\n<p>La vida perfecta se viene abajo cuando su hija encuentra una novela de Rey de Picas y comienza a hacer preguntas. Al mismo tiempo, Rush recibe una citaci\u00f3n judicial tras ser demandado por una mujer del pueblo que lo acusa de plagio. Mientras la reputaci\u00f3n, la familia y la carrera de Rush peligran, los pensamiento s de Rey de Picas se vuelven cada vez m\u00e1s perversos.<\/p>\n<p>&nbsp;<\/p>\n<p><strong>Autor:<\/strong> Oates, Joyce Carol<br \/>\n<strong>Editorial:<\/strong> Alfaguara<br \/>\n<strong>N\u00famero de p\u00e1ginas:<\/strong> 232<br \/>\n<strong>Peso:<\/strong> 280 gramos<br \/>\n<strong>Formato:<\/strong> R\u00fastica<br \/>\n<strong>Edici\u00f3n:<\/strong> 2017<br \/>\n<strong>Idioma:<\/strong> Castellano<br \/>\n<strong>ISBN:<\/strong> 9789877383447<\/p>\n<p>&nbsp;<\/p>\n<p><strong>CONSULT\u00c1 PRECIO Y DISPONIBILIDAD A NUESTRO MAIL:<\/strong>\u00a0<a href=\"mailto:lagatasibilah@gmail.com\">lagatasibilah@gmail.com<\/a><\/p>\n<p>&nbsp;<\/p>\n","protected":false},"featured_media":938,"comment_status":"open","ping_status":"closed","template":"","meta":{"_acf_changed":false},"product_brand":[],"product_cat":[30],"product_tag":[56],"class_list":{"0":"post-959","1":"product","2":"type-product","3":"status-publish","4":"has-post-thumbnail","6":"product_cat-novela","7":"product_tag-novedades","9":"first","10":"outofstock","11":"shipping-taxable","12":"product-type-simple"},"acf":[],"jetpack_sharing_enabled":true,"_links":{"self":[{"href":"https:\/\/www.lagatasibilah.com\/index.php\/wp-json\/wp\/v2\/product\/959","targetHints":{"allow":["GET"]}}],"collection":[{"href":"https:\/\/www.lagatasibilah.com\/index.php\/wp-json\/wp\/v2\/product"}],"about":[{"href":"https:\/\/www.lagatasibilah.com\/index.php\/wp-json\/wp\/v2\/types\/product"}],"replies":[{"embeddable":true,"href":"https:\/\/www.lagatasibilah.com\/index.php\/wp-json\/wp\/v2\/comments?post=959"}],"wp:featuredmedia":[{"embeddable":true,"href":"https:\/\/www.lagatasibilah.com\/index.php\/wp-json\/wp\/v2\/media\/938"}],"wp:attachment":[{"href":"https:\/\/www.lagatasibilah.com\/index.php\/wp-json\/wp\/v2\/media?parent=959"}],"wp:term":[{"taxonomy":"product_brand","embeddable":true,"href":"https:\/\/www.lagatasibilah.com\/index.php\/wp-json\/wp\/v2\/product_brand?post=959"},{"taxonomy":"product_cat","embeddable":true,"href":"https:\/\/www.lagatasibilah.com\/index.php\/wp-json\/wp\/v2\/product_cat?post=959"},{"taxonomy":"product_tag","embeddable":true,"href":"https:\/\/www.lagatasibilah.com\/index.php\/wp-json\/wp\/v2\/product_tag?post=959"}],"curies":[{"name":"wp","href":"https:\/\/api.w.org\/{rel}","templated":true}]}}