{"id":957,"date":"2017-11-21T15:34:40","date_gmt":"2017-11-21T18:34:40","guid":{"rendered":"http:\/\/www.lagatasibilah.com\/?post_type=product&#038;p=957"},"modified":"2017-11-21T15:34:40","modified_gmt":"2017-11-21T18:34:40","slug":"domingo","status":"publish","type":"product","link":"https:\/\/www.lagatasibilah.com\/index.php\/product\/domingo\/","title":{"rendered":"Domingo"},"content":{"rendered":"","protected":false},"excerpt":{"rendered":"<p>Desde la publicaci\u00f3n de David Golder, que marc\u00f3 el comienzo de su brillante carrera literaria, Ir\u00e8ne N\u00e9mirovsky concit\u00f3 la admiraci\u00f3n de los lectores por su lucidez y habilidad para captar las debilidades y flaquezas de la naturaleza humana. Este libro re\u00fane, por primera vez, quince historias que aparecieron originalmente en distintas revistas francesas entre 1934 y 1940, una selecci\u00f3n de su narrativa breve que atestigua el extraordinario talento para el retrato psicol\u00f3gico y social que N\u00e9mirovsky demostr\u00f3 desde muy joven, as\u00ed como su capacidad para condensar, con la m\u00e1xima sobriedad y eficacia, esos acontecimientos decisivos que pueden dar sentido a toda una vida.<\/p>\n<p>En el relato que da nombre a este volumen, una hija desaf\u00eda a su madre en el seno de una familia en la que imperan la falsedad y la hipocres\u00eda, un tema muy cercano a la autora, que lo abord\u00f3 de forma magistral en esa joya literaria que es El baile; en otro, se describe el despertar de la imaginaci\u00f3n novelesca de una adolescente de quince a\u00f1os en el contexto de las aldeas arrasadas durante la revoluci\u00f3n rusa; y en un tercero, se narran las relaciones entre unos hermanos y sus respectivos c\u00f3nyuges durante los d\u00edas y las noches que pasan reunidos junto al lecho de su anciana madre moribunda. Tres ejemplos en los que se vislumbran algunas claves de la vida de Ir\u00e8ne N\u00e9mirovsky: por una parte, los efectos de la guerra y el desarraigo; por otra, la petulancia y el engreimiento de la burgues\u00eda parisina, en cuyos salones la joven aspirante a escritora encontr\u00f3 la inspiraci\u00f3n para convertir en palabras esas ideas y emociones que al com\u00fan de las personas nos resultan ef\u00edmeras e inasibles.<\/p>\n<p>&nbsp;<\/p>\n<p><strong>Autor:<\/strong> N\u00e9mirovsky, Irene<br \/>\n<strong>Editorial:<\/strong> Salamandra<br \/>\n<strong>ISBN:<\/strong> 978-84-9838-783-4<br \/>\n<strong>N\u00famero de p\u00e1ginas:<\/strong> 352<br \/>\n<strong>Tipo de edici\u00f3n:<\/strong> R\u00fastica con solapas<br \/>\n<strong>Sello editorial:<\/strong> Narrativa<br \/>\n<strong>Colecci\u00f3n:<\/strong> Narrativa<\/p>\n<p>&nbsp;<\/p>\n<p><strong>CONSULT\u00c1 PRECIO Y DISPONIBILIDAD A NUESTRO MAIL:<\/strong>\u00a0<a href=\"mailto:lagatasibilah@gmail.com\">lagatasibilah@gmail.com<\/a><\/p>\n<p>&nbsp;<\/p>\n","protected":false},"featured_media":937,"comment_status":"open","ping_status":"closed","template":"","meta":{"_acf_changed":false},"product_brand":[],"product_cat":[30],"product_tag":[56],"class_list":{"0":"post-957","1":"product","2":"type-product","3":"status-publish","4":"has-post-thumbnail","6":"product_cat-novela","7":"product_tag-novedades","9":"first","10":"instock","11":"shipping-taxable","12":"product-type-simple"},"acf":[],"jetpack_sharing_enabled":true,"_links":{"self":[{"href":"https:\/\/www.lagatasibilah.com\/index.php\/wp-json\/wp\/v2\/product\/957","targetHints":{"allow":["GET"]}}],"collection":[{"href":"https:\/\/www.lagatasibilah.com\/index.php\/wp-json\/wp\/v2\/product"}],"about":[{"href":"https:\/\/www.lagatasibilah.com\/index.php\/wp-json\/wp\/v2\/types\/product"}],"replies":[{"embeddable":true,"href":"https:\/\/www.lagatasibilah.com\/index.php\/wp-json\/wp\/v2\/comments?post=957"}],"wp:featuredmedia":[{"embeddable":true,"href":"https:\/\/www.lagatasibilah.com\/index.php\/wp-json\/wp\/v2\/media\/937"}],"wp:attachment":[{"href":"https:\/\/www.lagatasibilah.com\/index.php\/wp-json\/wp\/v2\/media?parent=957"}],"wp:term":[{"taxonomy":"product_brand","embeddable":true,"href":"https:\/\/www.lagatasibilah.com\/index.php\/wp-json\/wp\/v2\/product_brand?post=957"},{"taxonomy":"product_cat","embeddable":true,"href":"https:\/\/www.lagatasibilah.com\/index.php\/wp-json\/wp\/v2\/product_cat?post=957"},{"taxonomy":"product_tag","embeddable":true,"href":"https:\/\/www.lagatasibilah.com\/index.php\/wp-json\/wp\/v2\/product_tag?post=957"}],"curies":[{"name":"wp","href":"https:\/\/api.w.org\/{rel}","templated":true}]}}