{"id":956,"date":"2017-11-21T15:30:54","date_gmt":"2017-11-21T18:30:54","guid":{"rendered":"http:\/\/www.lagatasibilah.com\/?post_type=product&#038;p=956"},"modified":"2017-11-21T15:30:54","modified_gmt":"2017-11-21T18:30:54","slug":"la-presa","status":"publish","type":"product","link":"https:\/\/www.lagatasibilah.com\/index.php\/product\/la-presa\/","title":{"rendered":"La presa"},"content":{"rendered":"","protected":false},"excerpt":{"rendered":"<p>Publicada en 1938 en un ambiente de acusada precariedad y frustraci\u00f3n a causa de la prolongada depresi\u00f3n econ\u00f3mica, La presa es otra gran obra de Ir\u00e8ne N\u00e9mirovsky, cuyo magistral retrato del sufrimiento moral no ha perdido ni un \u00e1pice de fuerza para los lectores contempor\u00e1neos. La dram\u00e1tica historia narra el ascenso y ca\u00edda de un joven de origen modesto que logra casarse con la hija de un banquero, y, como en otras novelas de N\u00e9mirovsky, el destino de quienes aceptan definirse a s\u00ed mismos en t\u00e9rminos superficiales y vanos es inexorablemente lacerante.<\/p>\n<p>A Jean-Luc Daguerne, el protagonista, lo mueve una ambici\u00f3n incontenible: convertirse en un hombre poderoso, incluirse a toda costa entre aquellos que manejan los hilos de la pol\u00edtica y los negocios. Y para llevar a cabo su prop\u00f3sito no dudar\u00e1 en sumergirse de lleno en un mundo donde las mentiras, los falsos halagos y el doble juego son moneda corriente, llegando incluso a traspasar la frontera de lo inimaginable: traicionar a sus seres m\u00e1s allegados. Sin embargo, el d\u00eda en que, consternado, descubre en su interior la necesidad de amor y ternura, cuya existencia ha negado y reprimido durante a\u00f1os, los acontecimientos dictar\u00e1n hasta qu\u00e9 punto su falta de escr\u00fapulos se volver\u00e1 en su contra, amenazando con destruir su naturaleza m\u00e1s profunda, aquella que lo define como persona.<\/p>\n<p>Una vez m\u00e1s, la gran autora de origen ruso despliega su asombroso talento para dibujar personajes memorables y plasmar emociones complejas, al tiempo que expone los vicios ocultos de la sociedad. Su mirada l\u00facida e inclemente y su afilada penetraci\u00f3n psicol\u00f3gica est\u00e1n atemperadas, no obstante, por un manto de compasi\u00f3n y afecto hacia las debilidades del ser humano.<\/p>\n<p>&nbsp;<\/p>\n<p><strong>Autor:<\/strong> N\u00e9mirovsky, Irene<br \/>\n<strong>Editorial:<\/strong> Salamandra<br \/>\n<strong>N\u00famero de p\u00e1ginas:<\/strong> 224<br \/>\n<strong>Peso:<\/strong> 290 gramos<br \/>\n<strong>Formato:<\/strong> R\u00fastica<br \/>\n<strong>Edici\u00f3n:<\/strong> 2016<br \/>\n<strong>Idioma:<\/strong> Castellano<br \/>\n<strong>ISBN:<\/strong> 9788498387452<\/p>\n<p>&nbsp;<\/p>\n<p><strong>CONSULT\u00c1 PRECIO Y DISPONIBILIDAD A NUESTRO MAIL:<\/strong>\u00a0<a href=\"mailto:lagatasibilah@gmail.com\">lagatasibilah@gmail.com<\/a><\/p>\n<p>&nbsp;<\/p>\n","protected":false},"featured_media":936,"comment_status":"open","ping_status":"closed","template":"","meta":{"_acf_changed":false},"product_brand":[],"product_cat":[30],"product_tag":[],"class_list":{"0":"post-956","1":"product","2":"type-product","3":"status-publish","4":"has-post-thumbnail","6":"product_cat-novela","8":"first","9":"instock","10":"shipping-taxable","11":"product-type-simple"},"acf":[],"jetpack_sharing_enabled":true,"_links":{"self":[{"href":"https:\/\/www.lagatasibilah.com\/index.php\/wp-json\/wp\/v2\/product\/956","targetHints":{"allow":["GET"]}}],"collection":[{"href":"https:\/\/www.lagatasibilah.com\/index.php\/wp-json\/wp\/v2\/product"}],"about":[{"href":"https:\/\/www.lagatasibilah.com\/index.php\/wp-json\/wp\/v2\/types\/product"}],"replies":[{"embeddable":true,"href":"https:\/\/www.lagatasibilah.com\/index.php\/wp-json\/wp\/v2\/comments?post=956"}],"wp:featuredmedia":[{"embeddable":true,"href":"https:\/\/www.lagatasibilah.com\/index.php\/wp-json\/wp\/v2\/media\/936"}],"wp:attachment":[{"href":"https:\/\/www.lagatasibilah.com\/index.php\/wp-json\/wp\/v2\/media?parent=956"}],"wp:term":[{"taxonomy":"product_brand","embeddable":true,"href":"https:\/\/www.lagatasibilah.com\/index.php\/wp-json\/wp\/v2\/product_brand?post=956"},{"taxonomy":"product_cat","embeddable":true,"href":"https:\/\/www.lagatasibilah.com\/index.php\/wp-json\/wp\/v2\/product_cat?post=956"},{"taxonomy":"product_tag","embeddable":true,"href":"https:\/\/www.lagatasibilah.com\/index.php\/wp-json\/wp\/v2\/product_tag?post=956"}],"curies":[{"name":"wp","href":"https:\/\/api.w.org\/{rel}","templated":true}]}}