{"id":955,"date":"2017-11-21T15:24:56","date_gmt":"2017-11-21T18:24:56","guid":{"rendered":"http:\/\/www.lagatasibilah.com\/?post_type=product&#038;p=955"},"modified":"2017-11-21T15:24:56","modified_gmt":"2017-11-21T18:24:56","slug":"suite-francesa","status":"publish","type":"product","link":"https:\/\/www.lagatasibilah.com\/index.php\/product\/suite-francesa\/","title":{"rendered":"Suite francesa"},"content":{"rendered":"","protected":false},"excerpt":{"rendered":"<p>El descubrimiento de un manuscrito perdido de Ir\u00e8ne N\u00e9mirovsky caus\u00f3 una aut\u00e9ntica conmoci\u00f3n en el mundo editorial franc\u00e9s y europeo. Novela excepcional escrita en condiciones excepcionales, Suite francesa retrata con maestr\u00eda una \u00e9poca fundamental de la Europa del siglo XX. En oto\u00f1o de 2004 le fue concedido el premio Renaudot, otorgado por primera vez a un autor fallecido.<\/p>\n<p>Imbuida de un claro componente autobiogr\u00e1fico, Suite francesa se inicia en Par\u00eds los d\u00edas previos a la invasi\u00f3n alemana, en un clima de incertidumbre e incredulidad. Enseguida, tras las primeras bombas, miles de familias se lanzan a las carreteras en coche, en bicicleta o a pie. N\u00e9mirovsky dibuja con precisi\u00f3n las escenas, unas conmovedoras y otras grotescas, que se suceden en el camino: ricos burgueses angustiados, amantes abandonadas, ancianos olvidados en el viaje, los bombardeos sobre la poblaci\u00f3n indefensa, las artima\u00f1as para conseguir agua, comida y gasolina. A medida que los alemanes van tomando posesi\u00f3n del pa\u00eds, se vislumbra un desmoronamiento del orden social imperante y el nacimiento de una nueva \u00e9poca.<\/p>\n<p>La presencia de los invasores despertar\u00e1 odios, pero tambi\u00e9n historias de amor clandestinas y p\u00fablicas muestras de colaboracionismo. Concebida como una composici\u00f3n en cinco partes \u2014de las cuales la autora s\u00f3lo alcanz\u00f3 a escribir dos\u2014 Suite francesa combina un retrato intimista de la burgues\u00eda ilustrada con una visi\u00f3n implacable de la sociedad francesa durante la ocupaci\u00f3n. Con lucidez, pero tambi\u00e9n con un desasosiego notablemente exento de sentimentalismo, N\u00e9mirovsky muestra el fiel reflejo de una sociedad que ha perdido su rumbo. El tono realista y distante de N\u00e9mirovsky le permite componer una radiograf\u00eda fiel del pa\u00eds que la ha abandonado a su suerte y la ha arrojado en manos de sus verdugos. Estamos pues ante un testimonio profundo y conmovedor de la condici\u00f3n humana, escrito sin la facilidad de la distancia ni la perspectiva del tiempo, por alguien que no lleg\u00f3 a conocer siquiera el final del cataclismo que le toc\u00f3 vivir.<\/p>\n<p>&nbsp;<\/p>\n<p><strong>Autor:<\/strong> N\u00e9mirovsky, Irene<br \/>\n<strong>Editorial:<\/strong> Salamandra<br \/>\n<strong>N\u00famero de p\u00e1ginas:<\/strong> 478<br \/>\n<strong>Peso:<\/strong> 650 gramos<br \/>\n<strong>Formato:<\/strong> R\u00fastica<br \/>\n<strong>Edici\u00f3n:<\/strong> 2006<br \/>\n<strong>Idioma:<\/strong> Castellano<br \/>\n<strong>ISBN:<\/strong> 9788478889822<\/p>\n<p>&nbsp;<\/p>\n<p><strong>CONSULT\u00c1 PRECIO Y DISPONIBILIDAD A NUESTRO MAIL:<\/strong>\u00a0<a href=\"mailto:lagatasibilah@gmail.com\">lagatasibilah@gmail.com<\/a><\/p>\n<p>&nbsp;<\/p>\n","protected":false},"featured_media":935,"comment_status":"open","ping_status":"closed","template":"","meta":{"_acf_changed":false},"product_brand":[],"product_cat":[30],"product_tag":[56],"class_list":{"0":"post-955","1":"product","2":"type-product","3":"status-publish","4":"has-post-thumbnail","6":"product_cat-novela","7":"product_tag-novedades","9":"first","10":"instock","11":"shipping-taxable","12":"product-type-simple"},"acf":[],"jetpack_sharing_enabled":true,"_links":{"self":[{"href":"https:\/\/www.lagatasibilah.com\/index.php\/wp-json\/wp\/v2\/product\/955","targetHints":{"allow":["GET"]}}],"collection":[{"href":"https:\/\/www.lagatasibilah.com\/index.php\/wp-json\/wp\/v2\/product"}],"about":[{"href":"https:\/\/www.lagatasibilah.com\/index.php\/wp-json\/wp\/v2\/types\/product"}],"replies":[{"embeddable":true,"href":"https:\/\/www.lagatasibilah.com\/index.php\/wp-json\/wp\/v2\/comments?post=955"}],"wp:featuredmedia":[{"embeddable":true,"href":"https:\/\/www.lagatasibilah.com\/index.php\/wp-json\/wp\/v2\/media\/935"}],"wp:attachment":[{"href":"https:\/\/www.lagatasibilah.com\/index.php\/wp-json\/wp\/v2\/media?parent=955"}],"wp:term":[{"taxonomy":"product_brand","embeddable":true,"href":"https:\/\/www.lagatasibilah.com\/index.php\/wp-json\/wp\/v2\/product_brand?post=955"},{"taxonomy":"product_cat","embeddable":true,"href":"https:\/\/www.lagatasibilah.com\/index.php\/wp-json\/wp\/v2\/product_cat?post=955"},{"taxonomy":"product_tag","embeddable":true,"href":"https:\/\/www.lagatasibilah.com\/index.php\/wp-json\/wp\/v2\/product_tag?post=955"}],"curies":[{"name":"wp","href":"https:\/\/api.w.org\/{rel}","templated":true}]}}