{"id":954,"date":"2017-11-21T15:17:11","date_gmt":"2017-11-21T18:17:11","guid":{"rendered":"http:\/\/www.lagatasibilah.com\/?post_type=product&#038;p=954"},"modified":"2017-11-21T15:17:11","modified_gmt":"2017-11-21T18:17:11","slug":"plataforma","status":"publish","type":"product","link":"https:\/\/www.lagatasibilah.com\/index.php\/product\/plataforma\/","title":{"rendered":"Plataforma"},"content":{"rendered":"","protected":false},"excerpt":{"rendered":"<p>Michel, parisino de cuarenta a\u00f1os, es funcionario en un ministerio. Apocado y ap\u00e1tico, est\u00e1 aburrido de todo y se siente incapaz de experimentar ninguna emoci\u00f3n. Poco despu\u00e9s de la muerte de su padre decide partir: lo esperan unas vacaciones en Tailandia para olvidarse de todo y sumergirse en un para\u00edso de placer. En el oasis del turismo sexual, Michel vive un encuentro de imprevista intensidad: conoce a Val\u00e9rie, directiva de Nouvelles Fronti\u00e8res. Ese encuentro ser\u00e1 un hecho excepcional para el mundo chato e insensato en el que Michel habita desde hace a\u00f1os, ya que Val\u00e9rie es capaz de sentir placer, sabe c\u00f3mo realizar sus deseos y no se siente amenazada por ning\u00fan fantasma.<\/p>\n<p>De vuelta en Par\u00eds, cautivado por la vitalidad de Val\u00e9rie, Michel emprende, junto a ella y un amigo, una aventura empresarial: crean una red mundial de colonias tur\u00edsticas en las que el sexo se practique libremente, los deseos est\u00e9n en venta, la prostituci\u00f3n sea una actividad legal. La iniciativa conoce un \u00e9xito inmediato. Pero poco despu\u00e9s la tragedia se precipita. Vidas aburridas, placeres degenerados, occidentales decepcionados, integristas de toda laya&#8230; Todo ello contra el trasfondo de un amor aut\u00e9ntico, absoluto. Una novela que, al poner en su punto de mira el cinismo er\u00f3tico de la sociedad de consumo, ha conmocionado a Francia. A la mirada g\u00e9lida de Las part\u00edculas elementales o el clima sofocante de Ampliaci\u00f3n del campo de batalla se agrega aqu\u00ed la feroz e inquietante iron\u00eda de quien sabe desentra\u00f1ar, sin piedad, el sinsentido de los negocios humanos.<\/p>\n<p>\u00abEn la literatura francesa de nuestros d\u00edas, pese a quien pese, hay un antes y un despu\u00e9s de Houellebecq&#8230; Un aut\u00e9ntico escritor. Simplemente, hay que leerlo, se est\u00e9 de acuerdo o no\u00bb (Mercedes Monmany, ABC).<\/p>\n<p>&nbsp;<\/p>\n<p><strong>Autor:<\/strong> Houellebecq, Michel<br \/>\n<strong>Editorial:<\/strong> Anagrama<br \/>\n<strong>N\u00famero de p\u00e1ginas:<\/strong> 320<br \/>\n<strong>Peso:<\/strong> 340 gramos<br \/>\n<strong>Formato:<\/strong> R\u00fastica<br \/>\n<strong>Edici\u00f3n:<\/strong> 2004<br \/>\n<strong>Idioma:<\/strong> Castellano<br \/>\n<strong>ISBN:<\/strong> 9788433967664<\/p>\n<p>&nbsp;<\/p>\n<p><strong>CONSULT\u00c1 PRECIO Y DISPONIBILIDAD A NUESTRO MAIL:<\/strong>\u00a0<a href=\"mailto:lagatasibilah@gmail.com\">lagatasibilah@gmail.com<\/a><\/p>\n<p>&nbsp;<\/p>\n","protected":false},"featured_media":934,"comment_status":"open","ping_status":"closed","template":"","meta":{"_acf_changed":false},"product_brand":[],"product_cat":[30],"product_tag":[],"class_list":{"0":"post-954","1":"product","2":"type-product","3":"status-publish","4":"has-post-thumbnail","6":"product_cat-novela","8":"first","9":"instock","10":"shipping-taxable","11":"product-type-simple"},"acf":[],"jetpack_sharing_enabled":true,"_links":{"self":[{"href":"https:\/\/www.lagatasibilah.com\/index.php\/wp-json\/wp\/v2\/product\/954","targetHints":{"allow":["GET"]}}],"collection":[{"href":"https:\/\/www.lagatasibilah.com\/index.php\/wp-json\/wp\/v2\/product"}],"about":[{"href":"https:\/\/www.lagatasibilah.com\/index.php\/wp-json\/wp\/v2\/types\/product"}],"replies":[{"embeddable":true,"href":"https:\/\/www.lagatasibilah.com\/index.php\/wp-json\/wp\/v2\/comments?post=954"}],"wp:featuredmedia":[{"embeddable":true,"href":"https:\/\/www.lagatasibilah.com\/index.php\/wp-json\/wp\/v2\/media\/934"}],"wp:attachment":[{"href":"https:\/\/www.lagatasibilah.com\/index.php\/wp-json\/wp\/v2\/media?parent=954"}],"wp:term":[{"taxonomy":"product_brand","embeddable":true,"href":"https:\/\/www.lagatasibilah.com\/index.php\/wp-json\/wp\/v2\/product_brand?post=954"},{"taxonomy":"product_cat","embeddable":true,"href":"https:\/\/www.lagatasibilah.com\/index.php\/wp-json\/wp\/v2\/product_cat?post=954"},{"taxonomy":"product_tag","embeddable":true,"href":"https:\/\/www.lagatasibilah.com\/index.php\/wp-json\/wp\/v2\/product_tag?post=954"}],"curies":[{"name":"wp","href":"https:\/\/api.w.org\/{rel}","templated":true}]}}