{"id":952,"date":"2017-11-21T15:05:57","date_gmt":"2017-11-21T18:05:57","guid":{"rendered":"http:\/\/www.lagatasibilah.com\/?post_type=product&#038;p=952"},"modified":"2017-11-21T15:05:57","modified_gmt":"2017-11-21T18:05:57","slug":"malena-es-un-nombre-de-tango","status":"publish","type":"product","link":"https:\/\/www.lagatasibilah.com\/index.php\/product\/malena-es-un-nombre-de-tango\/","title":{"rendered":"Malena es un nombre de tango"},"content":{"rendered":"","protected":false},"excerpt":{"rendered":"<p>Malena tiene doce a\u00f1os cuando recibe, sin raz\u00f3n, y sin derecho alguno, de manos de su abuelo el \u00faltimo tesoro que conserva la familia : una esmeralda antigua, sin tallar, de la que ella nunca podr\u00e1 hablar porque alg\u00fan d\u00eda le salvar\u00e1 la vida.<\/p>\n<p>A partir de entonces, esa ni\u00f1a desorientada y perpleja, que reza en silencio para volverse ni\u00f1o porque presiente que jam\u00e1s conseguir\u00e1 parecerse a su hermana melliza, Reina, la mujer perfecta y empieza a sospechar que no es la primera Fern\u00e1ndez de Alc\u00e1ntara incapaz de encontrar el lugar adecuado en el mundo. Se propone entonces desenmara\u00f1ar el laberinto de secretos que late bajo la apacible piel de su familia, una ejemplar familia burguesa madrile\u00f1a.<\/p>\n<p>A la sombra de una vieja maldici\u00f3n, Malena aprende a mirarse, como en un espejo, en la memoria de quienes se creyeron malditos antes que ella y descubre, mientras alcanza la madurez, un reflejo de sus miedos y de su amor en la sucesi\u00f3n de mujeres imperfectas que la han precedido.<\/p>\n<p>La entra\u00f1able historia de una ni\u00f1a que luchar\u00e1 contra las normas impuestas por su familia para desenmara\u00f1ar el laberinto de secretos que \u00e9sta guarda.<\/p>\n<p>&nbsp;<\/p>\n<p><strong>Autor:<\/strong> Grandes, Almudena<br \/>\n<strong>Editorial:<\/strong> Tusquets<br \/>\n<strong>N\u00famero de p\u00e1ginas:<\/strong> 762<br \/>\n<strong>Peso:<\/strong> 510 gramos<br \/>\n<strong>Formato:<\/strong> R\u00fastica<br \/>\n<strong>Edici\u00f3n:<\/strong> 2010<br \/>\n<strong>Idioma:<\/strong> Castellano<br \/>\n<strong>ISBN:<\/strong> 9789871544172<\/p>\n<p>&nbsp;<\/p>\n<p><strong>CONSULT\u00c1 PRECIO Y DISPONIBILIDAD A NUESTRO MAIL:<\/strong>\u00a0<a href=\"mailto:lagatasibilah@gmail.com\">lagatasibilah@gmail.com<\/a><\/p>\n","protected":false},"featured_media":932,"comment_status":"open","ping_status":"closed","template":"","meta":{"_acf_changed":false},"product_brand":[],"product_cat":[30],"product_tag":[56],"class_list":{"0":"post-952","1":"product","2":"type-product","3":"status-publish","4":"has-post-thumbnail","6":"product_cat-novela","7":"product_tag-novedades","9":"first","10":"instock","11":"shipping-taxable","12":"product-type-simple"},"acf":[],"jetpack_sharing_enabled":true,"_links":{"self":[{"href":"https:\/\/www.lagatasibilah.com\/index.php\/wp-json\/wp\/v2\/product\/952","targetHints":{"allow":["GET"]}}],"collection":[{"href":"https:\/\/www.lagatasibilah.com\/index.php\/wp-json\/wp\/v2\/product"}],"about":[{"href":"https:\/\/www.lagatasibilah.com\/index.php\/wp-json\/wp\/v2\/types\/product"}],"replies":[{"embeddable":true,"href":"https:\/\/www.lagatasibilah.com\/index.php\/wp-json\/wp\/v2\/comments?post=952"}],"wp:featuredmedia":[{"embeddable":true,"href":"https:\/\/www.lagatasibilah.com\/index.php\/wp-json\/wp\/v2\/media\/932"}],"wp:attachment":[{"href":"https:\/\/www.lagatasibilah.com\/index.php\/wp-json\/wp\/v2\/media?parent=952"}],"wp:term":[{"taxonomy":"product_brand","embeddable":true,"href":"https:\/\/www.lagatasibilah.com\/index.php\/wp-json\/wp\/v2\/product_brand?post=952"},{"taxonomy":"product_cat","embeddable":true,"href":"https:\/\/www.lagatasibilah.com\/index.php\/wp-json\/wp\/v2\/product_cat?post=952"},{"taxonomy":"product_tag","embeddable":true,"href":"https:\/\/www.lagatasibilah.com\/index.php\/wp-json\/wp\/v2\/product_tag?post=952"}],"curies":[{"name":"wp","href":"https:\/\/api.w.org\/{rel}","templated":true}]}}