{"id":951,"date":"2017-11-21T14:57:54","date_gmt":"2017-11-21T17:57:54","guid":{"rendered":"http:\/\/www.lagatasibilah.com\/?post_type=product&#038;p=951"},"modified":"2017-11-21T14:57:54","modified_gmt":"2017-11-21T17:57:54","slug":"castillos-de-carton","status":"publish","type":"product","link":"https:\/\/www.lagatasibilah.com\/index.php\/product\/castillos-de-carton\/","title":{"rendered":"Castillos de cart\u00f3n"},"content":{"rendered":"","protected":false},"excerpt":{"rendered":"<p>Mar\u00eda Jos\u00e9 S\u00e1nchez, que trabaja de tasadora de arte en una casa de subastas, recibe un d\u00eda la llamada de un antiguo compa\u00f1ero y amante, Jaime Gonz\u00e1lez, quien le anuncia que su com\u00fan amigo, Marcos Molina Schulz, artista de \u00e9xito, se ha suicidado. La noticia la devuelve a sus a\u00f1os de estudiante de Bellas Artes, para revivir la historia de amor que protagonizaron los tres cuando apenas ten\u00edan veinte a\u00f1os.<\/p>\n<p>Con amarga emoci\u00f3n, la protagonista reconstruye aquella pasi\u00f3n imposible y la alegr\u00eda desbordante con que exploraron el sexo, la intimidad reci\u00e9n estrenada, la entrega a la pintura.<\/p>\n<p>Con ella la autora vuelve al Madrid exaltado e inocente de los a\u00f1os ochenta, de la \u00abmovida\u00bb y los excesos, pero tambi\u00e9n de los deslumbramientos y la p\u00e9rdida de la inocencia. Fueron destellos de una felicidad intensa, verdadera, que s\u00f3lo acabaron ensombreciendo los celos de los amantes y la injusta negociaci\u00f3n con el talento de los tres aprendices de artista.<\/p>\n<p>&nbsp;<\/p>\n<p><strong>Autor:<\/strong> Grandes, Almudena<br \/>\n<strong>Editorial:<\/strong> Tusquets<br \/>\n<strong>N\u00famero de p\u00e1ginas:<\/strong> 200<br \/>\n<strong>Peso:<\/strong> 190 gramos<br \/>\n<strong>Formato:<\/strong> R\u00fastica<br \/>\n<strong>Edici\u00f3n:<\/strong> 2011<br \/>\n<strong>Idioma:<\/strong> Castellano<br \/>\n<strong>ISBN:<\/strong> 9789876700498<\/p>\n<p>&nbsp;<\/p>\n<p><strong>CONSULT\u00c1 PRECIO Y DISPONIBILIDAD A NUESTRO MAIL:<\/strong>\u00a0<a href=\"mailto:lagatasibilah@gmail.com\">lagatasibilah@gmail.com<\/a><\/p>\n<p>&nbsp;<\/p>\n","protected":false},"featured_media":931,"comment_status":"open","ping_status":"closed","template":"","meta":{"_acf_changed":false},"product_brand":[],"product_cat":[30],"product_tag":[56],"class_list":{"0":"post-951","1":"product","2":"type-product","3":"status-publish","4":"has-post-thumbnail","6":"product_cat-novela","7":"product_tag-novedades","9":"first","10":"instock","11":"shipping-taxable","12":"product-type-simple"},"acf":[],"jetpack_sharing_enabled":true,"_links":{"self":[{"href":"https:\/\/www.lagatasibilah.com\/index.php\/wp-json\/wp\/v2\/product\/951","targetHints":{"allow":["GET"]}}],"collection":[{"href":"https:\/\/www.lagatasibilah.com\/index.php\/wp-json\/wp\/v2\/product"}],"about":[{"href":"https:\/\/www.lagatasibilah.com\/index.php\/wp-json\/wp\/v2\/types\/product"}],"replies":[{"embeddable":true,"href":"https:\/\/www.lagatasibilah.com\/index.php\/wp-json\/wp\/v2\/comments?post=951"}],"wp:featuredmedia":[{"embeddable":true,"href":"https:\/\/www.lagatasibilah.com\/index.php\/wp-json\/wp\/v2\/media\/931"}],"wp:attachment":[{"href":"https:\/\/www.lagatasibilah.com\/index.php\/wp-json\/wp\/v2\/media?parent=951"}],"wp:term":[{"taxonomy":"product_brand","embeddable":true,"href":"https:\/\/www.lagatasibilah.com\/index.php\/wp-json\/wp\/v2\/product_brand?post=951"},{"taxonomy":"product_cat","embeddable":true,"href":"https:\/\/www.lagatasibilah.com\/index.php\/wp-json\/wp\/v2\/product_cat?post=951"},{"taxonomy":"product_tag","embeddable":true,"href":"https:\/\/www.lagatasibilah.com\/index.php\/wp-json\/wp\/v2\/product_tag?post=951"}],"curies":[{"name":"wp","href":"https:\/\/api.w.org\/{rel}","templated":true}]}}