{"id":926,"date":"2017-11-13T17:38:14","date_gmt":"2017-11-13T20:38:14","guid":{"rendered":"http:\/\/www.lagatasibilah.com\/?post_type=product&#038;p=926"},"modified":"2017-11-13T17:38:14","modified_gmt":"2017-11-13T20:38:14","slug":"invisible","status":"publish","type":"product","link":"https:\/\/www.lagatasibilah.com\/index.php\/product\/invisible\/","title":{"rendered":"Invisible"},"content":{"rendered":"","protected":false},"excerpt":{"rendered":"<p>En 1967, Adam Walker es un joven poeta \u00e1vido de vida y literatura, con mucho m\u00e1s futuro que pasado. Estudia en la Universidad de Columbia, se opone a la guerra de Vietnam, y adem\u00e1s (esto lo dicen quienes lo conocen, porque \u00e9l no parece darse cuenta) es guap\u00edsimo. Y una noche, en una fiesta de estudiantes, conoce a una pareja de franceses muy sofisticados, muy seductores. Lo primero que le llama la atenci\u00f3n a Adam es el nombre de \u00e9l, Rudolf Born, como en Bertrand de Born, el poeta provenzal que en uno de los cantos de Dante lleva su propia cabeza cortada en las manos.<\/p>\n<p>Y tras varios d\u00edas de ambigua seducci\u00f3n en los que la pareja va tejiendo su invisible tela de ara\u00f1a en torno al hermoso e inocente americano, Rudolf Born, que est\u00e1 en Columbia como profesor invitado en la School of International Affairs, le ofrece a Adam la direcci\u00f3n de una revista literaria que \u00e9l financiar\u00e1.<\/p>\n<p>Adam ya ha comenzado a sospechar que el profesor franc\u00e9s es un hombre de muchas caras, que puede ser peligroso, y que no deber\u00eda fiarse de \u00e9l, pero no puede resistirse a su oferta.<\/p>\n<p>Y tampoco resistir\u00e1 d\u00edas despu\u00e9s, cuando Rudolf se marche repentinamente a Par\u00eds, los silenciosos cantos de sirena de la insinuante Margot&#8230; Pero, en estos juegos peligrosos, \u00bfqui\u00e9n es la presa y qui\u00e9n el cazador?<\/p>\n<p>&nbsp;<\/p>\n<p><strong>Autor:<\/strong> Auster, Paul<br \/>\n<strong>Editorial:<\/strong> Anagrama<br \/>\n<strong>Colecci\u00f3n:<\/strong> COMPACTOS<br \/>\n<strong>N\u00famero de p\u00e1ginas:<\/strong> 284<br \/>\n<strong>Peso:<\/strong> 270 gramos<br \/>\n<strong>Formato:<\/strong> R\u00fastica<br \/>\n<strong>Edici\u00f3n:<\/strong> 2012<br \/>\n<strong>Idioma:<\/strong> Castellano<br \/>\n<strong>ISBN:<\/strong> 9788433973979<\/p>\n<p>&nbsp;<\/p>\n<p><strong>CONSULT\u00c1 PRECIO Y DISPONIBILIDAD A NUESTRO MAIL:<\/strong>\u00a0<a href=\"mailto:lagatasibilah@gmail.com\">lagatasibilah@gmail.com<\/a><\/p>\n<p>&nbsp;<\/p>\n","protected":false},"featured_media":914,"comment_status":"open","ping_status":"closed","template":"","meta":{"_acf_changed":false},"product_brand":[],"product_cat":[30],"product_tag":[],"class_list":{"0":"post-926","1":"product","2":"type-product","3":"status-publish","4":"has-post-thumbnail","6":"product_cat-novela","8":"first","9":"instock","10":"shipping-taxable","11":"product-type-simple"},"acf":[],"jetpack_sharing_enabled":true,"_links":{"self":[{"href":"https:\/\/www.lagatasibilah.com\/index.php\/wp-json\/wp\/v2\/product\/926","targetHints":{"allow":["GET"]}}],"collection":[{"href":"https:\/\/www.lagatasibilah.com\/index.php\/wp-json\/wp\/v2\/product"}],"about":[{"href":"https:\/\/www.lagatasibilah.com\/index.php\/wp-json\/wp\/v2\/types\/product"}],"replies":[{"embeddable":true,"href":"https:\/\/www.lagatasibilah.com\/index.php\/wp-json\/wp\/v2\/comments?post=926"}],"wp:featuredmedia":[{"embeddable":true,"href":"https:\/\/www.lagatasibilah.com\/index.php\/wp-json\/wp\/v2\/media\/914"}],"wp:attachment":[{"href":"https:\/\/www.lagatasibilah.com\/index.php\/wp-json\/wp\/v2\/media?parent=926"}],"wp:term":[{"taxonomy":"product_brand","embeddable":true,"href":"https:\/\/www.lagatasibilah.com\/index.php\/wp-json\/wp\/v2\/product_brand?post=926"},{"taxonomy":"product_cat","embeddable":true,"href":"https:\/\/www.lagatasibilah.com\/index.php\/wp-json\/wp\/v2\/product_cat?post=926"},{"taxonomy":"product_tag","embeddable":true,"href":"https:\/\/www.lagatasibilah.com\/index.php\/wp-json\/wp\/v2\/product_tag?post=926"}],"curies":[{"name":"wp","href":"https:\/\/api.w.org\/{rel}","templated":true}]}}