{"id":924,"date":"2017-11-13T17:28:15","date_gmt":"2017-11-13T20:28:15","guid":{"rendered":"http:\/\/www.lagatasibilah.com\/?post_type=product&#038;p=924"},"modified":"2017-11-13T17:28:15","modified_gmt":"2017-11-13T20:28:15","slug":"rendicion","status":"publish","type":"product","link":"https:\/\/www.lagatasibilah.com\/index.php\/product\/rendicion\/","title":{"rendered":"Rendici\u00f3n"},"content":{"rendered":"","protected":false},"excerpt":{"rendered":"<p>\u00bfQui\u00e9nes somos cuando nos cambian las circunstancias?<\/p>\n<p>La guerra dura una d\u00e9cada y nadie sabe a ciencia cierta c\u00f3mo transcurre, qu\u00e9 bando fue el agresor y cu\u00e1l el agredido. En la comarca, la vida ha continuado entre el temor a la delaci\u00f3n y la a\u00f1oranza de los que fueron al frente.<\/p>\n<p>Cuando llega el momento de evacuar la zona por seguridad, \u00e9l emprende camino junto a su mujer y al ni\u00f1o Julio, que ayuda a amortiguar el dolor por la ausencia de los hijos soldados. Un futuro protegido parece aguardarles en la ciudad transparente, donde todo es de dominio p\u00fablico y extra\u00f1amente alegre.<\/p>\n<p>All\u00ed los recuerdos desaparecen; no existe ninguna intimidad -ni siquiera la de sentir miedo- hasta el momento en que la conciencia despierta y se impone asumir las consecuencias.<\/p>\n<p>&nbsp;<\/p>\n<p><strong>Autor:<\/strong> Loriga, Ray<br \/>\n<strong>Editorial:<\/strong> Alfaguara<br \/>\n<strong>N\u00famero de p\u00e1ginas:<\/strong> 216<br \/>\n<strong>Peso:<\/strong> 270 gramos<br \/>\n<strong>Formato:<\/strong> R\u00fastica<br \/>\n<strong>Edici\u00f3n:<\/strong> 2017<br \/>\n<strong>Idioma:<\/strong> Castellano<br \/>\n<strong>ISBN:<\/strong> 9789877383430<\/p>\n<p>&nbsp;<\/p>\n<p><strong>CONSULT\u00c1 PRECIO Y DISPONIBILIDAD A NUESTRO MAIL:<\/strong>\u00a0<a href=\"mailto:lagatasibilah@gmail.com\">lagatasibilah@gmail.com<\/a><\/p>\n<p>&nbsp;<\/p>\n","protected":false},"featured_media":917,"comment_status":"open","ping_status":"closed","template":"","meta":{"_acf_changed":false},"product_brand":[],"product_cat":[30],"product_tag":[56],"class_list":{"0":"post-924","1":"product","2":"type-product","3":"status-publish","4":"has-post-thumbnail","6":"product_cat-novela","7":"product_tag-novedades","9":"first","10":"instock","11":"shipping-taxable","12":"product-type-simple"},"acf":[],"jetpack_sharing_enabled":true,"_links":{"self":[{"href":"https:\/\/www.lagatasibilah.com\/index.php\/wp-json\/wp\/v2\/product\/924","targetHints":{"allow":["GET"]}}],"collection":[{"href":"https:\/\/www.lagatasibilah.com\/index.php\/wp-json\/wp\/v2\/product"}],"about":[{"href":"https:\/\/www.lagatasibilah.com\/index.php\/wp-json\/wp\/v2\/types\/product"}],"replies":[{"embeddable":true,"href":"https:\/\/www.lagatasibilah.com\/index.php\/wp-json\/wp\/v2\/comments?post=924"}],"wp:featuredmedia":[{"embeddable":true,"href":"https:\/\/www.lagatasibilah.com\/index.php\/wp-json\/wp\/v2\/media\/917"}],"wp:attachment":[{"href":"https:\/\/www.lagatasibilah.com\/index.php\/wp-json\/wp\/v2\/media?parent=924"}],"wp:term":[{"taxonomy":"product_brand","embeddable":true,"href":"https:\/\/www.lagatasibilah.com\/index.php\/wp-json\/wp\/v2\/product_brand?post=924"},{"taxonomy":"product_cat","embeddable":true,"href":"https:\/\/www.lagatasibilah.com\/index.php\/wp-json\/wp\/v2\/product_cat?post=924"},{"taxonomy":"product_tag","embeddable":true,"href":"https:\/\/www.lagatasibilah.com\/index.php\/wp-json\/wp\/v2\/product_tag?post=924"}],"curies":[{"name":"wp","href":"https:\/\/api.w.org\/{rel}","templated":true}]}}