{"id":922,"date":"2017-11-13T11:14:14","date_gmt":"2017-11-13T14:14:14","guid":{"rendered":"http:\/\/www.lagatasibilah.com\/?post_type=product&#038;p=922"},"modified":"2017-11-21T14:35:07","modified_gmt":"2017-11-21T17:35:07","slug":"el-padre","status":"publish","type":"product","link":"https:\/\/www.lagatasibilah.com\/index.php\/product\/el-padre\/","title":{"rendered":"El padre"},"content":{"rendered":"","protected":false},"excerpt":{"rendered":"<p>El padre re\u00fane en un solo volumen las tres primeras novelas de la serie sobre la vida del arist\u00f3crata ingl\u00e9s Patrick Melrose. En el id\u00edlico ch\u00e2teau familiar en el sur de Francia, el peque\u00f1o Patrick se entretiene jugando en un jard\u00edn m\u00e1gico. Hasta que una tarde de verano, sus padres y \u00e9l se preparan para recibir invitados a cenar cuando ocurre un terrible hecho que marcar\u00e1 a Patrick para el resto de su vida.<\/p>\n<p>El padre sigue el tumultuoso viaje de Patrick Melrose a lo largo de una infancia dominada por la tiran\u00eda del padre y el alcoholismo de la madre; una juventud marcada por el consumo de drogas en la Gran Manzana y una madurez en la campi\u00f1a inglesa.<\/p>\n<p>Comparado con Oscar Wilde o Evelyn Waugh por su feroz retrato de la aristocracia inglesa, no exento de iron\u00eda, St. Aubyn narra brillantemente los problemas de una clase privilegiada, con Nueva York, Londres y los castillos franceses como escenario. Y nos ofrece una visi\u00f3n cr\u00edtica de un mundo lleno de decadencia, amoralidad, codicia y esnobismo.<\/p>\n<p>&nbsp;<\/p>\n<p><strong>Autor:<\/strong> St. Aubyn, Edward<br \/>\n<strong>Editorial:<\/strong> Random House<br \/>\n<strong>N\u00famero de p\u00e1ginas:<\/strong> 400<br \/>\n<strong>Peso:<\/strong> 410 gramos<br \/>\n<strong>Formato:<\/strong> R\u00fastica<br \/>\n<strong>Edici\u00f3n:<\/strong> 2013<br \/>\n<strong>Idioma:<\/strong> Castellano<br \/>\n<strong>ISBN:<\/strong> 9789873650352<\/p>\n<p>&nbsp;<\/p>\n<p><strong>CONSULT\u00c1 PRECIO Y DISPONIBILIDAD A NUESTRO MAIL:<\/strong>\u00a0<a href=\"mailto:lagatasibilah@gmail.com\">lagatasibilah@gmail.com<\/a><\/p>\n<p>&nbsp;<\/p>\n","protected":false},"featured_media":912,"comment_status":"open","ping_status":"closed","template":"","meta":{"_acf_changed":false},"product_brand":[],"product_cat":[30],"product_tag":[],"class_list":{"0":"post-922","1":"product","2":"type-product","3":"status-publish","4":"has-post-thumbnail","6":"product_cat-novela","8":"first","9":"instock","10":"shipping-taxable","11":"product-type-simple"},"acf":[],"jetpack_sharing_enabled":true,"_links":{"self":[{"href":"https:\/\/www.lagatasibilah.com\/index.php\/wp-json\/wp\/v2\/product\/922","targetHints":{"allow":["GET"]}}],"collection":[{"href":"https:\/\/www.lagatasibilah.com\/index.php\/wp-json\/wp\/v2\/product"}],"about":[{"href":"https:\/\/www.lagatasibilah.com\/index.php\/wp-json\/wp\/v2\/types\/product"}],"replies":[{"embeddable":true,"href":"https:\/\/www.lagatasibilah.com\/index.php\/wp-json\/wp\/v2\/comments?post=922"}],"wp:featuredmedia":[{"embeddable":true,"href":"https:\/\/www.lagatasibilah.com\/index.php\/wp-json\/wp\/v2\/media\/912"}],"wp:attachment":[{"href":"https:\/\/www.lagatasibilah.com\/index.php\/wp-json\/wp\/v2\/media?parent=922"}],"wp:term":[{"taxonomy":"product_brand","embeddable":true,"href":"https:\/\/www.lagatasibilah.com\/index.php\/wp-json\/wp\/v2\/product_brand?post=922"},{"taxonomy":"product_cat","embeddable":true,"href":"https:\/\/www.lagatasibilah.com\/index.php\/wp-json\/wp\/v2\/product_cat?post=922"},{"taxonomy":"product_tag","embeddable":true,"href":"https:\/\/www.lagatasibilah.com\/index.php\/wp-json\/wp\/v2\/product_tag?post=922"}],"curies":[{"name":"wp","href":"https:\/\/api.w.org\/{rel}","templated":true}]}}