{"id":920,"date":"2017-11-13T11:01:40","date_gmt":"2017-11-13T14:01:40","guid":{"rendered":"http:\/\/www.lagatasibilah.com\/?post_type=product&#038;p=920"},"modified":"2017-11-13T11:01:40","modified_gmt":"2017-11-13T14:01:40","slug":"berta-isla","status":"publish","type":"product","link":"https:\/\/www.lagatasibilah.com\/index.php\/product\/berta-isla\/","title":{"rendered":"Berta Isla"},"content":{"rendered":"","protected":false},"excerpt":{"rendered":"<p>Muy j\u00f3venes se conocieron Berta Isla y Tom\u00e1s Nevinson en Madrid, y muy pronta fue su determinaci\u00f3n de pasar la vida juntos, sin sospechar que los aguardaba una convivencia intermitente y despu\u00e9s una desaparici\u00f3n. Tom\u00e1s, medio espa\u00f1ol y medio ingl\u00e9s, es un superdotado para las lenguas y los acentos, y eso hace que, durante sus estudios en Oxford, la Corona ponga sus ojos en \u00e9l. Un d\u00eda cualquiera, \u00abun d\u00eda est\u00fapido\u00bb que se podr\u00eda haber ahorrado, condicionar\u00e1 el resto de su existencia, as\u00ed como la de su mujer.<\/p>\n<p>Berta Isla es la envolvente y apasionante historia de una espera y de una evoluci\u00f3n, la de su protagonista. Tambi\u00e9n de la fragilidad y la tenacidad de una relaci\u00f3n amorosa condenada al secreto y a la ocultaci\u00f3n, al fingimiento y a la conjetura, y en \u00faltima instancia al resentimiento mezclado con la lealtad.<\/p>\n<p>O, como dice una cita de Dickens hacia el final del libro, es la muestra de que \u00abcada coraz\u00f3n palpitante es un secreto para el coraz\u00f3n m\u00e1s pr\u00f3ximo, el que dormita y late a su lado\u00bb. Y es tambi\u00e9n la historia de quienes quieren parar desgracias e intervenir en el universo, para acabar encontr\u00e1ndose desterrados de \u00e9l.<\/p>\n<p>&nbsp;<\/p>\n<p><strong>Autor:<\/strong> Marias, Javier<br \/>\n<strong>Editorial:<\/strong> Alfaguara<br \/>\n<strong>N\u00famero de p\u00e1ginas:<\/strong> 552<br \/>\n<strong>Peso:<\/strong> 830 gramos<br \/>\n<strong>Formato:<\/strong> R\u00fastica<br \/>\n<strong>Edici\u00f3n:<\/strong> 2017<br \/>\n<strong>Idioma:<\/strong> Castellano<br \/>\n<strong>ISBN:<\/strong> 9788420427362<\/p>\n<p>&nbsp;<\/p>\n<p><strong>CONSULT\u00c1 PRECIO Y DISPONIBILIDAD A NUESTRO MAIL:<\/strong>\u00a0<a href=\"mailto:lagatasibilah@gmail.com\">lagatasibilah@gmail.com<\/a><\/p>\n<p>&nbsp;<\/p>\n","protected":false},"featured_media":909,"comment_status":"open","ping_status":"closed","template":"","meta":{"_acf_changed":false},"product_brand":[],"product_cat":[30],"product_tag":[56],"class_list":{"0":"post-920","1":"product","2":"type-product","3":"status-publish","4":"has-post-thumbnail","6":"product_cat-novela","7":"product_tag-novedades","9":"first","10":"instock","11":"shipping-taxable","12":"product-type-simple"},"acf":[],"jetpack_sharing_enabled":true,"_links":{"self":[{"href":"https:\/\/www.lagatasibilah.com\/index.php\/wp-json\/wp\/v2\/product\/920","targetHints":{"allow":["GET"]}}],"collection":[{"href":"https:\/\/www.lagatasibilah.com\/index.php\/wp-json\/wp\/v2\/product"}],"about":[{"href":"https:\/\/www.lagatasibilah.com\/index.php\/wp-json\/wp\/v2\/types\/product"}],"replies":[{"embeddable":true,"href":"https:\/\/www.lagatasibilah.com\/index.php\/wp-json\/wp\/v2\/comments?post=920"}],"wp:featuredmedia":[{"embeddable":true,"href":"https:\/\/www.lagatasibilah.com\/index.php\/wp-json\/wp\/v2\/media\/909"}],"wp:attachment":[{"href":"https:\/\/www.lagatasibilah.com\/index.php\/wp-json\/wp\/v2\/media?parent=920"}],"wp:term":[{"taxonomy":"product_brand","embeddable":true,"href":"https:\/\/www.lagatasibilah.com\/index.php\/wp-json\/wp\/v2\/product_brand?post=920"},{"taxonomy":"product_cat","embeddable":true,"href":"https:\/\/www.lagatasibilah.com\/index.php\/wp-json\/wp\/v2\/product_cat?post=920"},{"taxonomy":"product_tag","embeddable":true,"href":"https:\/\/www.lagatasibilah.com\/index.php\/wp-json\/wp\/v2\/product_tag?post=920"}],"curies":[{"name":"wp","href":"https:\/\/api.w.org\/{rel}","templated":true}]}}