{"id":903,"date":"2017-10-19T14:00:47","date_gmt":"2017-10-19T17:00:47","guid":{"rendered":"http:\/\/www.lagatasibilah.com\/?post_type=product&#038;p=903"},"modified":"2017-11-21T14:35:15","modified_gmt":"2017-11-21T17:35:15","slug":"una-voz-escondida","status":"publish","type":"product","link":"https:\/\/www.lagatasibilah.com\/index.php\/product\/una-voz-escondida\/","title":{"rendered":"Una voz escondida"},"content":{"rendered":"","protected":false},"excerpt":{"rendered":"<p>Tras el extraordinario \u00e9xito obtenido con el El libro de mi destino, donde dio voz a las mujeres iran\u00edes oprimidas por el fanatismo religioso, Parinoush Saniee aborda en su segunda novela las aciagas secuelas de la insensibilidad y la ignorancia. Bas\u00e1ndose en el caso real de un ni\u00f1o que no habl\u00f3 hasta cumplir los siete a\u00f1os, Saniee toma el pulso a la sociedad de su pa\u00eds con una historia en la que el silencio cobra la fuerza de un grito de protesta.<\/p>\n<p>A Shahab le encanta mirar c\u00f3mo brilla la luna en el cielo nocturno, silenciosa, como \u00e9l, que nunca ha pronunciado una palabra.<\/p>\n<p>No se trata de una enfermedad, no es mudo, sencillamente ha decidido que el momento de hablar a\u00fan no ha llegado. C\u00f3mo es natural, todo el mundo lo considera un ni\u00f1o problem\u00e1tico, incluso menos espabilado que los dem\u00e1s chicos de su edad, y cuando la burla y la animadversi\u00f3n hacen acto de presencia, su padre, Naser, no encuentra ni el tiempo ni las ganas de defender a su hijo ni de entender su mutismo. As\u00ed pues, Shahab se encierra en un universo propio del que intentar\u00e1 rescatarlo su madre, Mariam, la \u00fanica que cree en \u00e9l, una mujer culta y educada que conoce de primera mano los da\u00f1os que la incomprensi\u00f3n y la indiferencia pueden infligir a una persona. D\u00eda tras d\u00eda, Shahab ir\u00e1 descubriendo que a veces el camino que lleva al coraz\u00f3n de la gente es largo y tortuoso, pero que, a la postre, la verdad siempre encuentra una forma de quitarse la mordaza y hacer o\u00edr su voz.<\/p>\n<p>&nbsp;<\/p>\n<p><strong>Autor:<\/strong> Parinoush Saniee<br \/>\n<strong>Editorial:<\/strong> Salamandra<br \/>\n<strong>N\u00famero de p\u00e1ginas:<\/strong> 272<br \/>\n<strong>Peso:<\/strong> 410 gramos<br \/>\n<strong>Formato:<\/strong> R\u00fastica<br \/>\n<strong>Edici\u00f3n:<\/strong> 2016<br \/>\n<strong>Idioma:<\/strong> Castellano<br \/>\n<strong>ISBN:<\/strong> 9788498387384<\/p>\n<p>&nbsp;<\/p>\n<p><strong>CONSULT\u00c1 PRECIO Y DISPONIBILIDAD A NUESTRO MAIL:<\/strong>\u00a0<a href=\"mailto:lagatasibilah@gmail.com\">lagatasibilah@gmail.com<\/a><\/p>\n<p>&nbsp;<\/p>\n","protected":false},"featured_media":893,"comment_status":"open","ping_status":"closed","template":"","meta":{"_acf_changed":false},"product_brand":[],"product_cat":[30],"product_tag":[],"class_list":{"0":"post-903","1":"product","2":"type-product","3":"status-publish","4":"has-post-thumbnail","6":"product_cat-novela","8":"first","9":"instock","10":"shipping-taxable","11":"product-type-simple"},"acf":[],"jetpack_sharing_enabled":true,"_links":{"self":[{"href":"https:\/\/www.lagatasibilah.com\/index.php\/wp-json\/wp\/v2\/product\/903","targetHints":{"allow":["GET"]}}],"collection":[{"href":"https:\/\/www.lagatasibilah.com\/index.php\/wp-json\/wp\/v2\/product"}],"about":[{"href":"https:\/\/www.lagatasibilah.com\/index.php\/wp-json\/wp\/v2\/types\/product"}],"replies":[{"embeddable":true,"href":"https:\/\/www.lagatasibilah.com\/index.php\/wp-json\/wp\/v2\/comments?post=903"}],"wp:featuredmedia":[{"embeddable":true,"href":"https:\/\/www.lagatasibilah.com\/index.php\/wp-json\/wp\/v2\/media\/893"}],"wp:attachment":[{"href":"https:\/\/www.lagatasibilah.com\/index.php\/wp-json\/wp\/v2\/media?parent=903"}],"wp:term":[{"taxonomy":"product_brand","embeddable":true,"href":"https:\/\/www.lagatasibilah.com\/index.php\/wp-json\/wp\/v2\/product_brand?post=903"},{"taxonomy":"product_cat","embeddable":true,"href":"https:\/\/www.lagatasibilah.com\/index.php\/wp-json\/wp\/v2\/product_cat?post=903"},{"taxonomy":"product_tag","embeddable":true,"href":"https:\/\/www.lagatasibilah.com\/index.php\/wp-json\/wp\/v2\/product_tag?post=903"}],"curies":[{"name":"wp","href":"https:\/\/api.w.org\/{rel}","templated":true}]}}