{"id":875,"date":"2017-10-07T09:07:56","date_gmt":"2017-10-07T12:07:56","guid":{"rendered":"http:\/\/www.lagatasibilah.com\/?post_type=product&#038;p=875"},"modified":"2017-11-21T14:37:37","modified_gmt":"2017-11-21T17:37:37","slug":"mas-alla-del-olvido","status":"publish","type":"product","link":"https:\/\/www.lagatasibilah.com\/index.php\/product\/mas-alla-del-olvido\/","title":{"rendered":"M\u00e1s all\u00e1 del olvido"},"content":{"rendered":"","protected":false},"excerpt":{"rendered":"<p>Un joven aspirante a escritor coincide con una pareja de paso en un Par\u00eds invernal. \u00c9l es adicto al juego y ella sue\u00f1a con viajar a Mallorca. Los tres forman un vago tri\u00e1ngulo amoroso, hasta la irrupci\u00f3n de un hombre misterioso llamado Cartaud.<\/p>\n<p>Novela rom\u00e1ntica, polic\u00edaca, de aventuras y road movie, M\u00e1s all\u00e1 del olvido es tambi\u00e9n la historia de una obsesi\u00f3n.<\/p>\n<p>Una obra clave para descubrir o redescubrir a Patrick Modiano, Premio Nobel de Literatura.<\/p>\n<p>&nbsp;<\/p>\n<p><strong>Autor:<\/strong> Modiano, Patrick<br \/>\n<strong>Editorial:<\/strong> Alfaguara<br \/>\n<strong>ISBN:<\/strong> 9789877380286<br \/>\n<strong>P\u00e1ginas:<\/strong> 168<br \/>\n<strong>Publicaci\u00f3n:<\/strong> 24\/11\/2014<br \/>\n<strong>Idioma:<\/strong> Espa\u00f1ol<\/p>\n<p>&nbsp;<\/p>\n<div class=\"woocommerce-product-details__short-description\">\n<p><strong>CONSULT\u00c1 PRECIO Y DISPONIBILIDAD A NUESTRO MAIL:<\/strong>\u00a0<a href=\"mailto:lagatasibilah@gmail.com\">lagatasibilah@gmail.com<\/a><\/p>\n<\/div>\n<div><\/div>\n","protected":false},"featured_media":870,"comment_status":"open","ping_status":"closed","template":"","meta":{"_acf_changed":false},"product_brand":[],"product_cat":[30],"product_tag":[],"class_list":{"0":"post-875","1":"product","2":"type-product","3":"status-publish","4":"has-post-thumbnail","6":"product_cat-novela","8":"first","9":"outofstock","10":"shipping-taxable","11":"product-type-simple"},"acf":[],"jetpack_sharing_enabled":true,"_links":{"self":[{"href":"https:\/\/www.lagatasibilah.com\/index.php\/wp-json\/wp\/v2\/product\/875","targetHints":{"allow":["GET"]}}],"collection":[{"href":"https:\/\/www.lagatasibilah.com\/index.php\/wp-json\/wp\/v2\/product"}],"about":[{"href":"https:\/\/www.lagatasibilah.com\/index.php\/wp-json\/wp\/v2\/types\/product"}],"replies":[{"embeddable":true,"href":"https:\/\/www.lagatasibilah.com\/index.php\/wp-json\/wp\/v2\/comments?post=875"}],"wp:featuredmedia":[{"embeddable":true,"href":"https:\/\/www.lagatasibilah.com\/index.php\/wp-json\/wp\/v2\/media\/870"}],"wp:attachment":[{"href":"https:\/\/www.lagatasibilah.com\/index.php\/wp-json\/wp\/v2\/media?parent=875"}],"wp:term":[{"taxonomy":"product_brand","embeddable":true,"href":"https:\/\/www.lagatasibilah.com\/index.php\/wp-json\/wp\/v2\/product_brand?post=875"},{"taxonomy":"product_cat","embeddable":true,"href":"https:\/\/www.lagatasibilah.com\/index.php\/wp-json\/wp\/v2\/product_cat?post=875"},{"taxonomy":"product_tag","embeddable":true,"href":"https:\/\/www.lagatasibilah.com\/index.php\/wp-json\/wp\/v2\/product_tag?post=875"}],"curies":[{"name":"wp","href":"https:\/\/api.w.org\/{rel}","templated":true}]}}