{"id":868,"date":"2017-10-07T08:48:42","date_gmt":"2017-10-07T11:48:42","guid":{"rendered":"http:\/\/www.lagatasibilah.com\/?post_type=product&#038;p=868"},"modified":"2017-12-19T16:01:40","modified_gmt":"2017-12-19T19:01:40","slug":"la-libreria-de-las-nuevas-oportunidades","status":"publish","type":"product","link":"https:\/\/www.lagatasibilah.com\/index.php\/product\/la-libreria-de-las-nuevas-oportunidades\/","title":{"rendered":"La librer\u00eda de las nuevas oportunidades"},"content":{"rendered":"","protected":false},"excerpt":{"rendered":"<p>\u00c9rase una vez una vieja librer\u00eda en la peque\u00f1a y lluviosa isla de Shelter Island.<\/p>\n<p>A ese lugar tan especial, donde los libros parecen tener vida propia, llega un d\u00eda Jasmine, dispuesta a hacerse cargo del negocio mientras la propietaria, su t\u00eda Ruma, viaja a la India para curar su coraz\u00f3n cansado.<\/p>\n<p>Sola en medio del polvo y el desorden, la joven intenta dar un toque de modernidad al local, colocando t\u00edtulos nuevos y llamativos en el escaparate, pero muy pronto los cl\u00e1sicos de siempre imponen su presencia, y los autores vivos y muertos revolotean por las estanter\u00edas dejando o\u00edr su voz.<\/p>\n<p>As\u00ed Jasmine vuelve a descubrir a Shakespeare y a Edgar Allan Poe, y no solo eso: la chica aprende a escuchar a sus clientes, a comprender lo que de verdad buscan en una novela o en un manual de cocina, y acabar\u00e1 encontrando al hombre con quien compartir todos los libros de su vida.<\/p>\n<p>La librer\u00eda de las nuevas oportunidades es a la vez una f\u00e1bula rom\u00e1ntica y un homenaje a la buena literatura porque a menudo es ah\u00ed, en las p\u00e1ginas amarillentas de un libro olvidado, donde est\u00e1n las palabras que pueden cambiar nuestra vida.<\/p>\n<p><em>&#8220;Dedico esta novela a todos los libreros, est\u00e9n donde est\u00e9n. Ellos son los que nunca se cansan de vender sue\u00f1os&#8221;. <\/em>Anjali Banerjee<\/p>\n<p>&nbsp;<\/p>\n<p><strong>Autor:<\/strong> Banerjee, Anjali<br \/>\n<strong>N\u00ba de p\u00e1ginas:<\/strong> 304 p\u00e1gs.<br \/>\n<strong>Encuadernaci\u00f3n:<\/strong> Tapa blanda<br \/>\n<strong>Editorial:<\/strong> LUMEN<br \/>\n<strong>Lengua:<\/strong> CASTELLANO<br \/>\n<strong>ISBN:<\/strong> 9788426420282<\/p>\n<p>&nbsp;<\/p>\n<div class=\"woocommerce-product-details__short-description\">\n<p><strong>CONSULT\u00c1 PRECIO Y DISPONIBILIDAD A NUESTRO MAIL:<\/strong>\u00a0<a href=\"mailto:lagatasibilah@gmail.com\">lagatasibilah@gmail.com<\/a><\/p>\n<\/div>\n<div><\/div>\n","protected":false},"featured_media":872,"comment_status":"open","ping_status":"closed","template":"","meta":{"_acf_changed":false},"product_brand":[],"product_cat":[30],"product_tag":[],"class_list":{"0":"post-868","1":"product","2":"type-product","3":"status-publish","4":"has-post-thumbnail","6":"product_cat-novela","8":"first","9":"outofstock","10":"shipping-taxable","11":"product-type-simple"},"acf":[],"jetpack_sharing_enabled":true,"_links":{"self":[{"href":"https:\/\/www.lagatasibilah.com\/index.php\/wp-json\/wp\/v2\/product\/868","targetHints":{"allow":["GET"]}}],"collection":[{"href":"https:\/\/www.lagatasibilah.com\/index.php\/wp-json\/wp\/v2\/product"}],"about":[{"href":"https:\/\/www.lagatasibilah.com\/index.php\/wp-json\/wp\/v2\/types\/product"}],"replies":[{"embeddable":true,"href":"https:\/\/www.lagatasibilah.com\/index.php\/wp-json\/wp\/v2\/comments?post=868"}],"wp:featuredmedia":[{"embeddable":true,"href":"https:\/\/www.lagatasibilah.com\/index.php\/wp-json\/wp\/v2\/media\/872"}],"wp:attachment":[{"href":"https:\/\/www.lagatasibilah.com\/index.php\/wp-json\/wp\/v2\/media?parent=868"}],"wp:term":[{"taxonomy":"product_brand","embeddable":true,"href":"https:\/\/www.lagatasibilah.com\/index.php\/wp-json\/wp\/v2\/product_brand?post=868"},{"taxonomy":"product_cat","embeddable":true,"href":"https:\/\/www.lagatasibilah.com\/index.php\/wp-json\/wp\/v2\/product_cat?post=868"},{"taxonomy":"product_tag","embeddable":true,"href":"https:\/\/www.lagatasibilah.com\/index.php\/wp-json\/wp\/v2\/product_tag?post=868"}],"curies":[{"name":"wp","href":"https:\/\/api.w.org\/{rel}","templated":true}]}}