{"id":846,"date":"2017-09-19T08:43:10","date_gmt":"2017-09-19T11:43:10","guid":{"rendered":"http:\/\/www.lagatasibilah.com\/?post_type=product&#038;p=846"},"modified":"2017-09-23T08:35:41","modified_gmt":"2017-09-23T11:35:41","slug":"alguien-bajo-los-parpados","status":"publish","type":"product","link":"https:\/\/www.lagatasibilah.com\/index.php\/product\/alguien-bajo-los-parpados\/","title":{"rendered":"Alguien bajo los p\u00e1rpados"},"content":{"rendered":"","protected":false},"excerpt":{"rendered":"<p>Dos ancianas, Olvido Fandi\u00f1o y su criada Bruna, deciden emprender un viaje, un \u00faltimo viaje. Lo har\u00e1n en un viejo Volkswagen escarabajo, en cuyo maletero introducen un bulto sospechoso que parece un cad\u00e1ver. Conducir\u00e1 do\u00f1a Olvido, que para algo es la orgullosa poseedora del primer carnet de conducir expedido a una f\u00e9mina en la ciudad de Santiago. Ambas mujeres (que llevan media vida juntas, se pelean todo el d\u00eda pero no saben vivir la una sin la otra) forman una extra\u00f1a pareja. Quedaron unidas para siempre por un hecho terrible del pasado: un hecho relacionado con el matrimonio de Olvido con un abogado con simpat\u00edas galleguistas, la exc\u00e9ntrica familia de \u00e9ste \u2013que incluye a un hermano coleccionista de mu\u00f1ecas que hace misteriosos viajes a Par\u00eds\u2013 y los amor\u00edos de la criada de la casa, con el trasfondo del estallido de la guerra civil y el mundo rural gallego.<\/p>\n<p>En su \u00faltimo viaje se suceder\u00e1n los percances y los encuentros variopintos: con un reportero de televisi\u00f3n tal vez interesado en entrevistar a do\u00f1a Olvido porque supuestamente conoci\u00f3 a \u00c1lvaro Cunqueiro, o con una pareja de guardias civiles que las ayudar\u00e1n en la b\u00fasqueda de la dentadura postiza de Bruna, que ha salido disparada por la ventanilla.<\/p>\n<p>Mezcla de esperpento y road movie senil, esta novela chiflada con toques macabros narra la fuga de dos mujeres que son una mezcla de Thelma y Louise y las entra\u00f1ables y temibles ancianas de Ars\u00e9nico por compasi\u00f3n en versi\u00f3n gallega. Porque Olvido y Bruna dejan a su paso un reguero de cad\u00e1veres tanto en el presente como en el pasado. Cristina S\u00e1nchez-Andrade forja dos personajes inolvidables a los que somete a una peripecia enloquecida, desternillante y desoladoramente humana.<\/p>\n<p>&nbsp;<\/p>\n<p><strong>Autor:<\/strong> Sanchez Andrade, Cristina<br \/>\n<strong>Colecci\u00f3n:<\/strong> NARRATIVAS HISPANICAS<br \/>\n<strong>N\u00famero de p\u00e1ginas:<\/strong> 336<br \/>\n<strong>Peso:<\/strong> 400 gramos<br \/>\n<strong>Formato:<\/strong> R\u00fastica<br \/>\n<strong>Edici\u00f3n:<\/strong> 2017<br \/>\n<strong>Idioma:<\/strong> Castellano<br \/>\n<strong>ISBN:<\/strong> 9788433998361<\/p>\n<p>&nbsp;<\/p>\n<p><strong>CONSULT\u00c1 PRECIO Y DISPONIBILIDAD A NUESTRO MAIL:<\/strong>\u00a0<a href=\"mailto:lagatasibilah@gmail.com\">lagatasibilah@gmail.com<\/a><\/p>\n","protected":false},"featured_media":847,"comment_status":"open","ping_status":"closed","template":"","meta":{"_acf_changed":false},"product_brand":[],"product_cat":[30],"product_tag":[56],"class_list":{"0":"post-846","1":"product","2":"type-product","3":"status-publish","4":"has-post-thumbnail","6":"product_cat-novela","7":"product_tag-novedades","9":"first","10":"instock","11":"shipping-taxable","12":"product-type-simple"},"acf":[],"jetpack_sharing_enabled":true,"_links":{"self":[{"href":"https:\/\/www.lagatasibilah.com\/index.php\/wp-json\/wp\/v2\/product\/846","targetHints":{"allow":["GET"]}}],"collection":[{"href":"https:\/\/www.lagatasibilah.com\/index.php\/wp-json\/wp\/v2\/product"}],"about":[{"href":"https:\/\/www.lagatasibilah.com\/index.php\/wp-json\/wp\/v2\/types\/product"}],"replies":[{"embeddable":true,"href":"https:\/\/www.lagatasibilah.com\/index.php\/wp-json\/wp\/v2\/comments?post=846"}],"wp:featuredmedia":[{"embeddable":true,"href":"https:\/\/www.lagatasibilah.com\/index.php\/wp-json\/wp\/v2\/media\/847"}],"wp:attachment":[{"href":"https:\/\/www.lagatasibilah.com\/index.php\/wp-json\/wp\/v2\/media?parent=846"}],"wp:term":[{"taxonomy":"product_brand","embeddable":true,"href":"https:\/\/www.lagatasibilah.com\/index.php\/wp-json\/wp\/v2\/product_brand?post=846"},{"taxonomy":"product_cat","embeddable":true,"href":"https:\/\/www.lagatasibilah.com\/index.php\/wp-json\/wp\/v2\/product_cat?post=846"},{"taxonomy":"product_tag","embeddable":true,"href":"https:\/\/www.lagatasibilah.com\/index.php\/wp-json\/wp\/v2\/product_tag?post=846"}],"curies":[{"name":"wp","href":"https:\/\/api.w.org\/{rel}","templated":true}]}}