{"id":844,"date":"2017-09-19T08:29:59","date_gmt":"2017-09-19T11:29:59","guid":{"rendered":"http:\/\/www.lagatasibilah.com\/?post_type=product&#038;p=844"},"modified":"2017-09-19T08:40:58","modified_gmt":"2017-09-19T11:40:58","slug":"parece-que-fuera-es-primavera","status":"publish","type":"product","link":"https:\/\/www.lagatasibilah.com\/index.php\/product\/parece-que-fuera-es-primavera\/","title":{"rendered":"Parece que fuera es primavera"},"content":{"rendered":"","protected":false},"excerpt":{"rendered":"<p>Esta novela relata una historia real. Sucedi\u00f3 en 2011. La vivi\u00f3 Irina Lucidi. Esta novela aborda un dolor para el que muchos idiomas no tienen una palabra: \u00abLa palabra que falta. El progenitor que pierde a un hijo. No que lo mata: que lo pierde. \u00bfC\u00f3mo se llama, c\u00f3mo se dice, qui\u00e9n es aquel a quien se le ha muerto un hijo? \u00bfQu\u00e9 lugar ocupa en la historia? Falta la palabra, falta la palabra. Carencia, ausencia. \u00bfQui\u00e9n la ha borrado?, \u00bfcu\u00e1ndo?, del diccionario italiano, franc\u00e9s, alem\u00e1n, espa\u00f1ol, ingl\u00e9s. Y, adem\u00e1s, \u00bfpor qu\u00e9?\u00bb<\/p>\n<p>Irina es una mujer de padre italiano y madre alemana, criada en B\u00e9lgica y educada en escuelas italianas, abogada, con experiencia laboral en Estados Unidos, Francia y despu\u00e9s en Suiza, donde se cas\u00f3 con Mathias, un suizo alem\u00e1n que trabajaba en la misma multinacional que ella. Tuvieron dos hijas gemelas, Alessia y Livia, y se separaron. En enero de 2011 el padre se llev\u00f3 a las ni\u00f1as, que entonces ten\u00edan seis a\u00f1os, supuestamente para pasar unas vacaciones con ellas. Se suicid\u00f3 en las v\u00edas del tren en Italia y dej\u00f3 una nota a su ex mujer en la que le dec\u00eda que las peque\u00f1as no hab\u00edan sufrido y que no las volver\u00eda a ver.<\/p>\n<p>La novela relata la historia de ese desgarro, de ese dolor. La historia de una madre que busca a sus hijas y topa con la burocracia, con la indiferencia, con la desidia, con el olvido. La historia de una madre que debe aprender a vivir con esa ausencia. La historia de una madre que debe aprender a superar la p\u00e9rdida, a cerrar la herida, a mirar hacia delante, a descubrir que \u00abfuera es primavera\u00bb.<\/p>\n<p>Partiendo de un hecho de la cr\u00f3nica de sucesos y dando voz a la madre doliente, Concita De Gregorio ha escrito un libro sobre el absurdo, sobre lo atroz, sobre lo innombrable. Una novela que se adentra en el territorio incierto del sufrimiento y recorre el arduo itinerario necesario para superarlo, para salir adelante. Huyendo del sentimentalismo f\u00e1cil y del sensacionalismo barato, la autora crea una novela concisa, valiente, intensa, sobrecogedora, deslumbrante.<\/p>\n<p><em>\u00abM\u00e1s que una autobiograf\u00eda, es un poema en el que las palabras adoptan una intensidad l\u00edrica\u00bb (Melania G. Mazzucco).<\/em><\/p>\n<p><em>\u00abUn libro que hace pensar m\u00e1s en una balada que en una novela&#8230; Es en primer lugar la historia de una soledad femenina\u00bb (Elisabetta Rasy, 24 Ore).<\/em><\/p>\n<p><em>\u00abAprender a convivir con la ausencia. La lecci\u00f3n universal de una madre\u00bb (Aldo Cazzullo, Corriere della Sera).<\/em><\/p>\n<p>&nbsp;<\/p>\n<p><strong>Autor:<\/strong> De Gregorio, Concita<br \/>\n<strong>Colecci\u00f3n:<\/strong> PANORAMA DE NARRATIVAS<br \/>\n<strong>N\u00famero de p\u00e1ginas:<\/strong> 176<br \/>\n<strong>Peso:<\/strong> 400 gramos<br \/>\n<strong>Formato:<\/strong> R\u00fastica<br \/>\n<strong>Edici\u00f3n:<\/strong> 2017<br \/>\n<strong>Idioma:<\/strong> Castellano<br \/>\n<strong>ISBN:<\/strong> 9788433979872<\/p>\n<p>&nbsp;<\/p>\n<p><strong>CONSULT\u00c1 PRECIO Y DISPONIBILIDAD A NUESTRO MAIL:<\/strong>\u00a0<a href=\"mailto:lagatasibilah@gmail.com\">lagatasibilah@gmail.com<\/a><\/p>\n","protected":false},"featured_media":845,"comment_status":"open","ping_status":"closed","template":"","meta":{"_acf_changed":false},"product_brand":[],"product_cat":[30],"product_tag":[56],"class_list":{"0":"post-844","1":"product","2":"type-product","3":"status-publish","4":"has-post-thumbnail","6":"product_cat-novela","7":"product_tag-novedades","9":"first","10":"instock","11":"shipping-taxable","12":"product-type-simple"},"acf":[],"jetpack_sharing_enabled":true,"_links":{"self":[{"href":"https:\/\/www.lagatasibilah.com\/index.php\/wp-json\/wp\/v2\/product\/844","targetHints":{"allow":["GET"]}}],"collection":[{"href":"https:\/\/www.lagatasibilah.com\/index.php\/wp-json\/wp\/v2\/product"}],"about":[{"href":"https:\/\/www.lagatasibilah.com\/index.php\/wp-json\/wp\/v2\/types\/product"}],"replies":[{"embeddable":true,"href":"https:\/\/www.lagatasibilah.com\/index.php\/wp-json\/wp\/v2\/comments?post=844"}],"wp:featuredmedia":[{"embeddable":true,"href":"https:\/\/www.lagatasibilah.com\/index.php\/wp-json\/wp\/v2\/media\/845"}],"wp:attachment":[{"href":"https:\/\/www.lagatasibilah.com\/index.php\/wp-json\/wp\/v2\/media?parent=844"}],"wp:term":[{"taxonomy":"product_brand","embeddable":true,"href":"https:\/\/www.lagatasibilah.com\/index.php\/wp-json\/wp\/v2\/product_brand?post=844"},{"taxonomy":"product_cat","embeddable":true,"href":"https:\/\/www.lagatasibilah.com\/index.php\/wp-json\/wp\/v2\/product_cat?post=844"},{"taxonomy":"product_tag","embeddable":true,"href":"https:\/\/www.lagatasibilah.com\/index.php\/wp-json\/wp\/v2\/product_tag?post=844"}],"curies":[{"name":"wp","href":"https:\/\/api.w.org\/{rel}","templated":true}]}}