{"id":829,"date":"2017-09-06T16:41:25","date_gmt":"2017-09-06T19:41:25","guid":{"rendered":"http:\/\/www.lagatasibilah.com\/?post_type=product&#038;p=829"},"modified":"2017-09-06T16:43:44","modified_gmt":"2017-09-06T19:43:44","slug":"nacida-bajo-el-fuego-de-aries","status":"publish","type":"product","link":"https:\/\/www.lagatasibilah.com\/index.php\/product\/nacida-bajo-el-fuego-de-aries\/","title":{"rendered":"Nacida bajo el fuego de Aries"},"content":{"rendered":"","protected":false},"excerpt":{"rendered":"<p>B\u00e1rbara Deg\u00e8ner es una hermosa joven de 17 a\u00f1os que est\u00e1 terminando el secundario. Es del signo de Aries, independiente y batalladora. Sus padres est\u00e1n separados desde hace unos a\u00f1os y no parecen preocuparse demasiado por ella. Despu\u00e9s de una temporada que la llev\u00f3 a situaciones l\u00edmite, se siente muy sola pero est\u00e1 decidida a cambiar. Se pregunta si alguna vez podr\u00e1 encontrar la paz, la amistad y el amor verdadero.<\/p>\n<p>Por su parte, Sergio, un atl\u00e9tico y simp\u00e1tico estudiante cordob\u00e9s que juega muy bien al f\u00fatbol y que est\u00e1 dispuesto a triunfar como profesional, se muda a la capital y empieza a concurrir al colegio de B\u00e1rbara. El reci\u00e9n llegado debe hacerse un lugar entre sus nuevos compa\u00f1eros, entre los que est\u00e1n Camila, Lautaro, Bianca y Sebasti\u00e1n. Y B\u00e1rbara, por supuesto, quien le roba el coraz\u00f3n desde la primera vez que cruzan sus miradas. \u00bfPodr\u00e1 el amor cambiar las vidas de B\u00e1rbara y Sergio y convertirlos en personas a cargo de su destino?<\/p>\n<p>&nbsp;<\/p>\n<p><strong>Autor:<\/strong> Florencia Bonelli<br \/>\n<strong>Sello:<\/strong> ALFAGUARA<br \/>\n<strong>Fecha publicaci\u00f3n:<\/strong> 09\/2017<br \/>\n<strong>Idioma:<\/strong> Espa\u00f1ol<br \/>\n<strong>P\u00e1ginas:<\/strong>\u00a0624<br \/>\n<strong>ISBN:<\/strong> 9789877383454<\/p>\n<p>&nbsp;<\/p>\n<p><strong>CONSULT\u00c1 PRECIO Y DISPONIBILIDAD A NUESTRO MAIL:<\/strong>\u00a0<a href=\"mailto:lagatasibilah@gmail.com\">lagatasibilah@gmail.com<\/a><\/p>\n","protected":false},"featured_media":830,"comment_status":"open","ping_status":"closed","template":"","meta":{"_acf_changed":false},"product_brand":[],"product_cat":[30],"product_tag":[56],"class_list":{"0":"post-829","1":"product","2":"type-product","3":"status-publish","4":"has-post-thumbnail","6":"product_cat-novela","7":"product_tag-novedades","9":"first","10":"instock","11":"shipping-taxable","12":"product-type-simple"},"acf":[],"jetpack_sharing_enabled":true,"_links":{"self":[{"href":"https:\/\/www.lagatasibilah.com\/index.php\/wp-json\/wp\/v2\/product\/829","targetHints":{"allow":["GET"]}}],"collection":[{"href":"https:\/\/www.lagatasibilah.com\/index.php\/wp-json\/wp\/v2\/product"}],"about":[{"href":"https:\/\/www.lagatasibilah.com\/index.php\/wp-json\/wp\/v2\/types\/product"}],"replies":[{"embeddable":true,"href":"https:\/\/www.lagatasibilah.com\/index.php\/wp-json\/wp\/v2\/comments?post=829"}],"wp:featuredmedia":[{"embeddable":true,"href":"https:\/\/www.lagatasibilah.com\/index.php\/wp-json\/wp\/v2\/media\/830"}],"wp:attachment":[{"href":"https:\/\/www.lagatasibilah.com\/index.php\/wp-json\/wp\/v2\/media?parent=829"}],"wp:term":[{"taxonomy":"product_brand","embeddable":true,"href":"https:\/\/www.lagatasibilah.com\/index.php\/wp-json\/wp\/v2\/product_brand?post=829"},{"taxonomy":"product_cat","embeddable":true,"href":"https:\/\/www.lagatasibilah.com\/index.php\/wp-json\/wp\/v2\/product_cat?post=829"},{"taxonomy":"product_tag","embeddable":true,"href":"https:\/\/www.lagatasibilah.com\/index.php\/wp-json\/wp\/v2\/product_tag?post=829"}],"curies":[{"name":"wp","href":"https:\/\/api.w.org\/{rel}","templated":true}]}}