{"id":828,"date":"2017-09-06T16:32:04","date_gmt":"2017-09-06T19:32:04","guid":{"rendered":"http:\/\/www.lagatasibilah.com\/?post_type=product&#038;p=828"},"modified":"2017-09-06T16:32:05","modified_gmt":"2017-09-06T19:32:05","slug":"vivo-o-muerto","status":"publish","type":"product","link":"https:\/\/www.lagatasibilah.com\/index.php\/product\/vivo-o-muerto\/","title":{"rendered":"Vivo o muerto"},"content":{"rendered":"","protected":false},"excerpt":{"rendered":"<p><strong>\u00bfQu\u00e9 clase de idiota se escapar\u00eda de una prisi\u00f3n el d\u00eda antes de cumplir una condena de diez a\u00f1os?<\/strong><\/p>\n<p>Michael Robotham ha creado a un gran h\u00e9roe indefenso, un criminal honorable, envuelto en un gran misterio y preparado para guiar al lector hacia una persecuci\u00f3n memorable.<\/p>\n<p>Audie Palmer ha pasado los \u00faltimos diez a\u00f1os de su vida en prisi\u00f3n por un delito de robo armado, en el que, cuatro personas resultaron muertas, incluyendo a dos miembros de la banda de asaltantes. Siete millones de d\u00f3lares desaparecieron en dicho robo y todo el mundo cree que Audie sabe en d\u00f3nde est\u00e1 el dinero.<\/p>\n<p>Durante diez a\u00f1os, Audie ha sido golpeado, apu\u00f1alado, estrangulado y amenazado por los guardias de la c\u00e1rcel, por el resto de presos y por mafiosos, todos ellos en b\u00fasqueda de la respuesta a una sola pregunta; \u00bfd\u00f3nde est\u00e1n escondidos los siete millones de d\u00f3lares que desaparecieron hace casi una d\u00e9cada? Pero de repente, Audie desaparece el d\u00eda antes de cumplir su condena.<\/p>\n<p>En ese momento, comienza la fren\u00e9tica y desesperada b\u00fasqueda de Audie, lo que nadie se puede imaginar es que \u00e9l no est\u00e1 huyendo. Audie est\u00e1 intentando salvar una vida\u2026 y no se trata solo de la de \u00e9l mismo.<\/p>\n<p>&nbsp;<\/p>\n<p><strong>Autor:<\/strong> Robotham, Michael<br \/>\n<strong>Editorial:<\/strong> ROCA EDITORIAL<br \/>\n<strong>Paginas:<\/strong> 464<br \/>\n<strong>Edici\u00f3n:<\/strong> 2017<br \/>\n<strong>Idioma:<\/strong> Espa\u00f1ol<br \/>\n<strong>ISBN<\/strong> 9788416867592<\/p>\n<p>&nbsp;<\/p>\n<p><strong>CONSULT\u00c1 PRECIO Y DISPONIBILIDAD A NUESTRO MAIL:<\/strong>\u00a0<a href=\"mailto:lagatasibilah@gmail.com\">lagatasibilah@gmail.com<\/a><\/p>\n","protected":false},"featured_media":795,"comment_status":"open","ping_status":"closed","template":"","meta":{"_acf_changed":false},"product_brand":[],"product_cat":[30],"product_tag":[56],"class_list":{"0":"post-828","1":"product","2":"type-product","3":"status-publish","4":"has-post-thumbnail","6":"product_cat-novela","7":"product_tag-novedades","9":"first","10":"instock","11":"shipping-taxable","12":"product-type-simple"},"acf":[],"jetpack_sharing_enabled":true,"_links":{"self":[{"href":"https:\/\/www.lagatasibilah.com\/index.php\/wp-json\/wp\/v2\/product\/828","targetHints":{"allow":["GET"]}}],"collection":[{"href":"https:\/\/www.lagatasibilah.com\/index.php\/wp-json\/wp\/v2\/product"}],"about":[{"href":"https:\/\/www.lagatasibilah.com\/index.php\/wp-json\/wp\/v2\/types\/product"}],"replies":[{"embeddable":true,"href":"https:\/\/www.lagatasibilah.com\/index.php\/wp-json\/wp\/v2\/comments?post=828"}],"wp:featuredmedia":[{"embeddable":true,"href":"https:\/\/www.lagatasibilah.com\/index.php\/wp-json\/wp\/v2\/media\/795"}],"wp:attachment":[{"href":"https:\/\/www.lagatasibilah.com\/index.php\/wp-json\/wp\/v2\/media?parent=828"}],"wp:term":[{"taxonomy":"product_brand","embeddable":true,"href":"https:\/\/www.lagatasibilah.com\/index.php\/wp-json\/wp\/v2\/product_brand?post=828"},{"taxonomy":"product_cat","embeddable":true,"href":"https:\/\/www.lagatasibilah.com\/index.php\/wp-json\/wp\/v2\/product_cat?post=828"},{"taxonomy":"product_tag","embeddable":true,"href":"https:\/\/www.lagatasibilah.com\/index.php\/wp-json\/wp\/v2\/product_tag?post=828"}],"curies":[{"name":"wp","href":"https:\/\/api.w.org\/{rel}","templated":true}]}}