{"id":827,"date":"2017-09-06T16:24:37","date_gmt":"2017-09-06T19:24:37","guid":{"rendered":"http:\/\/www.lagatasibilah.com\/?post_type=product&#038;p=827"},"modified":"2017-09-06T16:24:37","modified_gmt":"2017-09-06T19:24:37","slug":"verano-del-odio","status":"publish","type":"product","link":"https:\/\/www.lagatasibilah.com\/index.php\/product\/verano-del-odio\/","title":{"rendered":"Verano del odio"},"content":{"rendered":"","protected":false},"excerpt":{"rendered":"<p>Perseguida por el fantasma de un juego sexual que entabl\u00f3 con &#8220;su asesino&#8221; (como llamar\u00eda luego a Nicholas, un dominante en busca de una esclava al que conoci\u00f3 a trav\u00e9s de un sitio web de citas BDSM), Catt, profesora y cr\u00edtica de arte, alterna la vida acad\u00e9mica y cultural con los negocios inmobiliarios en el suroeste de los Estados Unidos, mientras trata de descifrar d\u00f3nde comenz\u00f3 ese deseo de muerte que la hab\u00eda llevado de la fantas\u00eda al terror.<\/p>\n<p>En 2005, consciente de que el discurso cr\u00edtico sobre el que bas\u00f3 su carrera es un sistema de cifrado para otra cosa, se traslada a Albuquerque para reinvertir algunas ganancias en bienes ra\u00edces y restablecer el di\u00e1logo con algo m\u00e1s parecido a la &#8220;vida real&#8221;. All\u00ed conoce a Pablo Garc\u00eda, un ex convicto y alcoh\u00f3lico en recuperaci\u00f3n, con una historia de vida deudora de lo peor de un sistema social y pol\u00edtico que genera cada vez m\u00e1s marginalidad y desigualdad.<\/p>\n<p>Una novela l\u00facida y mordaz, que explora la subjetividad femenina sexualizada, el lado m\u00e1s vulnerable del mundo del arte de \u00e9lite y la experiencia dentro del sistema penitenciario, a trav\u00e9s del prisma de un romance atribulado. Y que confirma a Chris Kraus como una de las escritoras m\u00e1s incisivas de la literatura norteamericana contempor\u00e1nea.<\/p>\n<p>&nbsp;<\/p>\n<p><strong>Autor:<\/strong> Kraus, Chris<br \/>\n<strong>Editorial:<\/strong> Eterna Cadencia<br \/>\n<strong>ISBN:<\/strong> 9789877120387<br \/>\n<strong>P\u00e1ginas:<\/strong> 272<br \/>\n<strong>Publicaci\u00f3n:<\/strong> 26\/06\/2014<br \/>\n<strong>Idioma:<\/strong> Espa\u00f1ol<\/p>\n<p>&nbsp;<\/p>\n<p><strong>CONSULT\u00c1 PRECIO Y DISPONIBILIDAD A NUESTRO MAIL:<\/strong>\u00a0<a href=\"mailto:lagatasibilah@gmail.com\">lagatasibilah@gmail.com<\/a><\/p>\n","protected":false},"featured_media":796,"comment_status":"open","ping_status":"closed","template":"","meta":{"_acf_changed":false},"product_brand":[],"product_cat":[30],"product_tag":[56],"class_list":{"0":"post-827","1":"product","2":"type-product","3":"status-publish","4":"has-post-thumbnail","6":"product_cat-novela","7":"product_tag-novedades","9":"first","10":"instock","11":"shipping-taxable","12":"product-type-simple"},"acf":[],"jetpack_sharing_enabled":true,"_links":{"self":[{"href":"https:\/\/www.lagatasibilah.com\/index.php\/wp-json\/wp\/v2\/product\/827","targetHints":{"allow":["GET"]}}],"collection":[{"href":"https:\/\/www.lagatasibilah.com\/index.php\/wp-json\/wp\/v2\/product"}],"about":[{"href":"https:\/\/www.lagatasibilah.com\/index.php\/wp-json\/wp\/v2\/types\/product"}],"replies":[{"embeddable":true,"href":"https:\/\/www.lagatasibilah.com\/index.php\/wp-json\/wp\/v2\/comments?post=827"}],"wp:featuredmedia":[{"embeddable":true,"href":"https:\/\/www.lagatasibilah.com\/index.php\/wp-json\/wp\/v2\/media\/796"}],"wp:attachment":[{"href":"https:\/\/www.lagatasibilah.com\/index.php\/wp-json\/wp\/v2\/media?parent=827"}],"wp:term":[{"taxonomy":"product_brand","embeddable":true,"href":"https:\/\/www.lagatasibilah.com\/index.php\/wp-json\/wp\/v2\/product_brand?post=827"},{"taxonomy":"product_cat","embeddable":true,"href":"https:\/\/www.lagatasibilah.com\/index.php\/wp-json\/wp\/v2\/product_cat?post=827"},{"taxonomy":"product_tag","embeddable":true,"href":"https:\/\/www.lagatasibilah.com\/index.php\/wp-json\/wp\/v2\/product_tag?post=827"}],"curies":[{"name":"wp","href":"https:\/\/api.w.org\/{rel}","templated":true}]}}