{"id":825,"date":"2017-09-06T07:37:59","date_gmt":"2017-09-06T10:37:59","guid":{"rendered":"http:\/\/www.lagatasibilah.com\/?post_type=product&#038;p=825"},"modified":"2017-09-06T07:37:59","modified_gmt":"2017-09-06T10:37:59","slug":"papa","status":"publish","type":"product","link":"https:\/\/www.lagatasibilah.com\/index.php\/product\/papa\/","title":{"rendered":"Pap\u00e1"},"content":{"rendered":"","protected":false},"excerpt":{"rendered":"<p>La noticia es concluyente: el c\u00e1ncer es irreversible y es cuesti\u00f3n de tiempo. Un a\u00f1o, a\u00f1o y medio, y el padre estar\u00e1 muerto. Entonces, con el final en el horizonte, ya no como una verdad general, todos morimos, sino con una fecha m\u00e1s o menos cierta, el hijo, un escritor, se inclina hacia esa vida y decide contarla. Y quiz\u00e1s, acaso, comprender mejor y aceptar de hecho los feroces desencuentros, tantos a\u00f1os de silencio y lejan\u00eda.<\/p>\n<p>Ese padre que fue dos veces intendente de la ciudad, ambas bajo gobiernos militares; que se opuso a su militancia primero y a su decisi\u00f3n de ser escritor despu\u00e9s, lo que es decir que se opuso a todo lo que exist\u00eda en \u00e9l. La intimidad y la pol\u00edtica argentina, durante varias d\u00e9cadas, los pone en veredas opuestas. Y no son tiempos amables, son los m\u00e1s violentos que hayamos conocido: una elecci\u00f3n o un malentendido pod\u00edan desembocar en la tortura, el infierno, la muerte. Ahora en el crep\u00fasculo aquello se aten\u00faa, como si no hubiera sido lo acontecido sino su m\u00e1scara, una tensi\u00f3n que los manten\u00eda a distancia y los desconoc\u00eda. Ese muro ha ca\u00eddo. No deja lugar a un relato m\u00e1s feliz, aunque permite contar la historia genuina, aquella que la memoria y el desencanto han perfeccionado. Las falsas emociones y los arrepentimientos ampulosos est\u00e1n desterrados. Solo bajo estas condiciones puede darse el reencuentro.<\/p>\n<p>Ajena a cualquier sentimentalismo, Pap\u00e1 es una novela a un tiempo voraz y sutil, y siempre conmovedora. Es tambi\u00e9n un relato implacable, que tiene la intensidad de las experiencias vividas. Escrita con descarnada valent\u00eda, sin adornos y sin pudor, muestra el amor de un hijo a un padre en toda su problem\u00e1tica pureza.<\/p>\n<p>&nbsp;<\/p>\n<p><strong>Autor:<\/strong> Jeanmaire, Federico<br \/>\n<strong>ISBN:<\/strong> 9789876283670<br \/>\n<strong>Tipo de tapa:<\/strong> R\u00fastica c\/solapas<br \/>\n<strong>Cantidad de p\u00e1ginas:<\/strong> 176 p\u00e1ginas<br \/>\n<strong>Dimensiones:<\/strong> 140 x 225 mm<\/p>\n<p>&nbsp;<\/p>\n<p><strong>CONSULT\u00c1 PRECIO Y DISPONIBILIDAD A NUESTRO MAIL:<\/strong>\u00a0<a href=\"mailto:lagatasibilah@gmail.com\">lagatasibilah@gmail.com<\/a><\/p>\n","protected":false},"featured_media":807,"comment_status":"open","ping_status":"closed","template":"","meta":{"_acf_changed":false},"product_brand":[],"product_cat":[30],"product_tag":[],"class_list":{"0":"post-825","1":"product","2":"type-product","3":"status-publish","4":"has-post-thumbnail","6":"product_cat-novela","8":"first","9":"instock","10":"shipping-taxable","11":"product-type-simple"},"acf":[],"jetpack_sharing_enabled":true,"_links":{"self":[{"href":"https:\/\/www.lagatasibilah.com\/index.php\/wp-json\/wp\/v2\/product\/825","targetHints":{"allow":["GET"]}}],"collection":[{"href":"https:\/\/www.lagatasibilah.com\/index.php\/wp-json\/wp\/v2\/product"}],"about":[{"href":"https:\/\/www.lagatasibilah.com\/index.php\/wp-json\/wp\/v2\/types\/product"}],"replies":[{"embeddable":true,"href":"https:\/\/www.lagatasibilah.com\/index.php\/wp-json\/wp\/v2\/comments?post=825"}],"wp:featuredmedia":[{"embeddable":true,"href":"https:\/\/www.lagatasibilah.com\/index.php\/wp-json\/wp\/v2\/media\/807"}],"wp:attachment":[{"href":"https:\/\/www.lagatasibilah.com\/index.php\/wp-json\/wp\/v2\/media?parent=825"}],"wp:term":[{"taxonomy":"product_brand","embeddable":true,"href":"https:\/\/www.lagatasibilah.com\/index.php\/wp-json\/wp\/v2\/product_brand?post=825"},{"taxonomy":"product_cat","embeddable":true,"href":"https:\/\/www.lagatasibilah.com\/index.php\/wp-json\/wp\/v2\/product_cat?post=825"},{"taxonomy":"product_tag","embeddable":true,"href":"https:\/\/www.lagatasibilah.com\/index.php\/wp-json\/wp\/v2\/product_tag?post=825"}],"curies":[{"name":"wp","href":"https:\/\/api.w.org\/{rel}","templated":true}]}}