{"id":824,"date":"2017-09-06T07:33:48","date_gmt":"2017-09-06T10:33:48","guid":{"rendered":"http:\/\/www.lagatasibilah.com\/?post_type=product&#038;p=824"},"modified":"2017-09-06T07:33:49","modified_gmt":"2017-09-06T10:33:49","slug":"marcas-de-nacimiento","status":"publish","type":"product","link":"https:\/\/www.lagatasibilah.com\/index.php\/product\/marcas-de-nacimiento\/","title":{"rendered":"Marcas de nacimiento"},"content":{"rendered":"","protected":false},"excerpt":{"rendered":"<p>Un acontecimiento terrible tuvo lugar durante la infancia de la bisabuela y las consecuencias se extienden a lo largo de generaciones. Es un libro sobre el impacto de los acontecimientos pol\u00edticos y familiares, sobre la forma en que se transmiten los recuerdos, sobre c\u00f3mo la Historia influye en las historias particulares.\u00bb As\u00ed define la galardonada escritora francocanadiense Nancy Huston su \u00faltima novela, que adem\u00e1s del Premio Femina 2006 obtuvo un enorme \u00e9xito en Francia con m\u00e1s de 400 mil ejemplares vendidos hasta la fecha.<\/p>\n<p>A trav\u00e9s de los relatos de cuatro ni\u00f1os, desde la actualidad hacia el pasado, el lector accede a los recuerdos personales que entretejen la historia familiar hasta culminar con el descubrimiento de un secreto que ha determinado la vida de todos ellos. La novela se inicia en California en 2004, con el brillante y mimado Sol; contin\u00faa en 1982 con su padre Randall, que divide su infancia entre Nueva York y Haifa; prosigue con su abuela Sadie desde el Toronto de los a\u00f1os sesenta y culmina con la bisabuela Erra desde su hogar en M\u00fanich en 1944. Una marca de nacimiento, una se\u00f1al cong\u00e9nita que une a las cuatro generaciones, ser\u00e1 la clave para desvelar ese terrible misterio que ha condicionado irremediablemente sus vidas.<\/p>\n<p>&nbsp;<\/p>\n<p><strong>Autor:<\/strong> Huston, Nancy<br \/>\n<strong>G\u00e9nero:<\/strong> NARRATIVA<br \/>\n<strong>Editorial:<\/strong> SALAMANDRA<br \/>\n<strong>A\u00f1o de edici\u00f3n:<\/strong> 2008<br \/>\n<strong>ISBN:<\/strong> 9788498381764<br \/>\n<strong>Idioma:<\/strong> Espa\u00f1ol<\/p>\n<p>&nbsp;<\/p>\n<p><strong>CONSULT\u00c1 PRECIO Y DISPONIBILIDAD A NUESTRO MAIL:<\/strong>\u00a0<a href=\"mailto:lagatasibilah@gmail.com\">lagatasibilah@gmail.com<\/a><\/p>\n","protected":false},"featured_media":808,"comment_status":"open","ping_status":"closed","template":"","meta":{"_acf_changed":false},"product_brand":[],"product_cat":[30],"product_tag":[56],"class_list":{"0":"post-824","1":"product","2":"type-product","3":"status-publish","4":"has-post-thumbnail","6":"product_cat-novela","7":"product_tag-novedades","9":"first","10":"instock","11":"shipping-taxable","12":"product-type-simple"},"acf":[],"jetpack_sharing_enabled":true,"_links":{"self":[{"href":"https:\/\/www.lagatasibilah.com\/index.php\/wp-json\/wp\/v2\/product\/824","targetHints":{"allow":["GET"]}}],"collection":[{"href":"https:\/\/www.lagatasibilah.com\/index.php\/wp-json\/wp\/v2\/product"}],"about":[{"href":"https:\/\/www.lagatasibilah.com\/index.php\/wp-json\/wp\/v2\/types\/product"}],"replies":[{"embeddable":true,"href":"https:\/\/www.lagatasibilah.com\/index.php\/wp-json\/wp\/v2\/comments?post=824"}],"wp:featuredmedia":[{"embeddable":true,"href":"https:\/\/www.lagatasibilah.com\/index.php\/wp-json\/wp\/v2\/media\/808"}],"wp:attachment":[{"href":"https:\/\/www.lagatasibilah.com\/index.php\/wp-json\/wp\/v2\/media?parent=824"}],"wp:term":[{"taxonomy":"product_brand","embeddable":true,"href":"https:\/\/www.lagatasibilah.com\/index.php\/wp-json\/wp\/v2\/product_brand?post=824"},{"taxonomy":"product_cat","embeddable":true,"href":"https:\/\/www.lagatasibilah.com\/index.php\/wp-json\/wp\/v2\/product_cat?post=824"},{"taxonomy":"product_tag","embeddable":true,"href":"https:\/\/www.lagatasibilah.com\/index.php\/wp-json\/wp\/v2\/product_tag?post=824"}],"curies":[{"name":"wp","href":"https:\/\/api.w.org\/{rel}","templated":true}]}}