{"id":822,"date":"2017-09-06T07:28:39","date_gmt":"2017-09-06T10:28:39","guid":{"rendered":"http:\/\/www.lagatasibilah.com\/?post_type=product&#038;p=822"},"modified":"2017-09-06T07:28:39","modified_gmt":"2017-09-06T10:28:39","slug":"entre-hombres","status":"publish","type":"product","link":"https:\/\/www.lagatasibilah.com\/index.php\/product\/entre-hombres\/","title":{"rendered":"Entre hombres"},"content":{"rendered":"","protected":false},"excerpt":{"rendered":"<p>Premiada y publicada en 2001, e incompresiblemente desatendida, Entre hombres es probablemente la mejor novela policial escrita en la Argentina en las \u00faltimas d\u00e9cadas. Las razones son tan contundentes como simples: una gran inteligencia narrativa, un total desparpajo pol\u00edtico, una prosa que hipnotiza, un ritmo que no da respiro. \u00bfQu\u00e9 m\u00e1s se puede pedir?<\/p>\n<p>Si en cada momento de la vida las cosas salieran tal cual lo planeado, es probable que no existiera la literatura. Sin una falla en el plan maestro del destino, \u00bfqu\u00e9 se podr\u00eda contar? No obstante, hay cambios y cambios. En esta novela de Germ\u00e1n Maggiori el rumbo se tuerce de manera abrupta y despiadada. Una org\u00eda, que incluye a una alta figura de la pol\u00edtica, travestis y prostitutas, termina con varias muertes. Y no precisamente por causas naturales. Hay, para colmo, un registro del hecho, es decir, una c\u00e1mara oculta; un juez que pretende distraer las huellas y un grupo de polic\u00edas que hacen lo que haya que hacer, con lo aterrador que puede ser ese leit motiv. El lugar es Buenos Aires, a fines del siglo XX. La corrupci\u00f3n no es una an\u00e9cdota sino un paradigma natural, y la violencia resuelve los eventuales accidentes. La bondad est\u00e1 ausente con aviso.<\/p>\n<p>Parece una historia conocida, pero en manos de German Maggiori esta trama se convierte en una novela negra inolvidable. Desde la primera p\u00e1gina uno entiende que est\u00e1 frente a un libro arrollador. Por potencia literaria, por una imaginaci\u00f3n desbordante y al mismo tiempo exacta, y porque su escritura no parece narrar un mundo habitual sino directamente construirlo. Lo edifica entre los pliegues y ocultamientos del otro, el que vemos cada d\u00eda, y el que cada d\u00eda intuimos que es apenas una fachada de una realidad m\u00e1s oscura y tenaz.<\/p>\n<p>&nbsp;<\/p>\n<p><strong>Autor:<\/strong> Maggiori, Hern\u00e1n<br \/>\n<strong>Editorial:<\/strong> EDHASA<br \/>\n<strong>Paginas:<\/strong> 312<br \/>\n<strong>Idioma:<\/strong> Espa\u00f1ol<br \/>\n<strong>Colecci\u00f3n<\/strong> EDHASA LITERARIA<br \/>\n<strong>ISBN<\/strong> 9789876282390<\/p>\n<p>&nbsp;<\/p>\n<p><strong>CONSULT\u00c1 PRECIO Y DISPONIBILIDAD A NUESTRO MAIL:<\/strong>\u00a0<a href=\"mailto:lagatasibilah@gmail.com\">lagatasibilah@gmail.com<\/a><\/p>\n","protected":false},"featured_media":823,"comment_status":"open","ping_status":"closed","template":"","meta":{"_acf_changed":false},"product_brand":[],"product_cat":[30],"product_tag":[56],"class_list":{"0":"post-822","1":"product","2":"type-product","3":"status-publish","4":"has-post-thumbnail","6":"product_cat-novela","7":"product_tag-novedades","9":"first","10":"instock","11":"shipping-taxable","12":"product-type-simple"},"acf":[],"jetpack_sharing_enabled":true,"_links":{"self":[{"href":"https:\/\/www.lagatasibilah.com\/index.php\/wp-json\/wp\/v2\/product\/822","targetHints":{"allow":["GET"]}}],"collection":[{"href":"https:\/\/www.lagatasibilah.com\/index.php\/wp-json\/wp\/v2\/product"}],"about":[{"href":"https:\/\/www.lagatasibilah.com\/index.php\/wp-json\/wp\/v2\/types\/product"}],"replies":[{"embeddable":true,"href":"https:\/\/www.lagatasibilah.com\/index.php\/wp-json\/wp\/v2\/comments?post=822"}],"wp:featuredmedia":[{"embeddable":true,"href":"https:\/\/www.lagatasibilah.com\/index.php\/wp-json\/wp\/v2\/media\/823"}],"wp:attachment":[{"href":"https:\/\/www.lagatasibilah.com\/index.php\/wp-json\/wp\/v2\/media?parent=822"}],"wp:term":[{"taxonomy":"product_brand","embeddable":true,"href":"https:\/\/www.lagatasibilah.com\/index.php\/wp-json\/wp\/v2\/product_brand?post=822"},{"taxonomy":"product_cat","embeddable":true,"href":"https:\/\/www.lagatasibilah.com\/index.php\/wp-json\/wp\/v2\/product_cat?post=822"},{"taxonomy":"product_tag","embeddable":true,"href":"https:\/\/www.lagatasibilah.com\/index.php\/wp-json\/wp\/v2\/product_tag?post=822"}],"curies":[{"name":"wp","href":"https:\/\/api.w.org\/{rel}","templated":true}]}}