{"id":816,"date":"2017-09-06T06:49:27","date_gmt":"2017-09-06T09:49:27","guid":{"rendered":"http:\/\/www.lagatasibilah.com\/?post_type=product&#038;p=816"},"modified":"2017-09-06T06:49:27","modified_gmt":"2017-09-06T09:49:27","slug":"quedate-este-dia-y-esta-noche-conmigo","status":"publish","type":"product","link":"https:\/\/www.lagatasibilah.com\/index.php\/product\/quedate-este-dia-y-esta-noche-conmigo\/","title":{"rendered":"Qu\u00e9date este d\u00eda y esta noche conmigo"},"content":{"rendered":"","protected":false},"excerpt":{"rendered":"<p>Esta es la historia de Mateo y Olga, y de una solicitud de trabajo que tiene a Google por destinatario. Es tambi\u00e9n la confesi\u00f3n de quien ha de valorar la propuesta. A Mateo, interesado por los robots, le obsesiona averiguar si el m\u00e9rito debe ser desterrado de las relaciones humanas. Olga, matem\u00e1tica y empresaria retirada, cree que los modelos estad\u00edsticos son narraciones y que la probabilidad es una forma m\u00e1s precisa de nombrar el acto de ser libre.<\/p>\n<p>Podr\u00eda ser una historia de amor en la medida en que el encuentro, el di\u00e1logo y el deseo de o\u00edr la voz del otro construyen un relato com\u00fan. Y porque, como en las historias de amor, ese encuentro alberga el desencuentro de dos formas distintas de ser y estar en el mundo.<\/p>\n<p>Mateo tiene la vida por delante y se niega a aceptar que esa vida no se pueda escribir desde la libertad. Olga, bastante m\u00e1s all\u00e1 de la mitad del camino, no teme relegar el yo al fondo de un caj\u00f3n ni vincular su cuerpo a una sociedad de la mente. Los une la misma voluntad de entender el comportamiento de la realidad y de sentir qu\u00e9 sucede cuando una m\u00e1quina se da cuenta de que es una m\u00e1quina. Un Dante vehemente y una Beatriz a punto de partir recorren un espacio que es infierno y tambi\u00e9n para\u00edso.<\/p>\n<p><em><strong>Gopegui retrata nuestra sociedad y su deshumanizaci\u00f3n tecnol\u00f3gica en una historia de amor entre dos generaciones.<\/strong><\/em><\/p>\n<p>&nbsp;<\/p>\n<p><strong>Autor:<\/strong> Bel\u00e9n Gopegui<br \/>\n<strong>Sello:<\/strong> LITERATURA RANDOM HOUSE<br \/>\n<strong>Fecha publicaci\u00f3n:<\/strong> 09\/2017<br \/>\n<strong>Idioma:<\/strong> Espa\u00f1ol<br \/>\n<strong>P\u00e1ginas:<\/strong> 192<br \/>\n<strong>ISBN:<\/strong> 9789873987755<\/p>\n<p>&nbsp;<\/p>\n<p><strong>CONSULT\u00c1 PRECIO Y DISPONIBILIDAD A NUESTRO MAIL:<\/strong>\u00a0<a href=\"mailto:lagatasibilah@gmail.com\">lagatasibilah@gmail.com<\/a><\/p>\n","protected":false},"featured_media":799,"comment_status":"open","ping_status":"closed","template":"","meta":{"_acf_changed":false},"product_brand":[],"product_cat":[30],"product_tag":[56],"class_list":{"0":"post-816","1":"product","2":"type-product","3":"status-publish","4":"has-post-thumbnail","6":"product_cat-novela","7":"product_tag-novedades","9":"first","10":"instock","11":"shipping-taxable","12":"product-type-simple"},"acf":[],"jetpack_sharing_enabled":true,"_links":{"self":[{"href":"https:\/\/www.lagatasibilah.com\/index.php\/wp-json\/wp\/v2\/product\/816","targetHints":{"allow":["GET"]}}],"collection":[{"href":"https:\/\/www.lagatasibilah.com\/index.php\/wp-json\/wp\/v2\/product"}],"about":[{"href":"https:\/\/www.lagatasibilah.com\/index.php\/wp-json\/wp\/v2\/types\/product"}],"replies":[{"embeddable":true,"href":"https:\/\/www.lagatasibilah.com\/index.php\/wp-json\/wp\/v2\/comments?post=816"}],"wp:featuredmedia":[{"embeddable":true,"href":"https:\/\/www.lagatasibilah.com\/index.php\/wp-json\/wp\/v2\/media\/799"}],"wp:attachment":[{"href":"https:\/\/www.lagatasibilah.com\/index.php\/wp-json\/wp\/v2\/media?parent=816"}],"wp:term":[{"taxonomy":"product_brand","embeddable":true,"href":"https:\/\/www.lagatasibilah.com\/index.php\/wp-json\/wp\/v2\/product_brand?post=816"},{"taxonomy":"product_cat","embeddable":true,"href":"https:\/\/www.lagatasibilah.com\/index.php\/wp-json\/wp\/v2\/product_cat?post=816"},{"taxonomy":"product_tag","embeddable":true,"href":"https:\/\/www.lagatasibilah.com\/index.php\/wp-json\/wp\/v2\/product_tag?post=816"}],"curies":[{"name":"wp","href":"https:\/\/api.w.org\/{rel}","templated":true}]}}