{"id":815,"date":"2017-09-06T06:42:13","date_gmt":"2017-09-06T09:42:13","guid":{"rendered":"http:\/\/www.lagatasibilah.com\/?post_type=product&#038;p=815"},"modified":"2017-09-06T06:42:13","modified_gmt":"2017-09-06T09:42:13","slug":"la-sustancia-del-mal","status":"publish","type":"product","link":"https:\/\/www.lagatasibilah.com\/index.php\/product\/la-sustancia-del-mal\/","title":{"rendered":"La sustancia del mal"},"content":{"rendered":"","protected":false},"excerpt":{"rendered":"<p>En 1985, durante una terrible tormenta, tres j\u00f3venes son brutalmente asesinados en el Bletterbach, un enorme ca\u00f1\u00f3n tirol\u00e9s cuyos f\u00f3siles cuentan la historia del mundo.<\/p>\n<p>Treinta a\u00f1os m\u00e1s tarde, el documentalista estadounidense Jeremiah Salinger se instala en la peque\u00f1a localidad alpina junto a su mujer y su hija peque\u00f1a y, a medida que va conociendo a los habitantes de la comunidad, se obsesiona con ese caso nunca resuelto.<\/p>\n<p>Nadie a su alrededor desea remover el pasado, como si aquel sangriento acontecimiento llevara consigo una maldici\u00f3n, y todos parecen esconder secretos inconfesables.<\/p>\n<p>&nbsp;<\/p>\n<p><strong>T\u00edtulo:<\/strong> La sustancia del mal<br \/>\n<strong>Autor:<\/strong> Luca D\u00b4Andrea<br \/>\n<strong>Sello:<\/strong> ALFAGUARA<br \/>\n<strong>Fecha publicaci\u00f3n:<\/strong> 08\/2017<br \/>\n<strong>Idioma:<\/strong> Espa\u00f1ol<br \/>\n<strong>P\u00e1ginas:<\/strong> 472<br \/>\n<strong>ISBN:<\/strong> 9789877383607<\/p>\n<p>&nbsp;<\/p>\n<p><strong>CONSULT\u00c1 PRECIO Y DISPONIBILIDAD A NUESTRO MAIL:<\/strong>\u00a0<a href=\"mailto:lagatasibilah@gmail.com\">lagatasibilah@gmail.com<\/a><\/p>\n","protected":false},"featured_media":800,"comment_status":"open","ping_status":"closed","template":"","meta":{"_acf_changed":false},"product_brand":[],"product_cat":[30],"product_tag":[56],"class_list":{"0":"post-815","1":"product","2":"type-product","3":"status-publish","4":"has-post-thumbnail","6":"product_cat-novela","7":"product_tag-novedades","9":"first","10":"instock","11":"shipping-taxable","12":"product-type-simple"},"acf":[],"jetpack_sharing_enabled":true,"_links":{"self":[{"href":"https:\/\/www.lagatasibilah.com\/index.php\/wp-json\/wp\/v2\/product\/815","targetHints":{"allow":["GET"]}}],"collection":[{"href":"https:\/\/www.lagatasibilah.com\/index.php\/wp-json\/wp\/v2\/product"}],"about":[{"href":"https:\/\/www.lagatasibilah.com\/index.php\/wp-json\/wp\/v2\/types\/product"}],"replies":[{"embeddable":true,"href":"https:\/\/www.lagatasibilah.com\/index.php\/wp-json\/wp\/v2\/comments?post=815"}],"wp:featuredmedia":[{"embeddable":true,"href":"https:\/\/www.lagatasibilah.com\/index.php\/wp-json\/wp\/v2\/media\/800"}],"wp:attachment":[{"href":"https:\/\/www.lagatasibilah.com\/index.php\/wp-json\/wp\/v2\/media?parent=815"}],"wp:term":[{"taxonomy":"product_brand","embeddable":true,"href":"https:\/\/www.lagatasibilah.com\/index.php\/wp-json\/wp\/v2\/product_brand?post=815"},{"taxonomy":"product_cat","embeddable":true,"href":"https:\/\/www.lagatasibilah.com\/index.php\/wp-json\/wp\/v2\/product_cat?post=815"},{"taxonomy":"product_tag","embeddable":true,"href":"https:\/\/www.lagatasibilah.com\/index.php\/wp-json\/wp\/v2\/product_tag?post=815"}],"curies":[{"name":"wp","href":"https:\/\/api.w.org\/{rel}","templated":true}]}}