{"id":814,"date":"2017-09-06T06:35:51","date_gmt":"2017-09-06T09:35:51","guid":{"rendered":"http:\/\/www.lagatasibilah.com\/?post_type=product&#038;p=814"},"modified":"2017-09-06T06:35:51","modified_gmt":"2017-09-06T09:35:51","slug":"en-medio-de-ninguna-parte","status":"publish","type":"product","link":"https:\/\/www.lagatasibilah.com\/index.php\/product\/en-medio-de-ninguna-parte\/","title":{"rendered":"En medio de ninguna parte"},"content":{"rendered":"","protected":false},"excerpt":{"rendered":"<p>&#8220;En medio de ninguna parte&#8221; es la segunda novela del premio Nobel de literatura sudafricano J. M. Coetzee publicado en 1977 con el t\u00edtulo de &#8220;In the heart of the Country&#8221;.<\/p>\n<p>En una remota granja de Sud\u00e1frica, Magda, la protagonista de esta conmovedora historia, observa el paso de la vida como mera espectadora. Excluida, sin madre y apartada de lo que sucede a su alrededor, Magda sufre en silencio la dureza del desierto y la tiran\u00eda de un padre que la conden\u00f3 desde el momento en que naci\u00f3 mujer. Como v\u00eda de escape a dicha insatisfacci\u00f3n, se dedica a registrar en un cuaderno sus sentimientos e impresiones.<\/p>\n<p>La triste existencia de Magda se ver\u00e1 alterada cuando su padre lleva a casa a una nueva esposa. Este cambio familiar act\u00faa a modo de espejo de la relaci\u00f3n pol\u00edtica entre el colonizador y el colonizado, as\u00ed como de la grandeza y la soledad del continente africano. En medio de ninguna parte es un hermoso y l\u00facido fresco de la estremecedora sequ\u00eda moral de un pa\u00eds habitado por personajes solitarios y marginales y, en algunos casos, vac\u00edos de alma.<\/p>\n<p>&nbsp;<\/p>\n<p><strong>Autor:<\/strong> J.M. Coetzee<br \/>\n<strong>Sello:<\/strong> LITERATURA RANDOM HOUSE<br \/>\n<strong>Fecha publicaci\u00f3n:<\/strong> 08\/2014<br \/>\n<strong>Idioma:<\/strong> Espa\u00f1ol<br \/>\n<strong>P\u00e1ginas:<\/strong> 192<br \/>\n<strong>Medidas:<\/strong> 13,5 X 23 mm<br \/>\n<strong>ISBN:<\/strong> 9789873650413<\/p>\n<p>&nbsp;<\/p>\n<p><strong>CONSULT\u00c1 PRECIO Y DISPONIBILIDAD A NUESTRO MAIL:<\/strong>\u00a0<a href=\"mailto:lagatasibilah@gmail.com\">lagatasibilah@gmail.com<\/a><\/p>\n","protected":false},"featured_media":801,"comment_status":"closed","ping_status":"closed","template":"","meta":{"_acf_changed":false},"product_brand":[],"product_cat":[30],"product_tag":[56],"class_list":{"0":"post-814","1":"product","2":"type-product","3":"status-publish","4":"has-post-thumbnail","6":"product_cat-novela","7":"product_tag-novedades","9":"first","10":"instock","11":"shipping-taxable","12":"product-type-simple"},"acf":[],"jetpack_sharing_enabled":true,"_links":{"self":[{"href":"https:\/\/www.lagatasibilah.com\/index.php\/wp-json\/wp\/v2\/product\/814","targetHints":{"allow":["GET"]}}],"collection":[{"href":"https:\/\/www.lagatasibilah.com\/index.php\/wp-json\/wp\/v2\/product"}],"about":[{"href":"https:\/\/www.lagatasibilah.com\/index.php\/wp-json\/wp\/v2\/types\/product"}],"replies":[{"embeddable":true,"href":"https:\/\/www.lagatasibilah.com\/index.php\/wp-json\/wp\/v2\/comments?post=814"}],"wp:featuredmedia":[{"embeddable":true,"href":"https:\/\/www.lagatasibilah.com\/index.php\/wp-json\/wp\/v2\/media\/801"}],"wp:attachment":[{"href":"https:\/\/www.lagatasibilah.com\/index.php\/wp-json\/wp\/v2\/media?parent=814"}],"wp:term":[{"taxonomy":"product_brand","embeddable":true,"href":"https:\/\/www.lagatasibilah.com\/index.php\/wp-json\/wp\/v2\/product_brand?post=814"},{"taxonomy":"product_cat","embeddable":true,"href":"https:\/\/www.lagatasibilah.com\/index.php\/wp-json\/wp\/v2\/product_cat?post=814"},{"taxonomy":"product_tag","embeddable":true,"href":"https:\/\/www.lagatasibilah.com\/index.php\/wp-json\/wp\/v2\/product_tag?post=814"}],"curies":[{"name":"wp","href":"https:\/\/api.w.org\/{rel}","templated":true}]}}