{"id":812,"date":"2017-09-05T18:42:18","date_gmt":"2017-09-05T21:42:18","guid":{"rendered":"http:\/\/www.lagatasibilah.com\/?post_type=product&#038;p=812"},"modified":"2017-09-06T16:13:06","modified_gmt":"2017-09-06T19:13:06","slug":"corazonadas","status":"publish","type":"product","link":"https:\/\/www.lagatasibilah.com\/index.php\/product\/corazonadas\/","title":{"rendered":"Corazonadas"},"content":{"rendered":"","protected":false},"excerpt":{"rendered":"<p>Encontr\u00e9 la caja por pura casualidad; era peque\u00f1a y estaba firmemente atada con un cordel azul. Con marcador negro, en la tapa, ten\u00eda impreso el nombre del propietario: Paco. As\u00ed, sin apellidos, sin ninguna advertencia de no tocar o fr\u00e1gil o material peligroso. Dentro podr\u00eda haber cualquier cosa, desde mariposas disecadas, un huevo de dinosaurio, el mapa de una isla misteriosa o una pluma de p\u00e1jaro dodo. Sin embargo, conten\u00eda cuadernos. Verdes y delgados, de esos que se pod\u00edan comprar antes en cualquier papeler\u00eda y que hoy ya no existen. Tambi\u00e9n encontr\u00e9 dos piedras. Una blanca y otra negra. \u00c9l y yo. Nosotros. Una tarjeta firmada lo coronaba todo: \u00abViernes: Haz con ellos lo que quieras\u00bb.<\/p>\n<p>Comparto con ustedes uno de ellos. Se llama Corazonadas. Est\u00e1 escrito por mi t\u00edo Paco, el hombre que de muchas maneras me salv\u00f3 la vida y logr\u00f3 convertir lo ordinario en extraordinario.<\/p>\n<p>&nbsp;<\/p>\n<p><strong>Autor:<\/strong> Taibo, Benito<br \/>\n<strong>Editorial:<\/strong> Booket<br \/>\n<strong>N\u00famero de p\u00e1ginas:<\/strong> 160<br \/>\n<strong>Peso:<\/strong> 400 gramos<br \/>\n<strong>Formato:<\/strong> R\u00fastica<br \/>\n<strong>Edici\u00f3n:<\/strong> 2016<br \/>\n<strong>Idioma:<\/strong> Castellano<br \/>\n<strong>ISBN:<\/strong> 9789504954743<\/p>\n<p>&nbsp;<\/p>\n<p><strong>CONSULT\u00c1 PRECIO Y DISPONIBILIDAD A NUESTRO MAIL:<\/strong>\u00a0<a href=\"mailto:lagatasibilah@gmail.com\">lagatasibilah@gmail.com<\/a><\/p>\n","protected":false},"featured_media":803,"comment_status":"open","ping_status":"closed","template":"","meta":{"_acf_changed":false},"product_brand":[],"product_cat":[30],"product_tag":[56],"class_list":{"0":"post-812","1":"product","2":"type-product","3":"status-publish","4":"has-post-thumbnail","6":"product_cat-novela","7":"product_tag-novedades","9":"first","10":"instock","11":"shipping-taxable","12":"product-type-simple"},"acf":[],"jetpack_sharing_enabled":true,"_links":{"self":[{"href":"https:\/\/www.lagatasibilah.com\/index.php\/wp-json\/wp\/v2\/product\/812","targetHints":{"allow":["GET"]}}],"collection":[{"href":"https:\/\/www.lagatasibilah.com\/index.php\/wp-json\/wp\/v2\/product"}],"about":[{"href":"https:\/\/www.lagatasibilah.com\/index.php\/wp-json\/wp\/v2\/types\/product"}],"replies":[{"embeddable":true,"href":"https:\/\/www.lagatasibilah.com\/index.php\/wp-json\/wp\/v2\/comments?post=812"}],"wp:featuredmedia":[{"embeddable":true,"href":"https:\/\/www.lagatasibilah.com\/index.php\/wp-json\/wp\/v2\/media\/803"}],"wp:attachment":[{"href":"https:\/\/www.lagatasibilah.com\/index.php\/wp-json\/wp\/v2\/media?parent=812"}],"wp:term":[{"taxonomy":"product_brand","embeddable":true,"href":"https:\/\/www.lagatasibilah.com\/index.php\/wp-json\/wp\/v2\/product_brand?post=812"},{"taxonomy":"product_cat","embeddable":true,"href":"https:\/\/www.lagatasibilah.com\/index.php\/wp-json\/wp\/v2\/product_cat?post=812"},{"taxonomy":"product_tag","embeddable":true,"href":"https:\/\/www.lagatasibilah.com\/index.php\/wp-json\/wp\/v2\/product_tag?post=812"}],"curies":[{"name":"wp","href":"https:\/\/api.w.org\/{rel}","templated":true}]}}