{"id":811,"date":"2017-09-05T18:39:00","date_gmt":"2017-09-05T21:39:00","guid":{"rendered":"http:\/\/www.lagatasibilah.com\/?post_type=product&#038;p=811"},"modified":"2017-09-05T18:39:01","modified_gmt":"2017-09-05T21:39:01","slug":"persona-normal","status":"publish","type":"product","link":"https:\/\/www.lagatasibilah.com\/index.php\/product\/persona-normal\/","title":{"rendered":"Persona normal"},"content":{"rendered":"","protected":false},"excerpt":{"rendered":"<p>Ten\u00eda un par de padres divertidos y j\u00f3venes, llenos de sue\u00f1os y de planes. Pero a mis doce a\u00f1os, cinco meses, tres d\u00edas y dos horas y cuarto, aproximadamente, me qued\u00e9 sin ellos\u2026<\/p>\n<p>Desde que el t\u00edo Paco se hizo cargo de \u00e9l, Sebasti\u00e1n ha vivido aventuras incre\u00edbles: tuvo un encuentro inesperado con un enorme felino, conoci\u00f3 a uno de los \u00faltimos vampiros que viven en el DF; frente a su casa vio a un m\u00edtico personaje saltar de la g\u00f3ndola en la que viajaba, para rescatar a una joven de una inundaci\u00f3n; consigui\u00f3 un mapa estelar para un pobre extraterrestre perdido en la Tierra, sobrevivi\u00f3 el embate de un enorme monstruo marino, pele\u00f3 al lado de los sioux para defender su territorio de los colonizadores\u2026 \u00bfQu\u00e9 pasa con Sebasti\u00e1n? \u00bfAcaso no es una \u00abpersona normal\u00bb?<\/p>\n<p>&nbsp;<\/p>\n<p><strong>Autor:<\/strong> Taibo, Benito<br \/>\n<strong>Editorial:<\/strong> Booket<br \/>\n<strong>N\u00famero de p\u00e1ginas:<\/strong> 248<br \/>\n<strong>Peso:<\/strong> 400 gramos<br \/>\n<strong>Formato:<\/strong> R\u00fastica<br \/>\n<strong>Edici\u00f3n:<\/strong> 2014<br \/>\n<strong>Idioma:<\/strong> Castellano<br \/>\n<strong>ISBN:<\/strong> 9789875807228<\/p>\n<p>&nbsp;<\/p>\n<p><strong>CONSULT\u00c1 PRECIO Y DISPONIBILIDAD A NUESTRO MAIL:<\/strong>\u00a0<a href=\"mailto:lagatasibilah@gmail.com\">lagatasibilah@gmail.com<\/a><\/p>\n","protected":false},"featured_media":804,"comment_status":"open","ping_status":"closed","template":"","meta":{"_acf_changed":false},"product_brand":[],"product_cat":[30],"product_tag":[56],"class_list":{"0":"post-811","1":"product","2":"type-product","3":"status-publish","4":"has-post-thumbnail","6":"product_cat-novela","7":"product_tag-novedades","9":"first","10":"instock","11":"shipping-taxable","12":"product-type-simple"},"acf":[],"jetpack_sharing_enabled":true,"_links":{"self":[{"href":"https:\/\/www.lagatasibilah.com\/index.php\/wp-json\/wp\/v2\/product\/811","targetHints":{"allow":["GET"]}}],"collection":[{"href":"https:\/\/www.lagatasibilah.com\/index.php\/wp-json\/wp\/v2\/product"}],"about":[{"href":"https:\/\/www.lagatasibilah.com\/index.php\/wp-json\/wp\/v2\/types\/product"}],"replies":[{"embeddable":true,"href":"https:\/\/www.lagatasibilah.com\/index.php\/wp-json\/wp\/v2\/comments?post=811"}],"wp:featuredmedia":[{"embeddable":true,"href":"https:\/\/www.lagatasibilah.com\/index.php\/wp-json\/wp\/v2\/media\/804"}],"wp:attachment":[{"href":"https:\/\/www.lagatasibilah.com\/index.php\/wp-json\/wp\/v2\/media?parent=811"}],"wp:term":[{"taxonomy":"product_brand","embeddable":true,"href":"https:\/\/www.lagatasibilah.com\/index.php\/wp-json\/wp\/v2\/product_brand?post=811"},{"taxonomy":"product_cat","embeddable":true,"href":"https:\/\/www.lagatasibilah.com\/index.php\/wp-json\/wp\/v2\/product_cat?post=811"},{"taxonomy":"product_tag","embeddable":true,"href":"https:\/\/www.lagatasibilah.com\/index.php\/wp-json\/wp\/v2\/product_tag?post=811"}],"curies":[{"name":"wp","href":"https:\/\/api.w.org\/{rel}","templated":true}]}}