{"id":794,"date":"2017-09-05T18:30:23","date_gmt":"2017-09-05T21:30:23","guid":{"rendered":"http:\/\/www.lagatasibilah.com\/?post_type=product&#038;p=794"},"modified":"2017-09-05T18:30:23","modified_gmt":"2017-09-05T21:30:23","slug":"musica-para-feos","status":"publish","type":"product","link":"https:\/\/www.lagatasibilah.com\/index.php\/product\/musica-para-feos\/","title":{"rendered":"M\u00fasica para feos"},"content":{"rendered":"","protected":false},"excerpt":{"rendered":"<p>Una historia de amor a contracorriente, entre una joven periodista y un militar veterano, con el tel\u00f3n de fondo de la guerra de Afganist\u00e1n.<\/p>\n<p>M\u00f3nica y Ram\u00f3n se conocen por azar, en un local nocturno, en el que ninguno de los dos pinta gran cosa. A veces, las historias comienzan as\u00ed. M\u00f3nica y Ram\u00f3n no han tenido mucha suerte en la vida, ni les quedan demasiadas esperanzas de tenerla alguna vez.<\/p>\n<p>M\u00f3nica es una periodista al borde de los treinta que subsiste con un subempleo que detesta. Ram\u00f3n, mediados los cuarenta, se obstina en ser un misterio: no desvela a qu\u00e9 se dedica. Podr\u00edan no haberse vuelto a ver nunca, pero una semana despu\u00e9s se reencuentran y la cosa ya no tiene remedio: la m\u00fasica que se les negaba empieza a sonar. Tiempo despu\u00e9s, M\u00f3nica lo recuerda. En sus propias palabras: \u201cLo \u00fanico limpio y hermoso que de veras he tenido\u201d.<\/p>\n<p>&nbsp;<\/p>\n<p><strong>Autor:<\/strong> Silva, Lorenzo<br \/>\n<strong>N\u00ba de p\u00e1ginas:<\/strong> 224 p\u00e1gs.<br \/>\n<strong>Encuadernaci\u00f3n:<\/strong> Tapa blanda<br \/>\n<strong>Editorial:<\/strong> DESTINO<br \/>\n<strong>Lengua:<\/strong> CASTELLANO<br \/>\n<strong>ISBN:<\/strong> 9788423349326<\/p>\n<p>&nbsp;<\/p>\n<p><strong>CONSULT\u00c1 PRECIO Y DISPONIBILIDAD A NUESTRO MAIL:<\/strong>\u00a0<a href=\"mailto:lagatasibilah@gmail.com\">lagatasibilah@gmail.com<\/a><\/p>\n","protected":false},"featured_media":805,"comment_status":"open","ping_status":"closed","template":"","meta":{"_acf_changed":false},"product_brand":[],"product_cat":[30],"product_tag":[56],"class_list":{"0":"post-794","1":"product","2":"type-product","3":"status-publish","4":"has-post-thumbnail","6":"product_cat-novela","7":"product_tag-novedades","9":"first","10":"instock","11":"shipping-taxable","12":"product-type-simple"},"acf":[],"jetpack_sharing_enabled":true,"_links":{"self":[{"href":"https:\/\/www.lagatasibilah.com\/index.php\/wp-json\/wp\/v2\/product\/794","targetHints":{"allow":["GET"]}}],"collection":[{"href":"https:\/\/www.lagatasibilah.com\/index.php\/wp-json\/wp\/v2\/product"}],"about":[{"href":"https:\/\/www.lagatasibilah.com\/index.php\/wp-json\/wp\/v2\/types\/product"}],"replies":[{"embeddable":true,"href":"https:\/\/www.lagatasibilah.com\/index.php\/wp-json\/wp\/v2\/comments?post=794"}],"wp:featuredmedia":[{"embeddable":true,"href":"https:\/\/www.lagatasibilah.com\/index.php\/wp-json\/wp\/v2\/media\/805"}],"wp:attachment":[{"href":"https:\/\/www.lagatasibilah.com\/index.php\/wp-json\/wp\/v2\/media?parent=794"}],"wp:term":[{"taxonomy":"product_brand","embeddable":true,"href":"https:\/\/www.lagatasibilah.com\/index.php\/wp-json\/wp\/v2\/product_brand?post=794"},{"taxonomy":"product_cat","embeddable":true,"href":"https:\/\/www.lagatasibilah.com\/index.php\/wp-json\/wp\/v2\/product_cat?post=794"},{"taxonomy":"product_tag","embeddable":true,"href":"https:\/\/www.lagatasibilah.com\/index.php\/wp-json\/wp\/v2\/product_tag?post=794"}],"curies":[{"name":"wp","href":"https:\/\/api.w.org\/{rel}","templated":true}]}}