{"id":792,"date":"2017-08-23T21:24:41","date_gmt":"2017-08-24T00:24:41","guid":{"rendered":"http:\/\/www.lagatasibilah.com\/?post_type=product&#038;p=792"},"modified":"2017-08-23T21:24:41","modified_gmt":"2017-08-24T00:24:41","slug":"anticonferencias","status":"publish","type":"product","link":"https:\/\/www.lagatasibilah.com\/index.php\/product\/anticonferencias\/","title":{"rendered":"Anticonferencias"},"content":{"rendered":"","protected":false},"excerpt":{"rendered":"<p>Isidoro Blaisten era uno de los m\u00e1s sutiles cuentistas de su \u00e9poca, due\u00f1o de un extraordinario sentido del humor, un exquisito manejo de lo coloquial y rel\u00e1mpagos de inesperada poes\u00eda, cuando en 1983, a los cincuenta a\u00f1os, public\u00f3 Anticonferencias, un libro \u00fanico e irrepetible, una especie de ars po\u00e9tica y autobiograf\u00eda en la que trataba con glorioso desenfado y lirismo sus constantes de siempre: humor y \u00e9tica, dinero y creaci\u00f3n, soledad y mujeres, pol\u00edtica y literatura.<\/p>\n<p>\u00bfLeer es aceptar una convenci\u00f3n: el lector asume el candor necesario para creer en esas ficciones, mentiras o magias que alguien urdi\u00f3 con palabras, y afrontar\u00e1 los peligros que eso entra\u00f1a porque el fin \u00faltimo es la felicidad.&#8221; ISIDORO BLAISTEN<\/p>\n<p>&nbsp;<\/p>\n<p><strong>Autor:<\/strong> Isidoro Blaisten<br \/>\n<strong>Editorial:<\/strong> Tusquets<br \/>\n<strong>I.S.B.N :<\/strong> 9789876704670<br \/>\n<strong>P\u00e1ginas:\u00a0<\/strong>224<br \/>\n<strong>Publicaci\u00f3n:\u00a0<\/strong>18\/07\/2017<br \/>\n<strong>Idioma:\u00a0<\/strong>Espa\u00f1ol<\/p>\n<p>&nbsp;<\/p>\n<p><strong>CONSULT\u00c1 PRECIO Y DISPONIBILIDAD A NUESTRO MAIL:<\/strong>\u00a0<a href=\"mailto:lagatasibilah@gmail.com\">lagatasibilah@gmail.com<\/a><\/p>\n","protected":false},"featured_media":772,"comment_status":"open","ping_status":"closed","template":"","meta":{"_acf_changed":false},"product_brand":[],"product_cat":[32],"product_tag":[56],"class_list":{"0":"post-792","1":"product","2":"type-product","3":"status-publish","4":"has-post-thumbnail","6":"product_cat-ensayo","7":"product_tag-novedades","9":"first","10":"instock","11":"shipping-taxable","12":"product-type-simple"},"acf":[],"jetpack_sharing_enabled":true,"_links":{"self":[{"href":"https:\/\/www.lagatasibilah.com\/index.php\/wp-json\/wp\/v2\/product\/792","targetHints":{"allow":["GET"]}}],"collection":[{"href":"https:\/\/www.lagatasibilah.com\/index.php\/wp-json\/wp\/v2\/product"}],"about":[{"href":"https:\/\/www.lagatasibilah.com\/index.php\/wp-json\/wp\/v2\/types\/product"}],"replies":[{"embeddable":true,"href":"https:\/\/www.lagatasibilah.com\/index.php\/wp-json\/wp\/v2\/comments?post=792"}],"wp:featuredmedia":[{"embeddable":true,"href":"https:\/\/www.lagatasibilah.com\/index.php\/wp-json\/wp\/v2\/media\/772"}],"wp:attachment":[{"href":"https:\/\/www.lagatasibilah.com\/index.php\/wp-json\/wp\/v2\/media?parent=792"}],"wp:term":[{"taxonomy":"product_brand","embeddable":true,"href":"https:\/\/www.lagatasibilah.com\/index.php\/wp-json\/wp\/v2\/product_brand?post=792"},{"taxonomy":"product_cat","embeddable":true,"href":"https:\/\/www.lagatasibilah.com\/index.php\/wp-json\/wp\/v2\/product_cat?post=792"},{"taxonomy":"product_tag","embeddable":true,"href":"https:\/\/www.lagatasibilah.com\/index.php\/wp-json\/wp\/v2\/product_tag?post=792"}],"curies":[{"name":"wp","href":"https:\/\/api.w.org\/{rel}","templated":true}]}}