{"id":791,"date":"2017-08-23T21:19:56","date_gmt":"2017-08-24T00:19:56","guid":{"rendered":"http:\/\/www.lagatasibilah.com\/?post_type=product&#038;p=791"},"modified":"2017-08-23T21:19:56","modified_gmt":"2017-08-24T00:19:56","slug":"el-cuento-de-la-criada","status":"publish","type":"product","link":"https:\/\/www.lagatasibilah.com\/index.php\/product\/el-cuento-de-la-criada\/","title":{"rendered":"El cuento de la criada"},"content":{"rendered":"","protected":false},"excerpt":{"rendered":"<p>Ampar\u00e1ndose en la coartada del terrorismo isl\u00e1mico, unos pol\u00edticos te\u00f3cratas se hacen con el poder y, como primera medida, suprimen la libertad de prensa y los derechos de las mujeres. Esta trama, inquietante y oscura, que bien podr\u00eda encontrarse en cualquier obra actual, pertenece en realidad a esta novela escrita por Margaret Atwood a principios de los ochenta, en la que la afamada autora canadiense anticip\u00f3 con llamativa premonici\u00f3n una amenaza latente en el mundo de hoy.<\/p>\n<p>En la Rep\u00fablica de Gilead, el cuerpo de Defred s\u00f3lo sirve para procrear, tal como imponen las f\u00e9rreas normas establecidas por la dictadura puritana que domina el pa\u00eds. Si Defred se rebela \u2014o si, aceptando colaborar a rega\u00f1adientes, no es capaz de concebir\u2014 le espera la muerte en ejecuci\u00f3n p\u00fablica o el destierro a unas Colonias en las que sucumbir\u00e1 a la poluci\u00f3n de los residuos t\u00f3xicos. As\u00ed, el r\u00e9gimen controla con mano de hierro hasta los m\u00e1s \u00ednfimos detalles de la vida de las mujeres: su alimentaci\u00f3n, su indumentaria, incluso su actividad sexual. Pero nadie, ni siquiera un gobierno desp\u00f3tico parapetado tras el supuesto mandato de un dios todopoderoso, puede gobernar el pensamiento de una persona. Y mucho menos su deseo.<\/p>\n<p>Los peligros inherentes a mezclar religi\u00f3n y pol\u00edtica; el empe\u00f1o de todo poder absoluto en someter a las mujeres como paso conducente a sojuzgar a toda la poblaci\u00f3n; la fuerza incontenible del deseo como elemento transgresor: son tan s\u00f3lo una muestra de los temas que aborda este relato desgarrador, aderezado con el sutil sarcasmo que constituye la se\u00f1a de identidad de Margaret Atwood. Una escritora universal que, con el paso del tiempo, no deja de asombrarnos con la lucidez de sus ideas y la potencia de su prosa.<\/p>\n<p>&nbsp;<\/p>\n<p><strong>Autor:<\/strong> Atwood, Margaret<br \/>\n<strong>N\u00ba de p\u00e1ginas:<\/strong> 416 p\u00e1gs.<br \/>\n<strong>Encuadernaci\u00f3n:<\/strong> Tapa blanda<br \/>\n<strong>Editorial:<\/strong> SALAMANDRA<br \/>\n<strong>Lengua:<\/strong> CASTELLANO<br \/>\n<strong>ISBN:<\/strong> 9788498388015<\/p>\n<p>&nbsp;<\/p>\n<p><strong>CONSULT\u00c1 PRECIO Y DISPONIBILIDAD A NUESTRO MAIL:<\/strong>\u00a0<a href=\"mailto:lagatasibilah@gmail.com\">lagatasibilah@gmail.com<\/a><\/p>\n","protected":false},"featured_media":779,"comment_status":"open","ping_status":"closed","template":"","meta":{"_acf_changed":false},"product_brand":[],"product_cat":[30],"product_tag":[56],"class_list":{"0":"post-791","1":"product","2":"type-product","3":"status-publish","4":"has-post-thumbnail","6":"product_cat-novela","7":"product_tag-novedades","9":"first","10":"instock","11":"shipping-taxable","12":"product-type-simple"},"acf":[],"jetpack_sharing_enabled":true,"_links":{"self":[{"href":"https:\/\/www.lagatasibilah.com\/index.php\/wp-json\/wp\/v2\/product\/791","targetHints":{"allow":["GET"]}}],"collection":[{"href":"https:\/\/www.lagatasibilah.com\/index.php\/wp-json\/wp\/v2\/product"}],"about":[{"href":"https:\/\/www.lagatasibilah.com\/index.php\/wp-json\/wp\/v2\/types\/product"}],"replies":[{"embeddable":true,"href":"https:\/\/www.lagatasibilah.com\/index.php\/wp-json\/wp\/v2\/comments?post=791"}],"wp:featuredmedia":[{"embeddable":true,"href":"https:\/\/www.lagatasibilah.com\/index.php\/wp-json\/wp\/v2\/media\/779"}],"wp:attachment":[{"href":"https:\/\/www.lagatasibilah.com\/index.php\/wp-json\/wp\/v2\/media?parent=791"}],"wp:term":[{"taxonomy":"product_brand","embeddable":true,"href":"https:\/\/www.lagatasibilah.com\/index.php\/wp-json\/wp\/v2\/product_brand?post=791"},{"taxonomy":"product_cat","embeddable":true,"href":"https:\/\/www.lagatasibilah.com\/index.php\/wp-json\/wp\/v2\/product_cat?post=791"},{"taxonomy":"product_tag","embeddable":true,"href":"https:\/\/www.lagatasibilah.com\/index.php\/wp-json\/wp\/v2\/product_tag?post=791"}],"curies":[{"name":"wp","href":"https:\/\/api.w.org\/{rel}","templated":true}]}}