{"id":643,"date":"2017-07-11T12:02:39","date_gmt":"2017-07-11T15:02:39","guid":{"rendered":"http:\/\/www.lagatasibilah.com\/?post_type=product&#038;p=643"},"modified":"2017-07-11T12:02:39","modified_gmt":"2017-07-11T15:02:39","slug":"la-vida-de-las-mujeres","status":"publish","type":"product","link":"https:\/\/www.lagatasibilah.com\/index.php\/product\/la-vida-de-las-mujeres\/","title":{"rendered":"La vida de las mujeres"},"content":{"rendered":"","protected":false},"excerpt":{"rendered":"<p><em>La vida de la gente, en Jubilee como en todas partes, era aburrida, simple, asombrosa e insondable&#8230; cuevas profundas cubiertas de lin\u00f3leo de cocina.<\/em><\/p>\n<p>Bastan estas pocas palabras para reconocer el talento de una espl\u00e9ndida narradora y colarse en la vida de Del Jordan, una chiquilla que vive con sus padres en el pueblo de Jubilee.<\/p>\n<p>Del empieza contando su d\u00eda a d\u00eda, su relaci\u00f3n con la familia, los vecinos y los amigos, y pronto descubrimos que esa ni\u00f1a sabe observar el mundo y sacar buen provecho de lo que ve: compadece la poquedad del padre, admira el arrojo de la madre, que deja la granja para dedicarse a vender enciclopedias por los alrededores, y comprende que tarde o temprano llega el momento en que hay que elegir entre una risue\u00f1a mediocridad -hogar, iglesia, matrimonio, hijos- y otras opciones m\u00e1s interesantes y arriesgadas. Ese descubrimiento es tambi\u00e9n el de la vocaci\u00f3n literaria, una suerte de llamada, de deber para con el mundo.<\/p>\n<p>Esta deliciosa novela, autobiogr\u00e1fica en la forma pero no en los contenidos, muestra toda la maestr\u00eda y el peculiar modo de ver la realidad de esta gran figura de las letras contempor\u00e1neas.<\/p>\n<p>&nbsp;<\/p>\n<p><strong>Autor:<\/strong> Munro, Alice<br \/>\n<strong>Editorial:<\/strong> Lumen<br \/>\n<strong>N\u00famero de p\u00e1ginas:<\/strong> 376<br \/>\n<strong>Peso:<\/strong> 360 gramos<br \/>\n<strong>Formato:<\/strong> R\u00fastica<br \/>\n<strong>Edici\u00f3n:<\/strong> 2011<br \/>\n<strong>Idioma:<\/strong> Castellano<br \/>\n<strong>ISBN:<\/strong> 9788426420954<\/p>\n<p>&nbsp;<\/p>\n<p><strong>CONSULT\u00c1 PRECIO Y DISPONIBILIDAD A NUESTRO MAIL:<\/strong>\u00a0<a href=\"mailto:lagatasibilah@gmail.com\">lagatasibilah@gmail.com<\/a><\/p>\n","protected":false},"featured_media":644,"comment_status":"open","ping_status":"closed","template":"","meta":{"_acf_changed":false},"product_brand":[],"product_cat":[30],"product_tag":[],"class_list":{"0":"post-643","1":"product","2":"type-product","3":"status-publish","4":"has-post-thumbnail","6":"product_cat-novela","8":"first","9":"instock","10":"shipping-taxable","11":"product-type-simple"},"acf":[],"jetpack_sharing_enabled":true,"_links":{"self":[{"href":"https:\/\/www.lagatasibilah.com\/index.php\/wp-json\/wp\/v2\/product\/643","targetHints":{"allow":["GET"]}}],"collection":[{"href":"https:\/\/www.lagatasibilah.com\/index.php\/wp-json\/wp\/v2\/product"}],"about":[{"href":"https:\/\/www.lagatasibilah.com\/index.php\/wp-json\/wp\/v2\/types\/product"}],"replies":[{"embeddable":true,"href":"https:\/\/www.lagatasibilah.com\/index.php\/wp-json\/wp\/v2\/comments?post=643"}],"wp:featuredmedia":[{"embeddable":true,"href":"https:\/\/www.lagatasibilah.com\/index.php\/wp-json\/wp\/v2\/media\/644"}],"wp:attachment":[{"href":"https:\/\/www.lagatasibilah.com\/index.php\/wp-json\/wp\/v2\/media?parent=643"}],"wp:term":[{"taxonomy":"product_brand","embeddable":true,"href":"https:\/\/www.lagatasibilah.com\/index.php\/wp-json\/wp\/v2\/product_brand?post=643"},{"taxonomy":"product_cat","embeddable":true,"href":"https:\/\/www.lagatasibilah.com\/index.php\/wp-json\/wp\/v2\/product_cat?post=643"},{"taxonomy":"product_tag","embeddable":true,"href":"https:\/\/www.lagatasibilah.com\/index.php\/wp-json\/wp\/v2\/product_tag?post=643"}],"curies":[{"name":"wp","href":"https:\/\/api.w.org\/{rel}","templated":true}]}}