{"id":630,"date":"2017-07-10T12:35:05","date_gmt":"2017-07-10T15:35:05","guid":{"rendered":"http:\/\/www.lagatasibilah.com\/?post_type=product&#038;p=630"},"modified":"2017-07-10T12:35:05","modified_gmt":"2017-07-10T15:35:05","slug":"ser-feliz-era-esto","status":"publish","type":"product","link":"https:\/\/www.lagatasibilah.com\/index.php\/product\/ser-feliz-era-esto\/","title":{"rendered":"Ser feliz era esto"},"content":{"rendered":"","protected":false},"excerpt":{"rendered":"<p>La vida de Lucas, cercado por su tendencia a la introversi\u00f3n y hundido en la pasividad, cambia abruptamente cuando llama a su puerta Sof\u00eda, una chica de catorce a\u00f1os que acaba de perder a su madre y que es la hija que, sin saberlo, ha engendrado con una mujer de la que se enamor\u00f3 en su juventud y nunca volvi\u00f3 a ver.<\/p>\n<p>Con vaivenes, marchas y contramarchas, se va tejiendo poco a poco la confianza y se develan los secretos escondidos en las historias de Lucas y Sof\u00eda. Juntos encontrar\u00e1n el tesoro de las afinidades y la complicidad que, sanando las heridas del desamor y la verg\u00fcenza, les permitir\u00e1 dejar atr\u00e1s el pasado.<\/p>\n<p>Esta novela es la historia de dos seres solitarios y heridos que descubren nuevas formas de amor y enfrentan con miedos y vacilaciones, pero tambi\u00e9n con la alegr\u00eda de dar y recibir, el cambio m\u00e1s grande de sus vidas.<\/p>\n<p>&nbsp;<\/p>\n<p><strong>Autor:<\/strong> Eduardo Sacheri<br \/>\n<strong>Sello:<\/strong> ALFAGUARA<br \/>\n<strong>Fecha publicaci\u00f3n:<\/strong> 05\/2014<br \/>\n<strong>Idioma:<\/strong> Espa\u00f1ol<br \/>\n<strong>P\u00e1ginas:<\/strong> 248<br \/>\n<strong>Medidas:<\/strong> 15 X 24 mm<br \/>\n<strong>ISBN:<\/strong> 9789870434924<\/p>\n<p>&nbsp;<\/p>\n<p><strong>CONSULT\u00c1 PRECIO Y DISPONIBILIDAD A NUESTRO MAIL:<\/strong>\u00a0<a href=\"mailto:lagatasibilah@gmail.com\">lagatasibilah@gmail.com<\/a><\/p>\n","protected":false},"featured_media":631,"comment_status":"open","ping_status":"closed","template":"","meta":{"_acf_changed":false},"product_brand":[],"product_cat":[30],"product_tag":[],"class_list":{"0":"post-630","1":"product","2":"type-product","3":"status-publish","4":"has-post-thumbnail","6":"product_cat-novela","8":"first","9":"instock","10":"shipping-taxable","11":"product-type-simple"},"acf":[],"jetpack_sharing_enabled":true,"_links":{"self":[{"href":"https:\/\/www.lagatasibilah.com\/index.php\/wp-json\/wp\/v2\/product\/630","targetHints":{"allow":["GET"]}}],"collection":[{"href":"https:\/\/www.lagatasibilah.com\/index.php\/wp-json\/wp\/v2\/product"}],"about":[{"href":"https:\/\/www.lagatasibilah.com\/index.php\/wp-json\/wp\/v2\/types\/product"}],"replies":[{"embeddable":true,"href":"https:\/\/www.lagatasibilah.com\/index.php\/wp-json\/wp\/v2\/comments?post=630"}],"wp:featuredmedia":[{"embeddable":true,"href":"https:\/\/www.lagatasibilah.com\/index.php\/wp-json\/wp\/v2\/media\/631"}],"wp:attachment":[{"href":"https:\/\/www.lagatasibilah.com\/index.php\/wp-json\/wp\/v2\/media?parent=630"}],"wp:term":[{"taxonomy":"product_brand","embeddable":true,"href":"https:\/\/www.lagatasibilah.com\/index.php\/wp-json\/wp\/v2\/product_brand?post=630"},{"taxonomy":"product_cat","embeddable":true,"href":"https:\/\/www.lagatasibilah.com\/index.php\/wp-json\/wp\/v2\/product_cat?post=630"},{"taxonomy":"product_tag","embeddable":true,"href":"https:\/\/www.lagatasibilah.com\/index.php\/wp-json\/wp\/v2\/product_tag?post=630"}],"curies":[{"name":"wp","href":"https:\/\/api.w.org\/{rel}","templated":true}]}}