{"id":618,"date":"2017-07-10T11:01:26","date_gmt":"2017-07-10T14:01:26","guid":{"rendered":"http:\/\/www.lagatasibilah.com\/?post_type=product&#038;p=618"},"modified":"2017-07-10T11:01:26","modified_gmt":"2017-07-10T14:01:26","slug":"la-pregunta-de-sus-ojos","status":"publish","type":"product","link":"https:\/\/www.lagatasibilah.com\/index.php\/product\/la-pregunta-de-sus-ojos\/","title":{"rendered":"La pregunta de sus ojos"},"content":{"rendered":"","protected":false},"excerpt":{"rendered":"<p>Treinta a\u00f1os atr\u00e1s, cuando Benjam\u00edn Chaparro era prosecretario en un juzgado de instrucci\u00f3n, lleg\u00f3 a su oficina la causa de un homicidio que no pudo olvidar. Ahora, ya jubilado, repasa buena parte de su vida, las instancias de ese caso y sus insospechadas derivaciones, y la historia de un amor secreto que lo mantiene acorralado entre la pasi\u00f3n y el silencio.<\/p>\n<p>Una trama policial ambientada en los a\u00f1os sesenta y setenta, en una Argentina que paulatinamente se sumerge en la violencia pol\u00edtica y cuyos personajes luchan contra la impunidad, la burocracia del sistema judicial y las miserias propias y ajenas.<\/p>\n<p>Una historia protagonizada por hombres que hicieron de la b\u00fasqueda de la verdad un destino; de la memoria, un camino imprescindible, y de la lealtad, un culto que trasciende el tiempo, las distancias y la muerte.<\/p>\n<p>La novela inspir\u00f3 la pel\u00edcula de Juan Jos\u00e9 Campanella ganadora del premio \u00d3scar. Con motivo del 50 aniversario de Alfaguara, este t\u00edtulo ha sido elegido como uno de los 50 imprescindibles de la historia de la editorial.<\/p>\n<p>&nbsp;<\/p>\n<p><strong>Autor:<\/strong> Eduardo Sacheri<br \/>\n<strong>Sello:<\/strong> ALFAGUARA<br \/>\n<strong>Fecha publicaci\u00f3n:<\/strong> 09\/2011<br \/>\n<strong>P\u00e1ginas:<\/strong> 320 p\u00e1gs.<br \/>\n<strong>Idioma:<\/strong> Espa\u00f1ol<br \/>\n<strong>ISBN:<\/strong> 9789870412762<\/p>\n<p>&nbsp;<\/p>\n<p><strong>CONSULT\u00c1 PRECIO Y DISPONIBILIDAD A NUESTRO MAIL:<\/strong>\u00a0<a href=\"mailto:lagatasibilah@gmail.com\">lagatasibilah@gmail.com<\/a><\/p>\n","protected":false},"featured_media":619,"comment_status":"open","ping_status":"closed","template":"","meta":{"_acf_changed":false},"product_brand":[],"product_cat":[30],"product_tag":[],"class_list":{"0":"post-618","1":"product","2":"type-product","3":"status-publish","4":"has-post-thumbnail","6":"product_cat-novela","8":"first","9":"instock","10":"shipping-taxable","11":"product-type-simple"},"acf":[],"jetpack_sharing_enabled":true,"_links":{"self":[{"href":"https:\/\/www.lagatasibilah.com\/index.php\/wp-json\/wp\/v2\/product\/618","targetHints":{"allow":["GET"]}}],"collection":[{"href":"https:\/\/www.lagatasibilah.com\/index.php\/wp-json\/wp\/v2\/product"}],"about":[{"href":"https:\/\/www.lagatasibilah.com\/index.php\/wp-json\/wp\/v2\/types\/product"}],"replies":[{"embeddable":true,"href":"https:\/\/www.lagatasibilah.com\/index.php\/wp-json\/wp\/v2\/comments?post=618"}],"wp:featuredmedia":[{"embeddable":true,"href":"https:\/\/www.lagatasibilah.com\/index.php\/wp-json\/wp\/v2\/media\/619"}],"wp:attachment":[{"href":"https:\/\/www.lagatasibilah.com\/index.php\/wp-json\/wp\/v2\/media?parent=618"}],"wp:term":[{"taxonomy":"product_brand","embeddable":true,"href":"https:\/\/www.lagatasibilah.com\/index.php\/wp-json\/wp\/v2\/product_brand?post=618"},{"taxonomy":"product_cat","embeddable":true,"href":"https:\/\/www.lagatasibilah.com\/index.php\/wp-json\/wp\/v2\/product_cat?post=618"},{"taxonomy":"product_tag","embeddable":true,"href":"https:\/\/www.lagatasibilah.com\/index.php\/wp-json\/wp\/v2\/product_tag?post=618"}],"curies":[{"name":"wp","href":"https:\/\/api.w.org\/{rel}","templated":true}]}}