{"id":611,"date":"2017-07-10T10:52:00","date_gmt":"2017-07-10T13:52:00","guid":{"rendered":"http:\/\/www.lagatasibilah.com\/?post_type=product&#038;p=611"},"modified":"2017-07-10T10:53:46","modified_gmt":"2017-07-10T13:53:46","slug":"la-noche-de-la-usina","status":"publish","type":"product","link":"https:\/\/www.lagatasibilah.com\/index.php\/product\/la-noche-de-la-usina\/","title":{"rendered":"La noche de la usina"},"content":{"rendered":"","protected":false},"excerpt":{"rendered":"<p>En un pueblo perdido de la provincia de Buenos Aires, muchas cosas est\u00e1n a punto de extinguirse. Durante la crisis econ\u00f3mica de 2001 que desemboc\u00f3 en el corralito bancario, un grupo de vecinos se propone reunir el dinero necesario para llevar a cabo un proyecto que podr\u00eda ser una salida de la decadencia y la pobreza. Pero en medio de la incautaci\u00f3n general de los ahorros, sufren una estafa particular que los decide a recuperar lo perdido.<\/p>\n<p>En esta novela Eduardo Sacheri vuelve al territorio de Ar\u00e1oz y la verdad para narrar la historia de esa merecida revancha de los perdedores, consumada en una noche legendaria y secreta que quedar\u00e1 en el recuerdo.<\/p>\n<p>\u00abPampa y pol\u00edtica, tiempos muertos de vida cotidiana y di\u00e1logos muy vivos, con un trasfondo cr\u00edtico lleno de suspenso en el que la rabia fecunda es compatible con el humor m\u00e1s fresco.\u00bb<\/p>\n<p>Del acta del jurado del XIX Premio Alfaguara de Novela presidido por Carme Riera y compuesto por Michi Strausfeld, Carlos Zan\u00f3n, Sara Mesa, Mercedes Corbill\u00f3n y Pilar Reyes.<\/p>\n<p>&nbsp;<\/p>\n<p><strong>Autor:<\/strong> Sacheri, Eduardo<br \/>\n<strong>Editorial:<\/strong> Alfaguara<br \/>\n<strong>N\u00famero de p\u00e1ginas:<\/strong> 368<br \/>\n<strong>Peso:<\/strong> 400 gramos<br \/>\n<strong>Formato:<\/strong> R\u00fastica<br \/>\n<strong>Edici\u00f3n:<\/strong> 2016<br \/>\n<strong>Idioma:<\/strong> Castellano<br \/>\n<strong>ISBN:<\/strong> 9789877381887<\/p>\n<p>&nbsp;<\/p>\n<p><strong>CONSULT\u00c1 PRECIO Y DISPONIBILIDAD A NUESTRO MAIL:<\/strong>\u00a0<a href=\"mailto:lagatasibilah@gmail.com\">lagatasibilah@gmail.com<\/a><\/p>\n","protected":false},"featured_media":617,"comment_status":"open","ping_status":"closed","template":"","meta":{"_acf_changed":false},"product_brand":[],"product_cat":[30],"product_tag":[],"class_list":{"0":"post-611","1":"product","2":"type-product","3":"status-publish","4":"has-post-thumbnail","6":"product_cat-novela","8":"first","9":"instock","10":"shipping-taxable","11":"product-type-simple"},"acf":[],"jetpack_sharing_enabled":true,"_links":{"self":[{"href":"https:\/\/www.lagatasibilah.com\/index.php\/wp-json\/wp\/v2\/product\/611","targetHints":{"allow":["GET"]}}],"collection":[{"href":"https:\/\/www.lagatasibilah.com\/index.php\/wp-json\/wp\/v2\/product"}],"about":[{"href":"https:\/\/www.lagatasibilah.com\/index.php\/wp-json\/wp\/v2\/types\/product"}],"replies":[{"embeddable":true,"href":"https:\/\/www.lagatasibilah.com\/index.php\/wp-json\/wp\/v2\/comments?post=611"}],"wp:featuredmedia":[{"embeddable":true,"href":"https:\/\/www.lagatasibilah.com\/index.php\/wp-json\/wp\/v2\/media\/617"}],"wp:attachment":[{"href":"https:\/\/www.lagatasibilah.com\/index.php\/wp-json\/wp\/v2\/media?parent=611"}],"wp:term":[{"taxonomy":"product_brand","embeddable":true,"href":"https:\/\/www.lagatasibilah.com\/index.php\/wp-json\/wp\/v2\/product_brand?post=611"},{"taxonomy":"product_cat","embeddable":true,"href":"https:\/\/www.lagatasibilah.com\/index.php\/wp-json\/wp\/v2\/product_cat?post=611"},{"taxonomy":"product_tag","embeddable":true,"href":"https:\/\/www.lagatasibilah.com\/index.php\/wp-json\/wp\/v2\/product_tag?post=611"}],"curies":[{"name":"wp","href":"https:\/\/api.w.org\/{rel}","templated":true}]}}