{"id":609,"date":"2017-07-08T19:09:07","date_gmt":"2017-07-08T22:09:07","guid":{"rendered":"http:\/\/www.lagatasibilah.com\/?post_type=product&#038;p=609"},"modified":"2017-07-08T19:09:07","modified_gmt":"2017-07-08T22:09:07","slug":"delirio","status":"publish","type":"product","link":"https:\/\/www.lagatasibilah.com\/index.php\/product\/delirio\/","title":{"rendered":"Delirio"},"content":{"rendered":"","protected":false},"excerpt":{"rendered":"<p>Un hombre regresa a casa despu\u00e9s de un corto viaje de negocios y encuentra que su esposa ha enloquecido completamente. No tiene idea de qu\u00e9 le pudo haber ocurrido durante los tres d\u00edas de su ausencia, y con el fin de ayudarla a salir de la crisis empieza a investigar, s\u00f3lo para descubrir lo poco que sabe sobre las profundas perturbaciones escondidas en el pasado de la mujer que ama.<\/p>\n<p>Narrada con talento y emoci\u00f3n, la historia principal de esta novela se fragmenta en otras que se anudan a trav\u00e9s de personajes llenos de matices. La autora muestra en esta obra una energ\u00eda narrativa fuera de lo com\u00fan, en donde el suspenso se mantiene hasta un final esperanzador que cierra una hermosa novela, bien construida, mejor contada y brillantemente desarrollada.<\/p>\n<p>&nbsp;<\/p>\n<p><strong>Autor:<\/strong> Restrepo, Laura<br \/>\n<strong>Fecha publicaci\u00f3n:<\/strong> 09\/2010<br \/>\n<strong>Idioma:<\/strong> Espa\u00f1ol<br \/>\n<strong>P\u00e1ginas:<\/strong> 352 p\u00e1gs.<br \/>\n<strong>Medidas:<\/strong> 14 X 23 mm<br \/>\n<strong>ISBN:<\/strong> 9789505119363<br \/>\n<strong>Editorial:<\/strong>\u00a0Alfaguara<\/p>\n<p>&nbsp;<\/p>\n<p><strong>CONSULT\u00c1 PRECIO Y DISPONIBILIDAD A NUESTRO MAIL:<\/strong>\u00a0<a href=\"mailto:lagatasibilah@gmail.com\">lagatasibilah@gmail.com<\/a><\/p>\n<p>&nbsp;<\/p>\n","protected":false},"featured_media":610,"comment_status":"open","ping_status":"closed","template":"","meta":{"_acf_changed":false},"product_brand":[],"product_cat":[30],"product_tag":[],"class_list":{"0":"post-609","1":"product","2":"type-product","3":"status-publish","4":"has-post-thumbnail","6":"product_cat-novela","8":"first","9":"instock","10":"shipping-taxable","11":"product-type-simple"},"acf":[],"jetpack_sharing_enabled":true,"_links":{"self":[{"href":"https:\/\/www.lagatasibilah.com\/index.php\/wp-json\/wp\/v2\/product\/609","targetHints":{"allow":["GET"]}}],"collection":[{"href":"https:\/\/www.lagatasibilah.com\/index.php\/wp-json\/wp\/v2\/product"}],"about":[{"href":"https:\/\/www.lagatasibilah.com\/index.php\/wp-json\/wp\/v2\/types\/product"}],"replies":[{"embeddable":true,"href":"https:\/\/www.lagatasibilah.com\/index.php\/wp-json\/wp\/v2\/comments?post=609"}],"wp:featuredmedia":[{"embeddable":true,"href":"https:\/\/www.lagatasibilah.com\/index.php\/wp-json\/wp\/v2\/media\/610"}],"wp:attachment":[{"href":"https:\/\/www.lagatasibilah.com\/index.php\/wp-json\/wp\/v2\/media?parent=609"}],"wp:term":[{"taxonomy":"product_brand","embeddable":true,"href":"https:\/\/www.lagatasibilah.com\/index.php\/wp-json\/wp\/v2\/product_brand?post=609"},{"taxonomy":"product_cat","embeddable":true,"href":"https:\/\/www.lagatasibilah.com\/index.php\/wp-json\/wp\/v2\/product_cat?post=609"},{"taxonomy":"product_tag","embeddable":true,"href":"https:\/\/www.lagatasibilah.com\/index.php\/wp-json\/wp\/v2\/product_tag?post=609"}],"curies":[{"name":"wp","href":"https:\/\/api.w.org\/{rel}","templated":true}]}}