{"id":604,"date":"2017-07-07T21:53:07","date_gmt":"2017-07-08T00:53:07","guid":{"rendered":"http:\/\/www.lagatasibilah.com\/?post_type=product&#038;p=604"},"modified":"2017-07-07T21:53:45","modified_gmt":"2017-07-08T00:53:45","slug":"la-direccion-del-ausente","status":"publish","type":"product","link":"https:\/\/www.lagatasibilah.com\/index.php\/product\/la-direccion-del-ausente\/","title":{"rendered":"La direcci\u00f3n del ausente"},"content":{"rendered":"","protected":false},"excerpt":{"rendered":"<p>La direcci\u00f3n del ausente retoma una larga tradici\u00f3n de novelas que se ocupan de la memoria del Holocausto, de los restos de un pasado que no termina de pasar. Sin embargo, lo hace de un modo tan extraordinario, tan conmovedor y a la vez profundo, que al leerla sentimos que toda la literatura comienza de nuevo.<\/p>\n<p>Un narradora (\u00bf\u00e1lter ego de la autora?), nacida un cuarto de siglo despu\u00e9s del final de la Segunda Guerra, viaja junto a su madre en busca de informaci\u00f3n sobre el padre de la madre, jud\u00edo muerto en un campo de concentraci\u00f3n nazi en Polonia.<\/p>\n<p>Ese viaje \u2013y la errancia por las calles de Varsovia y de Par\u00eds\u2013 es el escenario para una reflexi\u00f3n emocionante sobre la p\u00e9rdida, el amor y la perplejidad de la identidad.<\/p>\n<p>La direcci\u00f3n del ausente es una novela. Una gran novela. Pero tambi\u00e9n es la prueba de que la literatura siempre puede decir algo nuevo, escribir la palabra justa, tener una mirada propia, all\u00ed donde parece que ya ha sido todo escrito. Es decir: La direcci\u00f3n del ausente retoma una ya larga tradici\u00f3n de novelas que se ocupan de la memoria del Holocausto, de los restos de un pasado que no termina de pasar.<\/p>\n<p>&nbsp;<\/p>\n<p><strong>Autor<\/strong> Zylberman, Ruth<br \/>\n<strong>Editorial:<\/strong> MARDULCE<br \/>\n<strong>Paginas:<\/strong> 150<br \/>\n<strong>Edici\u00f3n:<\/strong> 2016<br \/>\n<strong>Idioma:<\/strong> Espa\u00f1ol<br \/>\n<strong>Peso:<\/strong> 290 gramos<br \/>\n<strong>Encuadernaci\u00f3n:<\/strong> Tapa blanda<br \/>\n<strong>ISBN<\/strong> 9789873731204<\/p>\n<p>&nbsp;<\/p>\n<p><strong>CONSULT\u00c1 PRECIO Y DISPONIBILIDAD A NUESTRO MAIL:<\/strong>\u00a0<a href=\"mailto:lagatasibilah@gmail.com\">lagatasibilah@gmail.com<\/a><\/p>\n","protected":false},"featured_media":605,"comment_status":"open","ping_status":"closed","template":"","meta":{"_acf_changed":false},"product_brand":[],"product_cat":[30],"product_tag":[],"class_list":{"0":"post-604","1":"product","2":"type-product","3":"status-publish","4":"has-post-thumbnail","6":"product_cat-novela","8":"first","9":"instock","10":"shipping-taxable","11":"product-type-simple"},"acf":[],"jetpack_sharing_enabled":true,"_links":{"self":[{"href":"https:\/\/www.lagatasibilah.com\/index.php\/wp-json\/wp\/v2\/product\/604","targetHints":{"allow":["GET"]}}],"collection":[{"href":"https:\/\/www.lagatasibilah.com\/index.php\/wp-json\/wp\/v2\/product"}],"about":[{"href":"https:\/\/www.lagatasibilah.com\/index.php\/wp-json\/wp\/v2\/types\/product"}],"replies":[{"embeddable":true,"href":"https:\/\/www.lagatasibilah.com\/index.php\/wp-json\/wp\/v2\/comments?post=604"}],"wp:featuredmedia":[{"embeddable":true,"href":"https:\/\/www.lagatasibilah.com\/index.php\/wp-json\/wp\/v2\/media\/605"}],"wp:attachment":[{"href":"https:\/\/www.lagatasibilah.com\/index.php\/wp-json\/wp\/v2\/media?parent=604"}],"wp:term":[{"taxonomy":"product_brand","embeddable":true,"href":"https:\/\/www.lagatasibilah.com\/index.php\/wp-json\/wp\/v2\/product_brand?post=604"},{"taxonomy":"product_cat","embeddable":true,"href":"https:\/\/www.lagatasibilah.com\/index.php\/wp-json\/wp\/v2\/product_cat?post=604"},{"taxonomy":"product_tag","embeddable":true,"href":"https:\/\/www.lagatasibilah.com\/index.php\/wp-json\/wp\/v2\/product_tag?post=604"}],"curies":[{"name":"wp","href":"https:\/\/api.w.org\/{rel}","templated":true}]}}