{"id":602,"date":"2017-07-07T21:43:33","date_gmt":"2017-07-08T00:43:33","guid":{"rendered":"http:\/\/www.lagatasibilah.com\/?post_type=product&#038;p=602"},"modified":"2017-07-07T21:43:33","modified_gmt":"2017-07-08T00:43:33","slug":"el-amo-bueno","status":"publish","type":"product","link":"https:\/\/www.lagatasibilah.com\/index.php\/product\/el-amo-bueno\/","title":{"rendered":"El amo bueno"},"content":{"rendered":"","protected":false},"excerpt":{"rendered":"<p>El amo bueno es una novela en fuga, construida sobre la base de una trama an\u00e1rquica que logra hacer del acontecimiento su m\u00e1ximo secreto.<\/p>\n<p>Tres perros cavan un t\u00fanel en el jard\u00edn de una casa de la calle 14 de Julio en Buenos Aires. Husmean en una geograf\u00eda neutra, impersonal, pero poblada de fantasmas. Restos de una f\u00e1brica textil y sus obreros desclasados, el olor de un antiguo incendio, galpones vac\u00edos, nafta derramada, aparecen como fragmentos de la historia de una ciudad contra la memoria de sus ruinas. Y a la vez, es tambi\u00e9n una reflexi\u00f3n sobre la banalidad del arte.<\/p>\n<p>Las voces de Fogwill, de Duchamp, el negro sobre negro de Malevich, Charlie Parker tocando solo para una vaca, y el eco de la vanguardia resuenan all\u00ed. El amo bueno pone en escena un combate: el de la materia de la lengua y el espectro de la literatura reclamando su derecho a morir.<\/p>\n<p>&nbsp;<\/p>\n<p><strong>Autor<\/strong> Tabarovsky, Dami\u00e1n<br \/>\n<strong>Editorial:<\/strong> MARDULCE<br \/>\n<strong>Paginas:<\/strong> 112<br \/>\n<strong>Edici\u00f3n:<\/strong> 2016<br \/>\n<strong>Idioma:<\/strong> Espa\u00f1ol<br \/>\n<strong>Peso:<\/strong> 230 gramos<br \/>\n<strong>Encuadernaci\u00f3n:<\/strong> Tapa blanda<br \/>\n<strong>ISBN<\/strong> 9789873731211<\/p>\n<p>&nbsp;<\/p>\n<p><strong>CONSULT\u00c1 PRECIO Y DISPONIBILIDAD A NUESTRO MAIL:<\/strong>\u00a0<a href=\"mailto:lagatasibilah@gmail.com\">lagatasibilah@gmail.com<\/a><\/p>\n","protected":false},"featured_media":603,"comment_status":"open","ping_status":"closed","template":"","meta":{"_acf_changed":false},"product_brand":[],"product_cat":[30],"product_tag":[],"class_list":{"0":"post-602","1":"product","2":"type-product","3":"status-publish","4":"has-post-thumbnail","6":"product_cat-novela","8":"first","9":"instock","10":"shipping-taxable","11":"product-type-simple"},"acf":[],"jetpack_sharing_enabled":true,"_links":{"self":[{"href":"https:\/\/www.lagatasibilah.com\/index.php\/wp-json\/wp\/v2\/product\/602","targetHints":{"allow":["GET"]}}],"collection":[{"href":"https:\/\/www.lagatasibilah.com\/index.php\/wp-json\/wp\/v2\/product"}],"about":[{"href":"https:\/\/www.lagatasibilah.com\/index.php\/wp-json\/wp\/v2\/types\/product"}],"replies":[{"embeddable":true,"href":"https:\/\/www.lagatasibilah.com\/index.php\/wp-json\/wp\/v2\/comments?post=602"}],"wp:featuredmedia":[{"embeddable":true,"href":"https:\/\/www.lagatasibilah.com\/index.php\/wp-json\/wp\/v2\/media\/603"}],"wp:attachment":[{"href":"https:\/\/www.lagatasibilah.com\/index.php\/wp-json\/wp\/v2\/media?parent=602"}],"wp:term":[{"taxonomy":"product_brand","embeddable":true,"href":"https:\/\/www.lagatasibilah.com\/index.php\/wp-json\/wp\/v2\/product_brand?post=602"},{"taxonomy":"product_cat","embeddable":true,"href":"https:\/\/www.lagatasibilah.com\/index.php\/wp-json\/wp\/v2\/product_cat?post=602"},{"taxonomy":"product_tag","embeddable":true,"href":"https:\/\/www.lagatasibilah.com\/index.php\/wp-json\/wp\/v2\/product_tag?post=602"}],"curies":[{"name":"wp","href":"https:\/\/api.w.org\/{rel}","templated":true}]}}