{"id":596,"date":"2017-07-07T21:24:50","date_gmt":"2017-07-08T00:24:50","guid":{"rendered":"http:\/\/www.lagatasibilah.com\/?post_type=product&#038;p=596"},"modified":"2017-07-07T21:24:50","modified_gmt":"2017-07-08T00:24:50","slug":"la-muerte-juega-a-los-dados","status":"publish","type":"product","link":"https:\/\/www.lagatasibilah.com\/index.php\/product\/la-muerte-juega-a-los-dados\/","title":{"rendered":"La muerte juega a los dados"},"content":{"rendered":"","protected":false},"excerpt":{"rendered":"<p>La muerte juega a los dados es un libro capaz de situarse en la frontera de los g\u00e9neros y de la ficci\u00f3n misma.<\/p>\n<p>En una casa de la clase alta de Buenos Aires aparece un hombre con un disparo en la sien. Estamos en 1936. A partir de este relato, se teje una compleja red de historias que, en general, ha sido exclusiva de la novela.<\/p>\n<p>Clara Obligado desarrolla, al mismo tiempo, una narraci\u00f3n polic\u00edaca y una saga familiar que llega hasta nuestros d\u00edas, una colecci\u00f3n de cuentos de brillante arquitectura cuyos afluentes arrastran al g\u00e9nero hacia caminos nuevos.<\/p>\n<p>Elaborada y precisa, experimental en muchas ocasiones, la escritura de Clara Obligado \u2013que obtuvo el Premio Setenil al mejor libro de cuentos del a\u00f1o con El libro de los viajes equivocados\u2013 es capaz de emocionar y atrapar al lector. Pero, sobre todo, es capaz de sorprenderlo.<\/p>\n<p>&nbsp;<\/p>\n<p><strong>Autor<\/strong> Obligado, Clara<br \/>\n<strong>Editorial:<\/strong> P\u00c1GINAS DE ESPUMA<br \/>\n<strong>Paginas:<\/strong> 232<br \/>\n<strong>Edici\u00f3n:<\/strong> 2016<br \/>\n<strong>Idioma:<\/strong> Espa\u00f1ol<br \/>\n<strong>Peso: <\/strong>400 gramos<br \/>\n<strong> Encuadernaci\u00f3n:<\/strong> Tapa blanda<br \/>\n<strong>ISBN<\/strong> 9788483931806<\/p>\n<p>&nbsp;<\/p>\n<p><strong>CONSULT\u00c1 PRECIO Y DISPONIBILIDAD A NUESTRO MAIL:<\/strong>\u00a0<a href=\"mailto:lagatasibilah@gmail.com\">lagatasibilah@gmail.com<\/a><\/p>\n","protected":false},"featured_media":597,"comment_status":"open","ping_status":"closed","template":"","meta":{"_acf_changed":false},"product_brand":[],"product_cat":[30],"product_tag":[],"class_list":{"0":"post-596","1":"product","2":"type-product","3":"status-publish","4":"has-post-thumbnail","6":"product_cat-novela","8":"first","9":"instock","10":"shipping-taxable","11":"product-type-simple"},"acf":[],"jetpack_sharing_enabled":true,"_links":{"self":[{"href":"https:\/\/www.lagatasibilah.com\/index.php\/wp-json\/wp\/v2\/product\/596","targetHints":{"allow":["GET"]}}],"collection":[{"href":"https:\/\/www.lagatasibilah.com\/index.php\/wp-json\/wp\/v2\/product"}],"about":[{"href":"https:\/\/www.lagatasibilah.com\/index.php\/wp-json\/wp\/v2\/types\/product"}],"replies":[{"embeddable":true,"href":"https:\/\/www.lagatasibilah.com\/index.php\/wp-json\/wp\/v2\/comments?post=596"}],"wp:featuredmedia":[{"embeddable":true,"href":"https:\/\/www.lagatasibilah.com\/index.php\/wp-json\/wp\/v2\/media\/597"}],"wp:attachment":[{"href":"https:\/\/www.lagatasibilah.com\/index.php\/wp-json\/wp\/v2\/media?parent=596"}],"wp:term":[{"taxonomy":"product_brand","embeddable":true,"href":"https:\/\/www.lagatasibilah.com\/index.php\/wp-json\/wp\/v2\/product_brand?post=596"},{"taxonomy":"product_cat","embeddable":true,"href":"https:\/\/www.lagatasibilah.com\/index.php\/wp-json\/wp\/v2\/product_cat?post=596"},{"taxonomy":"product_tag","embeddable":true,"href":"https:\/\/www.lagatasibilah.com\/index.php\/wp-json\/wp\/v2\/product_tag?post=596"}],"curies":[{"name":"wp","href":"https:\/\/api.w.org\/{rel}","templated":true}]}}