{"id":590,"date":"2017-07-07T20:48:57","date_gmt":"2017-07-07T23:48:57","guid":{"rendered":"http:\/\/www.lagatasibilah.com\/?post_type=product&#038;p=590"},"modified":"2017-07-07T20:48:57","modified_gmt":"2017-07-07T23:48:57","slug":"la-habitacion-alemana","status":"publish","type":"product","link":"https:\/\/www.lagatasibilah.com\/index.php\/product\/la-habitacion-alemana\/","title":{"rendered":"La habitaci\u00f3n alemana"},"content":{"rendered":"","protected":false},"excerpt":{"rendered":"<p>\u00bfPodemos afirmar que La habitaci\u00f3n alemana, primera novela de Carla Maliandi, inventa un g\u00e9nero nuevo? Esa ser\u00eda sin dudas una exageraci\u00f3n. Pero s\u00ed podemos decir que el texto gira en torno a lo que bien podr\u00edamos llamar \u201cnovela de no aprendizaje\u201d: una protagonista \u2013mujer, joven\u2013 viaja a Alemania atrapada por conflictos sentimentales y no dejan de sucederle toda clase de peripecias y accidentes \u2013algunos tr\u00e1gicos, otros c\u00f3micos\u2013.<\/p>\n<p>Nunca logra comprender del todo su situaci\u00f3n. En lugar de avanzar y aprender, sigue siempre a tientas, en la perplejidad, en la vacilaci\u00f3n. Escrita con un tono vertiginoso, esa vacilaci\u00f3n se vuelve suspenso: estructurada en cap\u00edtulos breves, los leemos queriendo saber c\u00f3mo contin\u00faa, qu\u00e9 pasar\u00e1, c\u00f3mo se resolver\u00e1. Terminamos de leer cada cap\u00edtulo y queremos m\u00e1s. Siempre m\u00e1s. Y Maliandi no se priva de llevarnos de la mano hasta el final de una novela que, pronto, se convierte en inolvidable.<\/p>\n<p>&nbsp;<\/p>\n<p><strong>Autor:<\/strong> Maliandi, Carla<br \/>\n<strong>Editorial:<\/strong> MARDULCE<br \/>\n<strong>Paginas:<\/strong> 200<br \/>\n<strong>Edici\u00f3n:<\/strong> 2017<br \/>\n<strong>Idioma:<\/strong> Castellano<br \/>\n<strong>Encuadernaci\u00f3n:<\/strong> Tapa blanda<br \/>\n<strong>ISBN<\/strong> 9789873731273<\/p>\n<p>&nbsp;<\/p>\n<p><strong>CONSULT\u00c1 PRECIO Y DISPONIBILIDAD A NUESTRO MAIL:<\/strong>\u00a0<a href=\"mailto:lagatasibilah@gmail.com\">lagatasibilah@gmail.com<\/a><\/p>\n","protected":false},"featured_media":591,"comment_status":"open","ping_status":"closed","template":"","meta":{"_acf_changed":false},"product_brand":[],"product_cat":[30],"product_tag":[],"class_list":{"0":"post-590","1":"product","2":"type-product","3":"status-publish","4":"has-post-thumbnail","6":"product_cat-novela","8":"first","9":"instock","10":"shipping-taxable","11":"product-type-simple"},"acf":[],"jetpack_sharing_enabled":true,"_links":{"self":[{"href":"https:\/\/www.lagatasibilah.com\/index.php\/wp-json\/wp\/v2\/product\/590","targetHints":{"allow":["GET"]}}],"collection":[{"href":"https:\/\/www.lagatasibilah.com\/index.php\/wp-json\/wp\/v2\/product"}],"about":[{"href":"https:\/\/www.lagatasibilah.com\/index.php\/wp-json\/wp\/v2\/types\/product"}],"replies":[{"embeddable":true,"href":"https:\/\/www.lagatasibilah.com\/index.php\/wp-json\/wp\/v2\/comments?post=590"}],"wp:featuredmedia":[{"embeddable":true,"href":"https:\/\/www.lagatasibilah.com\/index.php\/wp-json\/wp\/v2\/media\/591"}],"wp:attachment":[{"href":"https:\/\/www.lagatasibilah.com\/index.php\/wp-json\/wp\/v2\/media?parent=590"}],"wp:term":[{"taxonomy":"product_brand","embeddable":true,"href":"https:\/\/www.lagatasibilah.com\/index.php\/wp-json\/wp\/v2\/product_brand?post=590"},{"taxonomy":"product_cat","embeddable":true,"href":"https:\/\/www.lagatasibilah.com\/index.php\/wp-json\/wp\/v2\/product_cat?post=590"},{"taxonomy":"product_tag","embeddable":true,"href":"https:\/\/www.lagatasibilah.com\/index.php\/wp-json\/wp\/v2\/product_tag?post=590"}],"curies":[{"name":"wp","href":"https:\/\/api.w.org\/{rel}","templated":true}]}}