{"id":586,"date":"2017-07-07T20:27:39","date_gmt":"2017-07-07T23:27:39","guid":{"rendered":"http:\/\/www.lagatasibilah.com\/?post_type=product&#038;p=586"},"modified":"2017-07-07T20:27:39","modified_gmt":"2017-07-07T23:27:39","slug":"los-enamorados","status":"publish","type":"product","link":"https:\/\/www.lagatasibilah.com\/index.php\/product\/los-enamorados\/","title":{"rendered":"Los enamorados"},"content":{"rendered":"","protected":false},"excerpt":{"rendered":"<p>Alfred Hayes luch\u00f3 en la Segunda Guerra Mundial. Colabor\u00f3 con directores como Roberto Rossellini y Vittorio De Sica. Y escribi\u00f3 una obra maestra, elogiada por Julian Maclaren-Ross.<\/p>\n<p>Las f\u00f3rmulas del amor \u2013las que suponen un para\u00edso de \u00e9xtasis y felicidad, las que reclaman un vac\u00edo rec\u00edproco de identidad y posesi\u00f3n\u2013 pueden incluirse en los pliegues del relato, que consiente todas las situaciones y circunstancias capaces de sustentarlas.<\/p>\n<p>Afinada y entonada por una voz que no permite dudar acerca de lo que cuenta, esta novela in\u00e9dita hasta ahora en espa\u00f1ol despert\u00f3 la admiraci\u00f3n del p\u00fablico y de lectores tan exigentes como Elizabeth Bowen, Stevie Smith y Antonia White. Este tribunal femenino respalda la turbulenta veracidad o por lo menos la verosimilitud tortuosa de una confesi\u00f3n: la del espl\u00e9ndido aislamiento de un hombre perdido en el laberinto de su amor.<\/p>\n<p><em>\u201cLos enamorados es una obra de arte.\u201d<\/em> (Julian Maclaren-Ross)<\/p>\n<p>&nbsp;<\/p>\n<p><strong>Autor:<\/strong> Hayes, Alfred<br \/>\n<strong>P\u00e1ginas:<\/strong> 160 p\u00e1gs.<br \/>\n<strong>Encuadernaci\u00f3n:<\/strong> Tapa blanda<br \/>\n<strong>Editorial:<\/strong> BESTIA EQUILATERA<br \/>\n<strong>Idioma:<\/strong> CASTELLANO<br \/>\n<strong>ISBN:<\/strong> 9789872492694<\/p>\n<p>&nbsp;<\/p>\n<p><strong>CONSULT\u00c1 PRECIO Y DISPONIBILIDAD A NUESTRO MAIL:<\/strong>\u00a0<a href=\"mailto:lagatasibilah@gmail.com\">lagatasibilah@gmail.com<\/a><\/p>\n","protected":false},"featured_media":587,"comment_status":"open","ping_status":"closed","template":"","meta":{"_acf_changed":false},"product_brand":[],"product_cat":[30],"product_tag":[],"class_list":{"0":"post-586","1":"product","2":"type-product","3":"status-publish","4":"has-post-thumbnail","6":"product_cat-novela","8":"first","9":"instock","10":"shipping-taxable","11":"product-type-simple"},"acf":[],"jetpack_sharing_enabled":true,"_links":{"self":[{"href":"https:\/\/www.lagatasibilah.com\/index.php\/wp-json\/wp\/v2\/product\/586","targetHints":{"allow":["GET"]}}],"collection":[{"href":"https:\/\/www.lagatasibilah.com\/index.php\/wp-json\/wp\/v2\/product"}],"about":[{"href":"https:\/\/www.lagatasibilah.com\/index.php\/wp-json\/wp\/v2\/types\/product"}],"replies":[{"embeddable":true,"href":"https:\/\/www.lagatasibilah.com\/index.php\/wp-json\/wp\/v2\/comments?post=586"}],"wp:featuredmedia":[{"embeddable":true,"href":"https:\/\/www.lagatasibilah.com\/index.php\/wp-json\/wp\/v2\/media\/587"}],"wp:attachment":[{"href":"https:\/\/www.lagatasibilah.com\/index.php\/wp-json\/wp\/v2\/media?parent=586"}],"wp:term":[{"taxonomy":"product_brand","embeddable":true,"href":"https:\/\/www.lagatasibilah.com\/index.php\/wp-json\/wp\/v2\/product_brand?post=586"},{"taxonomy":"product_cat","embeddable":true,"href":"https:\/\/www.lagatasibilah.com\/index.php\/wp-json\/wp\/v2\/product_cat?post=586"},{"taxonomy":"product_tag","embeddable":true,"href":"https:\/\/www.lagatasibilah.com\/index.php\/wp-json\/wp\/v2\/product_tag?post=586"}],"curies":[{"name":"wp","href":"https:\/\/api.w.org\/{rel}","templated":true}]}}