{"id":584,"date":"2017-07-07T20:21:22","date_gmt":"2017-07-07T23:21:22","guid":{"rendered":"http:\/\/www.lagatasibilah.com\/?post_type=product&#038;p=584"},"modified":"2017-07-07T20:22:07","modified_gmt":"2017-07-07T23:22:07","slug":"la-debil-mental","status":"publish","type":"product","link":"https:\/\/www.lagatasibilah.com\/index.php\/product\/la-debil-mental\/","title":{"rendered":"La d\u00e9bil mental"},"content":{"rendered":"","protected":false},"excerpt":{"rendered":"<p>Un viaje a las entra\u00f1as m\u00e1s radicales de los v\u00ednculos familiares, a una relaci\u00f3n casi animal entre madre e hija.<\/p>\n<p>Escrita como un flujo de consciencia que recuerda la mejor tradici\u00f3n de la literatura moderna (Virgina Woolf, Nathalie Sarraute) cruzada con una violencia desatada poco presente en la narrativa argentina, es el relato de una pulsi\u00f3n sexual inagotable, de la desolaci\u00f3n de una infancia sin respuesta, de la biograf\u00eda de un cuerpo donde todo est\u00e1 sepultado.<\/p>\n<p>Narrada a trav\u00e9s de tremendas escenas breves (madre e hija en clubes, con hombres, con whisky; pero tambi\u00e9n jugando juntas, divirti\u00e9ndose) la novela nunca se vuelve s\u00f3rdida, sino al contrario: roza la poes\u00eda, y formula una poderosa interrogaci\u00f3n sobre la condici\u00f3n humana, sobre el deseo, sobre los imposibles mandatos familiares.<\/p>\n<p>&nbsp;<\/p>\n<p><strong>Autor:<\/strong> HARWICZ, ARIANA<br \/>\n<strong>P\u00e1ginas:<\/strong> 112 p\u00e1gs.<br \/>\n<strong>Encuadernaci\u00f3n:<\/strong> Tapa blanda<br \/>\n<strong>Editorial:<\/strong> MARDULCE<br \/>\n<strong>Idioma:<\/strong> CASTELLANO<br \/>\n<strong>ISBN:<\/strong> 9788494286964<\/p>\n<p>&nbsp;<\/p>\n<p><strong>CONSULT\u00c1 PRECIO Y DISPONIBILIDAD A NUESTRO MAIL:<\/strong>\u00a0<a href=\"mailto:lagatasibilah@gmail.com\">lagatasibilah@gmail.com<\/a><\/p>\n","protected":false},"featured_media":585,"comment_status":"open","ping_status":"closed","template":"","meta":{"_acf_changed":false},"product_brand":[],"product_cat":[30],"product_tag":[],"class_list":{"0":"post-584","1":"product","2":"type-product","3":"status-publish","4":"has-post-thumbnail","6":"product_cat-novela","8":"first","9":"instock","10":"shipping-taxable","11":"product-type-simple"},"acf":[],"jetpack_sharing_enabled":true,"_links":{"self":[{"href":"https:\/\/www.lagatasibilah.com\/index.php\/wp-json\/wp\/v2\/product\/584","targetHints":{"allow":["GET"]}}],"collection":[{"href":"https:\/\/www.lagatasibilah.com\/index.php\/wp-json\/wp\/v2\/product"}],"about":[{"href":"https:\/\/www.lagatasibilah.com\/index.php\/wp-json\/wp\/v2\/types\/product"}],"replies":[{"embeddable":true,"href":"https:\/\/www.lagatasibilah.com\/index.php\/wp-json\/wp\/v2\/comments?post=584"}],"wp:featuredmedia":[{"embeddable":true,"href":"https:\/\/www.lagatasibilah.com\/index.php\/wp-json\/wp\/v2\/media\/585"}],"wp:attachment":[{"href":"https:\/\/www.lagatasibilah.com\/index.php\/wp-json\/wp\/v2\/media?parent=584"}],"wp:term":[{"taxonomy":"product_brand","embeddable":true,"href":"https:\/\/www.lagatasibilah.com\/index.php\/wp-json\/wp\/v2\/product_brand?post=584"},{"taxonomy":"product_cat","embeddable":true,"href":"https:\/\/www.lagatasibilah.com\/index.php\/wp-json\/wp\/v2\/product_cat?post=584"},{"taxonomy":"product_tag","embeddable":true,"href":"https:\/\/www.lagatasibilah.com\/index.php\/wp-json\/wp\/v2\/product_tag?post=584"}],"curies":[{"name":"wp","href":"https:\/\/api.w.org\/{rel}","templated":true}]}}