{"id":582,"date":"2017-07-07T20:14:43","date_gmt":"2017-07-07T23:14:43","guid":{"rendered":"http:\/\/www.lagatasibilah.com\/?post_type=product&#038;p=582"},"modified":"2017-07-07T20:14:43","modified_gmt":"2017-07-07T23:14:43","slug":"la-piel-del-tambor","status":"publish","type":"product","link":"https:\/\/www.lagatasibilah.com\/index.php\/product\/la-piel-del-tambor\/","title":{"rendered":"La piel del tambor"},"content":{"rendered":"","protected":false},"excerpt":{"rendered":"<p>Un pirata inform\u00e1tico que se infiltra en el Vaticano. Una iglesia barroca, en Sevilla, que mata para defenderse. Tres pintorescos malvados que aspiran a mantener viva la copla espa\u00f1ola. Una bella arist\u00f3crata andaluza. Un apuesto sacerdote-agente especialista en asuntos sucios. Un banquero celoso y su secretario lud\u00f3pata. Una septuagenaria que bebe coca-cola. La tarjeta postal de una mujer muerta un siglo atr\u00e1s. Y el misterioso legado del capit\u00e1n Xaloc, \u00faltimo corsario espa\u00f1ol, desaparecido frente a las costas de Cuba en 1898.<\/p>\n<p>Con esos ingredientes, Arturo P\u00e9rez-Reverte construye en La piel del tambor una ingeniosa, compleja y fascinante trama novelesca. Con su imaginaci\u00f3n desbordante, su espectacular dominio de la ingenier\u00eda narrativa y de los diversos g\u00e9neros superpuestos -misterio, polic\u00edaco, historia, romanticismo, aventura, follet\u00edn- el autor nos sumerge sin aliento en una historia que corta al lector cualquier posible retirada, arrastr\u00e1ndolo a un enigma cuya clave se esconde a la sombra de los viejos muelles del Guadalquivir; donde todav\u00eda hoy, en las noches de luna llena, sombras de mujer agitan sus pa\u00f1uelos y goletas tripuladas por fantasmas siguen zarpando rumbo a las Antillas.<\/p>\n<p>&nbsp;<\/p>\n<p><strong>Autor:<\/strong> Perez Reverte, Arturo<br \/>\n<strong>P\u00e1ginas:<\/strong> 600 p\u00e1gs.<br \/>\n<strong>Encuadernaci\u00f3n:<\/strong> Tapa blanda<br \/>\n<strong>Editorial:<\/strong> ALFAGUARA<br \/>\n<strong>Idioma:<\/strong>\u00a0Espa\u00f1ol<br \/>\n<strong>ISBN:<\/strong> 9788420472065<\/p>\n<p>&nbsp;<\/p>\n<p><strong>CONSULT\u00c1 PRECIO Y DISPONIBILIDAD A NUESTRO MAIL:<\/strong>\u00a0<a href=\"mailto:lagatasibilah@gmail.com\">lagatasibilah@gmail.com<\/a><\/p>\n","protected":false},"featured_media":583,"comment_status":"open","ping_status":"closed","template":"","meta":{"_acf_changed":false},"product_brand":[],"product_cat":[30],"product_tag":[],"class_list":{"0":"post-582","1":"product","2":"type-product","3":"status-publish","4":"has-post-thumbnail","6":"product_cat-novela","8":"first","9":"instock","10":"shipping-taxable","11":"product-type-simple"},"acf":[],"jetpack_sharing_enabled":true,"_links":{"self":[{"href":"https:\/\/www.lagatasibilah.com\/index.php\/wp-json\/wp\/v2\/product\/582","targetHints":{"allow":["GET"]}}],"collection":[{"href":"https:\/\/www.lagatasibilah.com\/index.php\/wp-json\/wp\/v2\/product"}],"about":[{"href":"https:\/\/www.lagatasibilah.com\/index.php\/wp-json\/wp\/v2\/types\/product"}],"replies":[{"embeddable":true,"href":"https:\/\/www.lagatasibilah.com\/index.php\/wp-json\/wp\/v2\/comments?post=582"}],"wp:featuredmedia":[{"embeddable":true,"href":"https:\/\/www.lagatasibilah.com\/index.php\/wp-json\/wp\/v2\/media\/583"}],"wp:attachment":[{"href":"https:\/\/www.lagatasibilah.com\/index.php\/wp-json\/wp\/v2\/media?parent=582"}],"wp:term":[{"taxonomy":"product_brand","embeddable":true,"href":"https:\/\/www.lagatasibilah.com\/index.php\/wp-json\/wp\/v2\/product_brand?post=582"},{"taxonomy":"product_cat","embeddable":true,"href":"https:\/\/www.lagatasibilah.com\/index.php\/wp-json\/wp\/v2\/product_cat?post=582"},{"taxonomy":"product_tag","embeddable":true,"href":"https:\/\/www.lagatasibilah.com\/index.php\/wp-json\/wp\/v2\/product_tag?post=582"}],"curies":[{"name":"wp","href":"https:\/\/api.w.org\/{rel}","templated":true}]}}