{"id":580,"date":"2017-07-07T20:08:20","date_gmt":"2017-07-07T23:08:20","guid":{"rendered":"http:\/\/www.lagatasibilah.com\/?post_type=product&#038;p=580"},"modified":"2017-08-15T16:52:29","modified_gmt":"2017-08-15T19:52:29","slug":"la-tabla-de-flandes","status":"publish","type":"product","link":"https:\/\/www.lagatasibilah.com\/index.php\/product\/la-tabla-de-flandes\/","title":{"rendered":"La tabla de Flandes"},"content":{"rendered":"","protected":false},"excerpt":{"rendered":"<p>A finales del siglo XV un viejo maestro flamenco introduce en uno de sus cuadros, en forma de partida de ajedrez, la clave de un secreto que pudo cambiar la historia de Europa.<\/p>\n<p>Cinco siglos despu\u00e9s, una joven restauradora de arte, un anticuario homosexual y un exc\u00e9ntrico jugador de ajedrez unen sus fuerzas para tratar de resolver el enigma. La investigaci\u00f3n les conducir\u00e1 a trav\u00e9s de una apasionante pesquisa en la que los movimientos del juego ir\u00e1n abriendo las puertas de un misterio que acabar\u00e1 por envolver a todos sus protagonistas.<\/p>\n<p>La tabla de Flandes es un apasionante juego de trampas e inversiones -pintura, m\u00fasica, literatura, historia, l\u00f3gica matem\u00e1tica- que Arturo P\u00e9rez-Reverte encaja con diab\u00f3lica destreza.<\/p>\n<p>&nbsp;<\/p>\n<p><strong>Autor:<\/strong> Perez Reverte, Arturo<br \/>\n<strong>Editorial:<\/strong> Alfaguara<br \/>\n<strong>P\u00e1ginas:<\/strong> 412<br \/>\n<strong>Peso:<\/strong> 510 gramos<br \/>\n<strong>Formato:<\/strong> R\u00fastica<br \/>\n<strong>Edici\u00f3n:<\/strong> 2008<br \/>\n<strong>Idioma:<\/strong> Castellano<br \/>\n<strong>ISBN:<\/strong> 9789870410195<\/p>\n<p>&nbsp;<\/p>\n<p><strong>CONSULT\u00c1 PRECIO Y DISPONIBILIDAD A NUESTRO MAIL:<\/strong>\u00a0<a href=\"mailto:lagatasibilah@gmail.com\">lagatasibilah@gmail.com<\/a><\/p>\n","protected":false},"featured_media":581,"comment_status":"open","ping_status":"closed","template":"","meta":{"_acf_changed":false},"product_brand":[],"product_cat":[30],"product_tag":[],"class_list":{"0":"post-580","1":"product","2":"type-product","3":"status-publish","4":"has-post-thumbnail","6":"product_cat-novela","8":"first","9":"outofstock","10":"shipping-taxable","11":"product-type-simple"},"acf":[],"jetpack_sharing_enabled":true,"_links":{"self":[{"href":"https:\/\/www.lagatasibilah.com\/index.php\/wp-json\/wp\/v2\/product\/580","targetHints":{"allow":["GET"]}}],"collection":[{"href":"https:\/\/www.lagatasibilah.com\/index.php\/wp-json\/wp\/v2\/product"}],"about":[{"href":"https:\/\/www.lagatasibilah.com\/index.php\/wp-json\/wp\/v2\/types\/product"}],"replies":[{"embeddable":true,"href":"https:\/\/www.lagatasibilah.com\/index.php\/wp-json\/wp\/v2\/comments?post=580"}],"wp:featuredmedia":[{"embeddable":true,"href":"https:\/\/www.lagatasibilah.com\/index.php\/wp-json\/wp\/v2\/media\/581"}],"wp:attachment":[{"href":"https:\/\/www.lagatasibilah.com\/index.php\/wp-json\/wp\/v2\/media?parent=580"}],"wp:term":[{"taxonomy":"product_brand","embeddable":true,"href":"https:\/\/www.lagatasibilah.com\/index.php\/wp-json\/wp\/v2\/product_brand?post=580"},{"taxonomy":"product_cat","embeddable":true,"href":"https:\/\/www.lagatasibilah.com\/index.php\/wp-json\/wp\/v2\/product_cat?post=580"},{"taxonomy":"product_tag","embeddable":true,"href":"https:\/\/www.lagatasibilah.com\/index.php\/wp-json\/wp\/v2\/product_tag?post=580"}],"curies":[{"name":"wp","href":"https:\/\/api.w.org\/{rel}","templated":true}]}}