{"id":491,"date":"2017-07-03T16:54:57","date_gmt":"2017-07-03T19:54:57","guid":{"rendered":"http:\/\/www.lagatasibilah.com\/?post_type=product&#038;p=491"},"modified":"2017-07-03T16:54:57","modified_gmt":"2017-07-03T19:54:57","slug":"carne-viva","status":"publish","type":"product","link":"https:\/\/www.lagatasibilah.com\/index.php\/product\/carne-viva\/","title":{"rendered":"Carne viva"},"content":{"rendered":"","protected":false},"excerpt":{"rendered":"<p>La frase de Vera Giaconi, n\u00edtida, sustantiva y tajante, compone escenarios y personajes en el mismo curso y cuando ha vuelto la situaci\u00f3n palpable deja que su propia tensi\u00f3n la resquebraje. Estos cuentos, variaciones de la mujer an\u00f3mala en las sombr\u00edas repeticiones de la vida privada media, est\u00e1n hechos de transiciones resbaladizas y di\u00e1logos imprudentes: cuando los sentimientos pasan a la conciencia la frase ya los delat\u00f3 y otra frase viene a consumirlos. De este r\u00e1pido desgaste surge un clima de vigilia inmanejable, si se quiere de ilusi\u00f3n incauta que hoy todos conocemos por experiencia propia pero no todos sabemos describir.<\/p>\n<p>Vera Giaconi no esconde su trato con una corriente de narradoras anglosajonas que desde hace muchas d\u00e9cadas vienen poniendo el realismo en ascuas### que se remonta a Flennery O\u00b4Connor y Eudora Welty, pero tambi\u00e9n a Katherine Manfield, y hoy sigue siendo pr\u00f3diga. Es una tradici\u00f3n que ha dado a la literatura no menos perspectivas y al lector no menos amplitud (e inquietudes) que la gran narrativa experimental. En realidad tambi\u00e9n experimenta, pero de otra manera: sabiendo que, si no es posible contra la realidad, es muy posible describir bien con qu\u00e9 grado loco de error, de horror o de acierto la percibimos.<\/p>\n<p>&nbsp;<\/p>\n<p><strong>Autor:<\/strong> Giaconi, Vera<br \/>\n<strong>Editorial:<\/strong> ETERNA CADENCIA<br \/>\n<strong>Paginas:<\/strong> 106<br \/>\n<strong>Idioma:<\/strong> Espa\u00f1ol<br \/>\n<strong>Peso:<\/strong> 156 gramos<br \/>\n<strong>Encuadernaci\u00f3n:<\/strong> Tapa blanda<br \/>\n<strong>ISBN<\/strong> 9789871673445<\/p>\n<p>&nbsp;<\/p>\n<div class=\"woocommerce-product-details__short-description\">\n<p><strong>CONSULT\u00c1 PRECIO Y DISPONIBILIDAD A NUESTRO MAIL:<\/strong>\u00a0<a href=\"mailto:lagatasibilah@gmail.com\">lagatasibilah@gmail.com<\/a><\/p>\n<\/div>\n<div><\/div>\n","protected":false},"featured_media":492,"comment_status":"open","ping_status":"closed","template":"","meta":{"_acf_changed":false},"product_brand":[],"product_cat":[31],"product_tag":[],"class_list":{"0":"post-491","1":"product","2":"type-product","3":"status-publish","4":"has-post-thumbnail","6":"product_cat-cuentos","8":"first","9":"instock","10":"shipping-taxable","11":"product-type-simple"},"acf":[],"jetpack_sharing_enabled":true,"_links":{"self":[{"href":"https:\/\/www.lagatasibilah.com\/index.php\/wp-json\/wp\/v2\/product\/491","targetHints":{"allow":["GET"]}}],"collection":[{"href":"https:\/\/www.lagatasibilah.com\/index.php\/wp-json\/wp\/v2\/product"}],"about":[{"href":"https:\/\/www.lagatasibilah.com\/index.php\/wp-json\/wp\/v2\/types\/product"}],"replies":[{"embeddable":true,"href":"https:\/\/www.lagatasibilah.com\/index.php\/wp-json\/wp\/v2\/comments?post=491"}],"wp:featuredmedia":[{"embeddable":true,"href":"https:\/\/www.lagatasibilah.com\/index.php\/wp-json\/wp\/v2\/media\/492"}],"wp:attachment":[{"href":"https:\/\/www.lagatasibilah.com\/index.php\/wp-json\/wp\/v2\/media?parent=491"}],"wp:term":[{"taxonomy":"product_brand","embeddable":true,"href":"https:\/\/www.lagatasibilah.com\/index.php\/wp-json\/wp\/v2\/product_brand?post=491"},{"taxonomy":"product_cat","embeddable":true,"href":"https:\/\/www.lagatasibilah.com\/index.php\/wp-json\/wp\/v2\/product_cat?post=491"},{"taxonomy":"product_tag","embeddable":true,"href":"https:\/\/www.lagatasibilah.com\/index.php\/wp-json\/wp\/v2\/product_tag?post=491"}],"curies":[{"name":"wp","href":"https:\/\/api.w.org\/{rel}","templated":true}]}}