{"id":478,"date":"2017-07-03T16:09:30","date_gmt":"2017-07-03T19:09:30","guid":{"rendered":"http:\/\/www.lagatasibilah.com\/?post_type=product&#038;p=478"},"modified":"2017-07-03T16:16:54","modified_gmt":"2017-07-03T19:16:54","slug":"un-cementerio-perfecto","status":"publish","type":"product","link":"https:\/\/www.lagatasibilah.com\/index.php\/product\/un-cementerio-perfecto\/","title":{"rendered":"Un cementerio perfecto"},"content":{"rendered":"","protected":false},"excerpt":{"rendered":"<p>Con este libro, Federico Falco vuelve a confirmar su posici\u00f3n como una de las voces m\u00e1s originales y contundentes de la literatura argentina contempor\u00e1nea.<\/p>\n<p>En la monta\u00f1a, el bosque o en medio de la siesta, sus personajes se descubren, en m\u00e1s de un sentido, a la intemperie. El rey de las liebres pasa sus d\u00edas oculto en las sierras, en su cueva o frente al altar que construy\u00f3 con huesos de lebratos. Silvi necesita deshacerse de su fe para entender el desasosiego que la rebela. El m\u00e1s grande dise\u00f1ador de cementerios encuentra el lugar ideal para su obra maestra, esa por la cual ser\u00e1 recordado, una colina perfecta en un pueblo ignoto. Mabel y su padre, luego de a\u00f1os de vivir en el pinar, deben abandonar su casa porque pronto las motosierras arrasar\u00e1n tambi\u00e9n con ellos. Mientras, la se\u00f1ora Kim, en medio de una tormenta de nieve y el r\u00edo congelado cree entender qu\u00e9 le quiso decir su marido en ese sue\u00f1o tan extra\u00f1o.<\/p>\n<p>Una colecci\u00f3n de cuentos extraordinarios, que encuentran su m\u00e1xima potencia en la calma de su ritmo y envuelven al lector tan intensamente que el efecto perdura a\u00fan mucho despu\u00e9s de leerlos.<\/p>\n<p>&nbsp;<\/p>\n<p><strong>Autor: <\/strong>Falco, Federico<br \/>\n<strong>Editorial:<\/strong> ETERNA CADENCIA<br \/>\n<strong>Edici\u00f3n:<\/strong> 2016<br \/>\n<strong>Idioma:<\/strong> Espa\u00f1ol<br \/>\n<strong>Peso: <\/strong>400 gramos<br \/>\n<strong>Encuadernaci\u00f3n:<\/strong> Tapa blanda<br \/>\n<strong>ISBN:<\/strong> 9789877120967<\/p>\n<p>&nbsp;<\/p>\n<p><strong>CONSULT\u00c1 PRECIO Y DISPONIBILIDAD A NUESTRO MAIL:<\/strong>\u00a0<a href=\"mailto:lagatasibilah@gmail.com\">lagatasibilah@gmail.com<\/a><\/p>\n","protected":false},"featured_media":482,"comment_status":"open","ping_status":"closed","template":"","meta":{"_acf_changed":false},"product_brand":[],"product_cat":[31],"product_tag":[],"class_list":{"0":"post-478","1":"product","2":"type-product","3":"status-publish","4":"has-post-thumbnail","6":"product_cat-cuentos","8":"first","9":"instock","10":"shipping-taxable","11":"product-type-simple"},"acf":[],"jetpack_sharing_enabled":true,"_links":{"self":[{"href":"https:\/\/www.lagatasibilah.com\/index.php\/wp-json\/wp\/v2\/product\/478","targetHints":{"allow":["GET"]}}],"collection":[{"href":"https:\/\/www.lagatasibilah.com\/index.php\/wp-json\/wp\/v2\/product"}],"about":[{"href":"https:\/\/www.lagatasibilah.com\/index.php\/wp-json\/wp\/v2\/types\/product"}],"replies":[{"embeddable":true,"href":"https:\/\/www.lagatasibilah.com\/index.php\/wp-json\/wp\/v2\/comments?post=478"}],"wp:featuredmedia":[{"embeddable":true,"href":"https:\/\/www.lagatasibilah.com\/index.php\/wp-json\/wp\/v2\/media\/482"}],"wp:attachment":[{"href":"https:\/\/www.lagatasibilah.com\/index.php\/wp-json\/wp\/v2\/media?parent=478"}],"wp:term":[{"taxonomy":"product_brand","embeddable":true,"href":"https:\/\/www.lagatasibilah.com\/index.php\/wp-json\/wp\/v2\/product_brand?post=478"},{"taxonomy":"product_cat","embeddable":true,"href":"https:\/\/www.lagatasibilah.com\/index.php\/wp-json\/wp\/v2\/product_cat?post=478"},{"taxonomy":"product_tag","embeddable":true,"href":"https:\/\/www.lagatasibilah.com\/index.php\/wp-json\/wp\/v2\/product_tag?post=478"}],"curies":[{"name":"wp","href":"https:\/\/api.w.org\/{rel}","templated":true}]}}