{"id":1413,"date":"2019-04-18T12:23:49","date_gmt":"2019-04-18T15:23:49","guid":{"rendered":"http:\/\/www.lagatasibilah.com\/?post_type=product&#038;p=1413"},"modified":"2019-04-18T12:23:50","modified_gmt":"2019-04-18T15:23:50","slug":"moronga","status":"publish","type":"product","link":"https:\/\/www.lagatasibilah.com\/index.php\/product\/moronga\/","title":{"rendered":"Moronga"},"content":{"rendered":"","protected":false},"excerpt":{"rendered":"<p><b>Un imprescindible de la literatura latinoamericana.\u00a0<i>Horacio Castellanos Moya\u00a0<\/i>es una de las voces m\u00e1s provocadoras, originales y relevantes de la generaci\u00f3n de Bola\u00f1o.<\/b><\/p>\n<p>&nbsp;<\/p>\n<p align=\"JUSTIFY\">Jos\u00e9 Zeled\u00f3n, hombre silencioso y hura\u00f1o, vive atormentado por su violento pasado. Tras huir de El Salvador con una nueva identidad despu\u00e9s de la guerra civil, ha logrado pasar desapercibido durante a\u00f1os en Estados Unidos. Ahora debe dejar atr\u00e1s Texas y empezar de nuevo en Wisconsin, donde un antiguo compa\u00f1ero de la guerrilla le ha conseguido una habitaci\u00f3n amueblada en la ciudad universitaria de Merlow City y un trabajo de conductor de autob\u00fas escolar. Su anodina nueva vida se ver\u00e1 alterada al descubrir que otro compatriota salvadore\u00f1o, el experiodista Erasmo Arag\u00f3n, ejerce como profesor en el Merlow College mientras busca esclarecer la muerte del poeta revolucionario Roque Dalton.<\/p>\n<p align=\"JUSTIFY\"><b>Castellanos Moya<\/b>\u00a0es uno de los autores m\u00e1s incisivos y singulares de su generaci\u00f3n y el \u00fanico que, seg\u00fan Roberto Bola\u00f1o, ha sabido narrar \u00abel horror, el Vietnam secreto que durante mucho tiempo fue Latinoam\u00e9rica\u00bb. Al igual que otros personajes de\u00a0<i><b>Moronga<\/b><\/i>, Zeled\u00f3n y Arag\u00f3n son supervivientes del horror, seres paranoicos y en permanente estado de alerta. Ambos nos cuentan en primera persona historias en las que asoma su pasado, la guerrilla y el narco, mientras el autor entreteje una intrincada telara\u00f1a de violencia que atrapa al lector hasta alcanzar un trepidante final en el que todos los caminos se unen.<\/p>\n<p>&nbsp;<\/p>\n<p><strong>FICHA T\u00c9CNICA:<\/strong><br \/>\n<strong> T\u00edtulo:<\/strong> Moronga<br \/>\n<strong>Autor (es):<\/strong> Horacio Castellanos Moya<br \/>\n<strong>Sello:<\/strong> LITERATURA RANDOM HOUSE<br \/>\n<strong>Fecha publicaci\u00f3n:<\/strong> 07\/2018<br \/>\n<strong>Idioma:<\/strong> Espa\u00f1ol<br \/>\n<strong>Formato, p\u00e1ginas:<\/strong> R\u00daSTICA, 336<br \/>\n<strong>Medidas:<\/strong> 13,5 X 23 mm<br \/>\n<strong>ISBN:<\/strong> 9788439734055<br \/>\n<strong>Tem\u00e1ticas:<\/strong> Novela literaria, Literatura hisp\u00e1nica<br \/>\n<strong>Colecci\u00f3n:<\/strong> Literatura Random House<br \/>\n<strong>Edad recomendada:<\/strong> Adulto<br \/>\n<strong>CONSULT\u00c1 PRECIO Y DISPONIBILIDAD A NUESTRO MAIL:<\/strong>\u00a0<a href=\"mailto:lagatasibilah@gmail.com\">lagatasibilah@gmail.com<\/a><\/p>\n<p>&nbsp;<\/p>\n","protected":false},"featured_media":1404,"comment_status":"open","ping_status":"closed","template":"","meta":{"_acf_changed":false},"product_brand":[],"product_cat":[30],"product_tag":[],"class_list":{"0":"post-1413","1":"product","2":"type-product","3":"status-publish","4":"has-post-thumbnail","6":"product_cat-novela","8":"first","9":"instock","10":"shipping-taxable","11":"product-type-simple"},"acf":[],"jetpack_sharing_enabled":true,"_links":{"self":[{"href":"https:\/\/www.lagatasibilah.com\/index.php\/wp-json\/wp\/v2\/product\/1413","targetHints":{"allow":["GET"]}}],"collection":[{"href":"https:\/\/www.lagatasibilah.com\/index.php\/wp-json\/wp\/v2\/product"}],"about":[{"href":"https:\/\/www.lagatasibilah.com\/index.php\/wp-json\/wp\/v2\/types\/product"}],"replies":[{"embeddable":true,"href":"https:\/\/www.lagatasibilah.com\/index.php\/wp-json\/wp\/v2\/comments?post=1413"}],"wp:featuredmedia":[{"embeddable":true,"href":"https:\/\/www.lagatasibilah.com\/index.php\/wp-json\/wp\/v2\/media\/1404"}],"wp:attachment":[{"href":"https:\/\/www.lagatasibilah.com\/index.php\/wp-json\/wp\/v2\/media?parent=1413"}],"wp:term":[{"taxonomy":"product_brand","embeddable":true,"href":"https:\/\/www.lagatasibilah.com\/index.php\/wp-json\/wp\/v2\/product_brand?post=1413"},{"taxonomy":"product_cat","embeddable":true,"href":"https:\/\/www.lagatasibilah.com\/index.php\/wp-json\/wp\/v2\/product_cat?post=1413"},{"taxonomy":"product_tag","embeddable":true,"href":"https:\/\/www.lagatasibilah.com\/index.php\/wp-json\/wp\/v2\/product_tag?post=1413"}],"curies":[{"name":"wp","href":"https:\/\/api.w.org\/{rel}","templated":true}]}}