{"id":1410,"date":"2019-04-18T11:02:42","date_gmt":"2019-04-18T14:02:42","guid":{"rendered":"http:\/\/www.lagatasibilah.com\/?post_type=product&#038;p=1410"},"modified":"2019-04-18T11:02:43","modified_gmt":"2019-04-18T14:02:43","slug":"el-asco","status":"publish","type":"product","link":"https:\/\/www.lagatasibilah.com\/index.php\/product\/el-asco\/","title":{"rendered":"El asco"},"content":{"rendered":"","protected":false},"excerpt":{"rendered":"<p align=\"JUSTIFY\"><b><i>El asco<\/i><\/b>, una de las novelas m\u00e1s celebradas de\u00a0<b>Horacio Castellanos Moya<\/b>, es sin duda la m\u00e1s controvertida de toda su producci\u00f3n y aquella por la que los lectores de su pa\u00eds lo recordar\u00e1n siempre. En sus p\u00e1ginas, el autor se propuso &#8220;hacer una demolici\u00f3n cultural y pol\u00edtica de San Salvador, al igual que Thomas Bernhard la hab\u00eda hecho de Salzburgo&#8221;, y el resultado es una obra extraordinariamente incisiva y mordaz, un ajuste de cuentas y una cr\u00edtica feroz a su pa\u00eds, por la que recibi\u00f3 amenazas de muerte que lo forzaron a emprender el camino del exilio.<\/p>\n<p align=\"JUSTIFY\">Tras la reciente muerte de su madre, el profesor Edgardo Vega regresa a El Salvador despu\u00e9s de dieciocho a\u00f1os de exilio en Canad\u00e1. Para Vega, retornar a su pa\u00eds natal significa tener que enfrentarse a una patria que le resulta despreciable, repulsiva e ignorante, un lugar que solo es capaz de provocarle n\u00e1useas y el m\u00e1s alto grado de ansiedad. Todo esto le cuenta Vega a Moya, un antiguo compa\u00f1ero de escuela, y llega a nosotros en la forma de un mon\u00f3logo torrencial en el que el profesor arremete contra todo y contra todos, en una cr\u00edtica feroz y despiadada de la que no se salva nada ni nadie, ni siquiera su propia familia.<\/p>\n<p align=\"JUSTIFY\"><em>\u00abUn escritor intenso, cuyas novelas cortas se adue\u00f1an con s\u00e1tira y ferocidad de un concepto ficcional hasta exprimirlo una y otra vez.\u00bb\u00a0<\/em><b><i>James Wood, The New Yorker<\/i><\/b><\/p>\n<p>&nbsp;<\/p>\n<p><strong>FICHA T\u00c9CNICA:<\/strong><br \/>\n<strong> T\u00edtulo:<\/strong> El asco<br \/>\n<strong>Autor (es):<\/strong> Horacio Castellanos Moya<br \/>\n<strong>Sello:<\/strong> LITERATURA RANDOM HOUSE<br \/>\n<strong>Fecha publicaci\u00f3n:<\/strong> 08\/2018<br \/>\n<strong>Idioma:<\/strong> Espa\u00f1ol<br \/>\n<strong>Formato, p\u00e1ginas:<\/strong> R\u00daSTICA, 112<br \/>\n<strong>Medidas:<\/strong> 13.5 X 23 mm<br \/>\n<strong>ISBN:<\/strong> 9789877690132<br \/>\n<strong>Tem\u00e1ticas:<\/strong> Novela literaria, Literatura hisp\u00e1nica<br \/>\n<strong>Colecci\u00f3n:<\/strong> Literatura Random House<br \/>\n<strong>Edad recomendada:<\/strong> Adultos<\/p>\n<p>&nbsp;<\/p>\n<p><strong>CONSULT\u00c1 PRECIO Y DISPONIBILIDAD A NUESTRO MAIL:<\/strong>\u00a0<a href=\"mailto:lagatasibilah@gmail.com\">lagatasibilah@gmail.com<\/a><\/p>\n<p>&nbsp;<\/p>\n","protected":false},"featured_media":1407,"comment_status":"open","ping_status":"closed","template":"","meta":{"_acf_changed":false},"product_brand":[],"product_cat":[30],"product_tag":[],"class_list":{"0":"post-1410","1":"product","2":"type-product","3":"status-publish","4":"has-post-thumbnail","6":"product_cat-novela","8":"first","9":"instock","10":"shipping-taxable","11":"product-type-simple"},"acf":[],"jetpack_sharing_enabled":true,"_links":{"self":[{"href":"https:\/\/www.lagatasibilah.com\/index.php\/wp-json\/wp\/v2\/product\/1410","targetHints":{"allow":["GET"]}}],"collection":[{"href":"https:\/\/www.lagatasibilah.com\/index.php\/wp-json\/wp\/v2\/product"}],"about":[{"href":"https:\/\/www.lagatasibilah.com\/index.php\/wp-json\/wp\/v2\/types\/product"}],"replies":[{"embeddable":true,"href":"https:\/\/www.lagatasibilah.com\/index.php\/wp-json\/wp\/v2\/comments?post=1410"}],"wp:featuredmedia":[{"embeddable":true,"href":"https:\/\/www.lagatasibilah.com\/index.php\/wp-json\/wp\/v2\/media\/1407"}],"wp:attachment":[{"href":"https:\/\/www.lagatasibilah.com\/index.php\/wp-json\/wp\/v2\/media?parent=1410"}],"wp:term":[{"taxonomy":"product_brand","embeddable":true,"href":"https:\/\/www.lagatasibilah.com\/index.php\/wp-json\/wp\/v2\/product_brand?post=1410"},{"taxonomy":"product_cat","embeddable":true,"href":"https:\/\/www.lagatasibilah.com\/index.php\/wp-json\/wp\/v2\/product_cat?post=1410"},{"taxonomy":"product_tag","embeddable":true,"href":"https:\/\/www.lagatasibilah.com\/index.php\/wp-json\/wp\/v2\/product_tag?post=1410"}],"curies":[{"name":"wp","href":"https:\/\/api.w.org\/{rel}","templated":true}]}}